{"id":629286,"date":"2024-10-02T15:07:35","date_gmt":"2024-10-02T15:07:35","guid":{"rendered":"https:\/\/aukinkochile.com\/web\/producto\/encaje-madera-pinguino\/"},"modified":"2025-11-06T18:59:29","modified_gmt":"2025-11-06T18:59:29","slug":"encaje-madera-pinguino","status":"publish","type":"product","link":"https:\/\/aukinkochile.com\/web\/producto\/encaje-madera-pinguino\/","title":{"rendered":"Encaje Madera Ping\u00fcino"},"content":{"rendered":"<p>Hermoso encaje de madera con el que los ni\u00f1os y ni\u00f1as podr\u00e1n pasar horas de diversi\u00f3n mientras desarrollan sus habilidades motoras, la coordinaci\u00f3n mano-ojo, la observaci\u00f3n, la comparaci\u00f3n de tama\u00f1os y mucho mas. De material suave y resistente.<\/p>\n<p><p><strong>Material : <\/strong> Madera<\/p>\n<p><strong>C\u00f3digo Aukinko : <\/strong> 18-244205<\/p>\n<p><strong>C\u00f3digo Convenio Marco : <\/strong> x<\/p>\n","protected":false},"excerpt":{"rendered":"<p>Hermoso encaje de madera con el que los ni\u00f1os y ni\u00f1as podr\u00e1n pasar horas de diversi\u00f3n mientras desarrollan sus habilidades motoras, la coordinaci\u00f3n mano-ojo, la observaci\u00f3n, la comparaci\u00f3n de tama\u00f1os y mucho mas. De material suave y resistente. Material : Madera C\u00f3digo Aukinko : 18-244205 C\u00f3digo Convenio Marco : x<\/p>\n","protected":false},"featured_media":624757,"comment_status":"open","ping_status":"closed","template":"","meta":{"_et_pb_use_builder":"","_et_pb_old_content":"","_et_gb_content_width":""},"product_brand":[],"product_cat":[91,19,20],"product_tag":[],"class_list":{"0":"post-629286","1":"product","2":"type-product","3":"status-publish","4":"has-post-thumbnail","6":"product_cat-accesorios-sala","7":"product_cat-construccion","8":"product_cat-motricidad-fina","9":"pa_edad-0-a-1-ano","10":"pa_marca-polar","11":"pa_medidas-21-x-6-x-10-cm","13":"first","14":"instock","15":"shipping-taxable","16":"purchasable","17":"product-type-simple"},"aioseo_notices":[],"_links":{"self":[{"href":"https:\/\/aukinkochile.com\/web\/wp-json\/wp\/v2\/product\/629286","targetHints":{"allow":["GET"]}}],"collection":[{"href":"https:\/\/aukinkochile.com\/web\/wp-json\/wp\/v2\/product"}],"about":[{"href":"https:\/\/aukinkochile.com\/web\/wp-json\/wp\/v2\/types\/product"}],"replies":[{"embeddable":true,"href":"https:\/\/aukinkochile.com\/web\/wp-json\/wp\/v2\/comments?post=629286"}],"wp:featuredmedia":[{"embeddable":true,"href":"https:\/\/aukinkochile.com\/web\/wp-json\/wp\/v2\/media\/624757"}],"wp:attachment":[{"href":"https:\/\/aukinkochile.com\/web\/wp-json\/wp\/v2\/media?parent=629286"}],"wp:term":[{"taxonomy":"product_brand","embeddable":true,"href":"https:\/\/aukinkochile.com\/web\/wp-json\/wp\/v2\/product_brand?post=629286"},{"taxonomy":"product_cat","embeddable":true,"href":"https:\/\/aukinkochile.com\/web\/wp-json\/wp\/v2\/product_cat?post=629286"},{"taxonomy":"product_tag","embeddable":true,"href":"https:\/\/aukinkochile.com\/web\/wp-json\/wp\/v2\/product_tag?post=629286"}],"curies":[{"name":"wp","href":"https:\/\/api.w.org\/{rel}","templated":true}]}}