{"id":629257,"date":"2024-10-02T15:07:21","date_gmt":"2024-10-02T15:07:21","guid":{"rendered":"https:\/\/aukinkochile.com\/web\/producto\/tangram-soft\/"},"modified":"2024-12-05T16:16:10","modified_gmt":"2024-12-05T16:16:10","slug":"tangram-soft","status":"publish","type":"product","link":"https:\/\/aukinkochile.com\/web\/producto\/tangram-soft\/","title":{"rendered":"Tangram Soft"},"content":{"rendered":"<p>7 piezas de tangram soft de pl\u00e1stico suave, agradable y seguro para que los ni\u00f1os aprendan las caracter\u00edsticas de cada una de las formas tangram, formas congruentes y similares, simetr\u00eda, \u00e1ngulos, \u00e1reas y fracciones. 4 colores diferentes.<\/p>\n<p><p><strong>Material : <\/strong> Pl\u00e1stico<\/p>\n<p><strong>C\u00f3digo Aukinko : <\/strong> 14-923535<\/p>\n<p><strong>C\u00f3digo Convenio Marco : <\/strong> x<\/p>\n","protected":false},"excerpt":{"rendered":"<p>7 piezas de tangram soft de pl\u00e1stico suave, agradable y seguro para que los ni\u00f1os aprendan las caracter\u00edsticas de cada una de las formas tangram, formas congruentes y similares, simetr\u00eda, \u00e1ngulos, \u00e1reas y fracciones. 4 colores diferentes. Material : Pl\u00e1stico C\u00f3digo Aukinko : 14-923535 C\u00f3digo Convenio Marco : x<\/p>\n","protected":false},"featured_media":627931,"comment_status":"open","ping_status":"closed","template":"","meta":{"_et_pb_use_builder":"","_et_pb_old_content":"","_et_gb_content_width":""},"product_brand":[],"product_cat":[91,150,149],"product_tag":[],"class_list":{"0":"post-629257","1":"product","2":"type-product","3":"status-publish","4":"has-post-thumbnail","6":"product_cat-accesorios-sala","7":"product_cat-asociacion-y-logica","8":"product_cat-juegos-de-mesa","9":"pa_edad-4-a-5-anos","10":"pa_edad-5-a-6-anos","11":"pa_edad-6-a-8-anos","12":"pa_marca-edx","13":"pa_medidas-10-x-10-x-0","14":"pa_medidas-2-c-d-pz","16":"first","17":"instock","18":"shipping-taxable","19":"purchasable","20":"product-type-simple"},"aioseo_notices":[],"_links":{"self":[{"href":"https:\/\/aukinkochile.com\/web\/wp-json\/wp\/v2\/product\/629257","targetHints":{"allow":["GET"]}}],"collection":[{"href":"https:\/\/aukinkochile.com\/web\/wp-json\/wp\/v2\/product"}],"about":[{"href":"https:\/\/aukinkochile.com\/web\/wp-json\/wp\/v2\/types\/product"}],"replies":[{"embeddable":true,"href":"https:\/\/aukinkochile.com\/web\/wp-json\/wp\/v2\/comments?post=629257"}],"wp:featuredmedia":[{"embeddable":true,"href":"https:\/\/aukinkochile.com\/web\/wp-json\/wp\/v2\/media\/627931"}],"wp:attachment":[{"href":"https:\/\/aukinkochile.com\/web\/wp-json\/wp\/v2\/media?parent=629257"}],"wp:term":[{"taxonomy":"product_brand","embeddable":true,"href":"https:\/\/aukinkochile.com\/web\/wp-json\/wp\/v2\/product_brand?post=629257"},{"taxonomy":"product_cat","embeddable":true,"href":"https:\/\/aukinkochile.com\/web\/wp-json\/wp\/v2\/product_cat?post=629257"},{"taxonomy":"product_tag","embeddable":true,"href":"https:\/\/aukinkochile.com\/web\/wp-json\/wp\/v2\/product_tag?post=629257"}],"curies":[{"name":"wp","href":"https:\/\/api.w.org\/{rel}","templated":true}]}}