{"id":629117,"date":"2024-08-09T21:07:22","date_gmt":"2024-08-09T21:07:22","guid":{"rendered":"https:\/\/aukinkochile.com\/web\/producto\/secuencias-maleta-pequenas-historias-1\/"},"modified":"2025-06-26T16:14:44","modified_gmt":"2025-06-26T16:14:44","slug":"secuencias-maleta-pequenas-historias-1","status":"publish","type":"product","link":"https:\/\/aukinkochile.com\/web\/producto\/secuencias-maleta-pequenas-historias-1\/","title":{"rendered":"Secuencias Maleta Peque\u00f1as Historias 1"},"content":{"rendered":"<p>Maleta con 36 fichas de secuencias relacionadas con acciones de la vida cotidiana, h\u00e1bitos de higiene, origen de los alimentos, reciclaje, etc., que permiten la construcci\u00f3n de conocimientos sobre el medio f\u00edsico y social, a partir de experiencias muy cercanas al ni\u00f1o. Estas fichas se insertan en unos marcos que se ordenan sobre el soporte. Incluye 12 series de 3 escenas.<\/p>\n<p><p><strong>Material : <\/strong> Pl\u00e1stico<\/p>\n<p><strong>C\u00f3digo Aukinko : <\/strong> 12-231930<\/p>\n<p><strong>C\u00f3digo Convenio Marco : <\/strong> x<\/p>\n","protected":false},"excerpt":{"rendered":"<p>Maleta con 36 fichas de secuencias relacionadas con acciones de la vida cotidiana, h\u00e1bitos de higiene, origen de los alimentos, reciclaje, etc., que permiten la construcci\u00f3n de conocimientos sobre el medio f\u00edsico y social, a partir de experiencias muy cercanas al ni\u00f1o. Estas fichas se insertan en unos marcos que se ordenan sobre el soporte. [&hellip;]<\/p>\n","protected":false},"featured_media":629116,"comment_status":"open","ping_status":"closed","template":"","meta":{"_et_pb_use_builder":"","_et_pb_old_content":"","_et_gb_content_width":""},"product_brand":[],"product_cat":[150,7385,151],"product_tag":[],"class_list":{"0":"post-629117","1":"product","2":"type-product","3":"status-publish","4":"has-post-thumbnail","6":"product_cat-asociacion-y-logica","7":"product_cat-estimulacion-cognitiva-y-motora-para-adultos-mayores","8":"product_cat-lenguaje","9":"pa_edad-2-a-3-anos","10":"pa_edad-3-a-4-anos","11":"pa_edad-4-a-5-anos","12":"pa_edad-5-a-6-anos","13":"pa_edad-6-a-8-anos","14":"pa_marca-miniland","15":"pa_medidas-38-x-35-x-7-cm-caja","17":"first","18":"instock","19":"shipping-taxable","20":"purchasable","21":"product-type-simple"},"aioseo_notices":[],"_links":{"self":[{"href":"https:\/\/aukinkochile.com\/web\/wp-json\/wp\/v2\/product\/629117","targetHints":{"allow":["GET"]}}],"collection":[{"href":"https:\/\/aukinkochile.com\/web\/wp-json\/wp\/v2\/product"}],"about":[{"href":"https:\/\/aukinkochile.com\/web\/wp-json\/wp\/v2\/types\/product"}],"replies":[{"embeddable":true,"href":"https:\/\/aukinkochile.com\/web\/wp-json\/wp\/v2\/comments?post=629117"}],"wp:featuredmedia":[{"embeddable":true,"href":"https:\/\/aukinkochile.com\/web\/wp-json\/wp\/v2\/media\/629116"}],"wp:attachment":[{"href":"https:\/\/aukinkochile.com\/web\/wp-json\/wp\/v2\/media?parent=629117"}],"wp:term":[{"taxonomy":"product_brand","embeddable":true,"href":"https:\/\/aukinkochile.com\/web\/wp-json\/wp\/v2\/product_brand?post=629117"},{"taxonomy":"product_cat","embeddable":true,"href":"https:\/\/aukinkochile.com\/web\/wp-json\/wp\/v2\/product_cat?post=629117"},{"taxonomy":"product_tag","embeddable":true,"href":"https:\/\/aukinkochile.com\/web\/wp-json\/wp\/v2\/product_tag?post=629117"}],"curies":[{"name":"wp","href":"https:\/\/api.w.org\/{rel}","templated":true}]}}