{"id":629115,"date":"2024-08-09T21:07:21","date_gmt":"2024-08-09T21:07:21","guid":{"rendered":"https:\/\/aukinkochile.com\/web\/producto\/ciencia-videoscopio\/"},"modified":"2025-12-04T19:45:17","modified_gmt":"2025-12-04T19:45:17","slug":"ciencia-videoscopio","status":"publish","type":"product","link":"https:\/\/aukinkochile.com\/web\/producto\/ciencia-videoscopio\/","title":{"rendered":"Ciencia Videoscopio"},"content":{"rendered":"<p>Videoscopio con pantalla. Incluye 1 criadero micro, 2 preparaciones, 10 portaobjetos, 24 etiquetas en blanco, vial de huevos de camar\u00f3n, vial de cloruro de sodio, placa de petri con lupa, probeta de 10 ml, pinzas, cuentagotas, gafas de seguridad, lampara de recambio e instrucciones.<\/p>\n<p><p><strong>Material : <\/strong> Pl\u00e1stico<\/p>\n<p><strong>C\u00f3digo Aukinko : <\/strong> 12-120502<\/p>\n<p><strong>C\u00f3digo Convenio Marco : <\/strong> x<\/p>\n","protected":false},"excerpt":{"rendered":"<p>Videoscopio con pantalla. Incluye 1 criadero micro, 2 preparaciones, 10 portaobjetos, 24 etiquetas en blanco, vial de huevos de camar\u00f3n, vial de cloruro de sodio, placa de petri con lupa, probeta de 10 ml, pinzas, cuentagotas, gafas de seguridad, lampara de recambio e instrucciones. Material : Pl\u00e1stico C\u00f3digo Aukinko : 12-120502 C\u00f3digo Convenio Marco : [&hellip;]<\/p>\n","protected":false},"featured_media":629114,"comment_status":"open","ping_status":"closed","template":"","meta":{"_et_pb_use_builder":"","_et_pb_old_content":"","_et_gb_content_width":""},"product_brand":[],"product_cat":[92],"product_tag":[],"class_list":{"0":"post-629115","1":"product","2":"type-product","3":"status-publish","4":"has-post-thumbnail","6":"product_cat-ciencias","7":"pa_edad-10-anos","8":"pa_marca-edu-science","9":"pa_medidas-36-x-32-x-20-cm-caja","11":"first","12":"instock","13":"shipping-taxable","14":"purchasable","15":"product-type-simple"},"aioseo_notices":[],"_links":{"self":[{"href":"https:\/\/aukinkochile.com\/web\/wp-json\/wp\/v2\/product\/629115","targetHints":{"allow":["GET"]}}],"collection":[{"href":"https:\/\/aukinkochile.com\/web\/wp-json\/wp\/v2\/product"}],"about":[{"href":"https:\/\/aukinkochile.com\/web\/wp-json\/wp\/v2\/types\/product"}],"replies":[{"embeddable":true,"href":"https:\/\/aukinkochile.com\/web\/wp-json\/wp\/v2\/comments?post=629115"}],"wp:featuredmedia":[{"embeddable":true,"href":"https:\/\/aukinkochile.com\/web\/wp-json\/wp\/v2\/media\/629114"}],"wp:attachment":[{"href":"https:\/\/aukinkochile.com\/web\/wp-json\/wp\/v2\/media?parent=629115"}],"wp:term":[{"taxonomy":"product_brand","embeddable":true,"href":"https:\/\/aukinkochile.com\/web\/wp-json\/wp\/v2\/product_brand?post=629115"},{"taxonomy":"product_cat","embeddable":true,"href":"https:\/\/aukinkochile.com\/web\/wp-json\/wp\/v2\/product_cat?post=629115"},{"taxonomy":"product_tag","embeddable":true,"href":"https:\/\/aukinkochile.com\/web\/wp-json\/wp\/v2\/product_tag?post=629115"}],"curies":[{"name":"wp","href":"https:\/\/api.w.org\/{rel}","templated":true}]}}