{"id":629111,"date":"2024-08-09T21:07:18","date_gmt":"2024-08-09T21:07:18","guid":{"rendered":"https:\/\/aukinkochile.com\/web\/producto\/juego-4-manzanas-en-hilera-madera\/"},"modified":"2024-08-09T21:07:19","modified_gmt":"2024-08-09T21:07:19","slug":"juego-4-manzanas-en-hilera-madera","status":"publish","type":"product","link":"https:\/\/aukinkochile.com\/web\/producto\/juego-4-manzanas-en-hilera-madera\/","title":{"rendered":"Juego 4 Manzanas en Hilera Madera"},"content":{"rendered":"<p>Este original juego de 4 en l\u00ednea ser\u00e1 la forma m\u00e1s entretenida de pasar el tiempo. Estimula el desarrollo de estrategias cognitivas de una forma divertida y entretenida para jugar en familia. Fabricado en madera, de material suave y resistente y con el hermoso dise\u00f1o de Vilac. Por las 4 manzanas en l\u00ednea y gana el juego.<\/p>\n<p><p><strong>Material : <\/strong> Madera<\/p>\n<p><strong>C\u00f3digo Aukinko : <\/strong> 10-27608<\/p>\n<p><strong>C\u00f3digo Convenio Marco : <\/strong> x<\/p>\n","protected":false},"excerpt":{"rendered":"<p>Este original juego de 4 en l\u00ednea ser\u00e1 la forma m\u00e1s entretenida de pasar el tiempo. Estimula el desarrollo de estrategias cognitivas de una forma divertida y entretenida para jugar en familia. Fabricado en madera, de material suave y resistente y con el hermoso dise\u00f1o de Vilac. Por las 4 manzanas en l\u00ednea y gana [&hellip;]<\/p>\n","protected":false},"featured_media":626930,"comment_status":"open","ping_status":"closed","template":"","meta":{"_et_pb_use_builder":"","_et_pb_old_content":"","_et_gb_content_width":""},"product_brand":[],"product_cat":[149],"product_tag":[],"class_list":{"0":"post-629111","1":"product","2":"type-product","3":"status-publish","4":"has-post-thumbnail","6":"product_cat-juegos-de-mesa","7":"pa_edad-3-a-4-anos","8":"pa_edad-4-a-5-anos","9":"pa_edad-5-a-6-anos","10":"pa_marca-vilac","11":"pa_medidas-4394","12":"pa_medidas-5-cm","13":"pa_medidas-5-x-6-x-22","15":"first","16":"instock","17":"shipping-taxable","18":"purchasable","19":"product-type-simple"},"aioseo_notices":[],"_links":{"self":[{"href":"https:\/\/aukinkochile.com\/web\/wp-json\/wp\/v2\/product\/629111","targetHints":{"allow":["GET"]}}],"collection":[{"href":"https:\/\/aukinkochile.com\/web\/wp-json\/wp\/v2\/product"}],"about":[{"href":"https:\/\/aukinkochile.com\/web\/wp-json\/wp\/v2\/types\/product"}],"replies":[{"embeddable":true,"href":"https:\/\/aukinkochile.com\/web\/wp-json\/wp\/v2\/comments?post=629111"}],"wp:featuredmedia":[{"embeddable":true,"href":"https:\/\/aukinkochile.com\/web\/wp-json\/wp\/v2\/media\/626930"}],"wp:attachment":[{"href":"https:\/\/aukinkochile.com\/web\/wp-json\/wp\/v2\/media?parent=629111"}],"wp:term":[{"taxonomy":"product_brand","embeddable":true,"href":"https:\/\/aukinkochile.com\/web\/wp-json\/wp\/v2\/product_brand?post=629111"},{"taxonomy":"product_cat","embeddable":true,"href":"https:\/\/aukinkochile.com\/web\/wp-json\/wp\/v2\/product_cat?post=629111"},{"taxonomy":"product_tag","embeddable":true,"href":"https:\/\/aukinkochile.com\/web\/wp-json\/wp\/v2\/product_tag?post=629111"}],"curies":[{"name":"wp","href":"https:\/\/api.w.org\/{rel}","templated":true}]}}