{"id":629106,"date":"2024-08-09T21:07:15","date_gmt":"2024-08-09T21:07:15","guid":{"rendered":"https:\/\/aukinkochile.com\/web\/producto\/peluche-activity-george\/"},"modified":"2025-07-28T16:49:12","modified_gmt":"2025-07-28T16:49:12","slug":"peluche-activity-george","status":"publish","type":"product","link":"https:\/\/aukinkochile.com\/web\/producto\/peluche-activity-george\/","title":{"rendered":"Peluche Activity George"},"content":{"rendered":"<p>Es muy entretenido jugar con George el l\u00e9mur. Una pata para masticar, espejo, anillos y muchas actividades para disfrutar. Peluche liviano, suave y blando de bell\u00edsimo dise\u00f1o.<\/p>\n<p><p><strong>Material : <\/strong> Plush<\/p>\n<p><strong>C\u00f3digo Aukinko : <\/strong> 09-786777<\/p>\n<p><strong>C\u00f3digo Convenio Marco : <\/strong> x<\/p>\n","protected":false},"excerpt":{"rendered":"<p>Es muy entretenido jugar con George el l\u00e9mur. Una pata para masticar, espejo, anillos y muchas actividades para disfrutar. Peluche liviano, suave y blando de bell\u00edsimo dise\u00f1o. Material : Plush C\u00f3digo Aukinko : 09-786777 C\u00f3digo Convenio Marco : x<\/p>\n","protected":false},"featured_media":626880,"comment_status":"open","ping_status":"closed","template":"","meta":{"_et_pb_use_builder":"","_et_pb_old_content":"","_et_gb_content_width":""},"product_brand":[],"product_cat":[212,23],"product_tag":[],"class_list":{"0":"post-629106","1":"product","2":"type-product","3":"status-publish","4":"has-post-thumbnail","6":"product_cat-munecos-y-figuras","7":"product_cat-primeros-anos","8":"pa_edad-0-a-1-ano","9":"pa_edad-1-a-2-anos","10":"pa_marca-lilliputiens","11":"pa_medidas-29-x-22-x-19-cm","13":"first","14":"instock","15":"shipping-taxable","16":"purchasable","17":"product-type-simple"},"aioseo_notices":[],"_links":{"self":[{"href":"https:\/\/aukinkochile.com\/web\/wp-json\/wp\/v2\/product\/629106","targetHints":{"allow":["GET"]}}],"collection":[{"href":"https:\/\/aukinkochile.com\/web\/wp-json\/wp\/v2\/product"}],"about":[{"href":"https:\/\/aukinkochile.com\/web\/wp-json\/wp\/v2\/types\/product"}],"replies":[{"embeddable":true,"href":"https:\/\/aukinkochile.com\/web\/wp-json\/wp\/v2\/comments?post=629106"}],"wp:featuredmedia":[{"embeddable":true,"href":"https:\/\/aukinkochile.com\/web\/wp-json\/wp\/v2\/media\/626880"}],"wp:attachment":[{"href":"https:\/\/aukinkochile.com\/web\/wp-json\/wp\/v2\/media?parent=629106"}],"wp:term":[{"taxonomy":"product_brand","embeddable":true,"href":"https:\/\/aukinkochile.com\/web\/wp-json\/wp\/v2\/product_brand?post=629106"},{"taxonomy":"product_cat","embeddable":true,"href":"https:\/\/aukinkochile.com\/web\/wp-json\/wp\/v2\/product_cat?post=629106"},{"taxonomy":"product_tag","embeddable":true,"href":"https:\/\/aukinkochile.com\/web\/wp-json\/wp\/v2\/product_tag?post=629106"}],"curies":[{"name":"wp","href":"https:\/\/api.w.org\/{rel}","templated":true}]}}