{"id":629103,"date":"2024-08-09T21:07:12","date_gmt":"2024-08-09T21:07:12","guid":{"rendered":"https:\/\/aukinkochile.com\/web\/producto\/alfombra-numeros-tucan\/"},"modified":"2024-08-09T21:07:14","modified_gmt":"2024-08-09T21:07:14","slug":"alfombra-numeros-tucan","status":"publish","type":"product","link":"https:\/\/aukinkochile.com\/web\/producto\/alfombra-numeros-tucan\/","title":{"rendered":"Alfombra N\u00fameros Tuc\u00e1n"},"content":{"rendered":"<p>Hermosa alfombra de excelente calidad y dise\u00f1o. Con un largo de 200 cm y un ancho de 100 cm es ideal para salas cuna y jardines. F\u00e1cil de limpiar y de material suave. Lavable con shampo para alfombras. \u00bfY si jug\u00e1ramos en esta alfombra? \u00a1Cuenta del 1 al 9, sube de rama en rama para llegar al tuc\u00e1n! (Stock limitado, preguntar por si necesita mas de una unidad)<\/p>\n<p><p><strong>Material : <\/strong> Poliamida overlock de 2100 g\/m\u00b2 con resistente tejido sint\u00e9tico.<\/p>\n<p><strong>C\u00f3digo Aukinko : <\/strong> 08-7584920<\/p>\n<p><strong>C\u00f3digo Convenio Marco : <\/strong> x<\/p>\n","protected":false},"excerpt":{"rendered":"<p>Hermosa alfombra de excelente calidad y dise\u00f1o. Con un largo de 200 cm y un ancho de 100 cm es ideal para salas cuna y jardines. F\u00e1cil de limpiar y de material suave. Lavable con shampo para alfombras. \u00bfY si jug\u00e1ramos en esta alfombra? \u00a1Cuenta del 1 al 9, sube de rama en rama para [&hellip;]<\/p>\n","protected":false},"featured_media":629102,"comment_status":"open","ping_status":"closed","template":"","meta":{"_et_pb_use_builder":"","_et_pb_old_content":"","_et_gb_content_width":""},"product_brand":[],"product_cat":[91],"product_tag":[],"class_list":{"0":"post-629103","1":"product","2":"type-product","3":"status-publish","4":"has-post-thumbnail","6":"product_cat-accesorios-sala","7":"pa_edad-0-a-1-ano","8":"pa_edad-1-a-2-anos","9":"pa_edad-2-a-3-anos","10":"pa_edad-3-a-4-anos","11":"pa_edad-4-a-5-anos","12":"pa_edad-5-a-6-anos","13":"pa_edad-6-a-8-anos","14":"pa_marca-wesco","15":"pa_medidas-6-cm","16":"pa_medidas-a-100-cm","17":"pa_medidas-espesor-0","18":"pa_medidas-l-200-cm","20":"first","21":"instock","22":"shipping-taxable","23":"purchasable","24":"product-type-simple"},"aioseo_notices":[],"_links":{"self":[{"href":"https:\/\/aukinkochile.com\/web\/wp-json\/wp\/v2\/product\/629103","targetHints":{"allow":["GET"]}}],"collection":[{"href":"https:\/\/aukinkochile.com\/web\/wp-json\/wp\/v2\/product"}],"about":[{"href":"https:\/\/aukinkochile.com\/web\/wp-json\/wp\/v2\/types\/product"}],"replies":[{"embeddable":true,"href":"https:\/\/aukinkochile.com\/web\/wp-json\/wp\/v2\/comments?post=629103"}],"wp:featuredmedia":[{"embeddable":true,"href":"https:\/\/aukinkochile.com\/web\/wp-json\/wp\/v2\/media\/629102"}],"wp:attachment":[{"href":"https:\/\/aukinkochile.com\/web\/wp-json\/wp\/v2\/media?parent=629103"}],"wp:term":[{"taxonomy":"product_brand","embeddable":true,"href":"https:\/\/aukinkochile.com\/web\/wp-json\/wp\/v2\/product_brand?post=629103"},{"taxonomy":"product_cat","embeddable":true,"href":"https:\/\/aukinkochile.com\/web\/wp-json\/wp\/v2\/product_cat?post=629103"},{"taxonomy":"product_tag","embeddable":true,"href":"https:\/\/aukinkochile.com\/web\/wp-json\/wp\/v2\/product_tag?post=629103"}],"curies":[{"name":"wp","href":"https:\/\/api.w.org\/{rel}","templated":true}]}}