{"id":629101,"date":"2024-08-09T21:07:10","date_gmt":"2024-08-09T21:07:10","guid":{"rendered":"https:\/\/aukinkochile.com\/web\/producto\/alfombra-redonda-campo\/"},"modified":"2024-08-09T21:07:12","modified_gmt":"2024-08-09T21:07:12","slug":"alfombra-redonda-campo","status":"publish","type":"product","link":"https:\/\/aukinkochile.com\/web\/producto\/alfombra-redonda-campo\/","title":{"rendered":"Alfombra Redonda Campo"},"content":{"rendered":"<p>Hermosa alfombra de excelente calidad y dise\u00f1o. Con un di\u00e1metro de 200 cm es ideal para salas cuna y jardines. F\u00e1cil de limpiar y de material suave. Lavable con shampo para alfombras. (Stock limitado, preguntar por si necesita mas de una unidad)<\/p>\n<p><p><strong>Material : <\/strong> Poliamida overlock de 2100 g\/m\u00b2 con resistente tejido sint\u00e9tico.<\/p>\n<p><strong>C\u00f3digo Aukinko : <\/strong> 08-7584890<\/p>\n<p><strong>C\u00f3digo Convenio Marco : <\/strong> x<\/p>\n","protected":false},"excerpt":{"rendered":"<p>Hermosa alfombra de excelente calidad y dise\u00f1o. Con un di\u00e1metro de 200 cm es ideal para salas cuna y jardines. F\u00e1cil de limpiar y de material suave. Lavable con shampo para alfombras. (Stock limitado, preguntar por si necesita mas de una unidad) Material : Poliamida overlock de 2100 g\/m\u00b2 con resistente tejido sint\u00e9tico. C\u00f3digo Aukinko [&hellip;]<\/p>\n","protected":false},"featured_media":629100,"comment_status":"open","ping_status":"closed","template":"","meta":{"_et_pb_use_builder":"","_et_pb_old_content":"","_et_gb_content_width":""},"product_brand":[],"product_cat":[91],"product_tag":[],"class_list":{"0":"post-629101","1":"product","2":"type-product","3":"status-publish","4":"has-post-thumbnail","6":"product_cat-accesorios-sala","7":"pa_edad-0-a-1-ano","8":"pa_edad-1-a-2-anos","9":"pa_edad-2-a-3-anos","10":"pa_edad-3-a-4-anos","11":"pa_edad-4-a-5-anos","12":"pa_edad-5-a-6-anos","13":"pa_edad-6-a-8-anos","14":"pa_marca-wesco","15":"pa_medidas-200-cm-diametro","16":"pa_medidas-6-cm-espesor","18":"first","19":"instock","20":"shipping-taxable","21":"purchasable","22":"product-type-simple"},"aioseo_notices":[],"_links":{"self":[{"href":"https:\/\/aukinkochile.com\/web\/wp-json\/wp\/v2\/product\/629101","targetHints":{"allow":["GET"]}}],"collection":[{"href":"https:\/\/aukinkochile.com\/web\/wp-json\/wp\/v2\/product"}],"about":[{"href":"https:\/\/aukinkochile.com\/web\/wp-json\/wp\/v2\/types\/product"}],"replies":[{"embeddable":true,"href":"https:\/\/aukinkochile.com\/web\/wp-json\/wp\/v2\/comments?post=629101"}],"wp:featuredmedia":[{"embeddable":true,"href":"https:\/\/aukinkochile.com\/web\/wp-json\/wp\/v2\/media\/629100"}],"wp:attachment":[{"href":"https:\/\/aukinkochile.com\/web\/wp-json\/wp\/v2\/media?parent=629101"}],"wp:term":[{"taxonomy":"product_brand","embeddable":true,"href":"https:\/\/aukinkochile.com\/web\/wp-json\/wp\/v2\/product_brand?post=629101"},{"taxonomy":"product_cat","embeddable":true,"href":"https:\/\/aukinkochile.com\/web\/wp-json\/wp\/v2\/product_cat?post=629101"},{"taxonomy":"product_tag","embeddable":true,"href":"https:\/\/aukinkochile.com\/web\/wp-json\/wp\/v2\/product_tag?post=629101"}],"curies":[{"name":"wp","href":"https:\/\/api.w.org\/{rel}","templated":true}]}}