{"id":629093,"date":"2024-08-09T21:07:04","date_gmt":"2024-08-09T21:07:04","guid":{"rendered":"https:\/\/aukinkochile.com\/web\/producto\/manualidades-raspar-cartas-animales\/"},"modified":"2025-11-06T18:42:52","modified_gmt":"2025-11-06T18:42:52","slug":"manualidades-raspar-cartas-animales","status":"publish","type":"product","link":"https:\/\/aukinkochile.com\/web\/producto\/manualidades-raspar-cartas-animales\/","title":{"rendered":"Raspar Cartas Animales"},"content":{"rendered":"<p>Divertido set de cartas con ilustraciones muy divertidas que a los ni\u00f1os y ni\u00f1as les encantar\u00e1n. Solo deben raspar las im\u00e1genes en negro con el palito de madera incluido en el set y as\u00ed descubrir\u00e1n hermosas ilustraciones. Un juego de manualidades que estimula el agarre del l\u00e1piz, la motricidad fina, la concentraci\u00f3n y otras habilidades cognitivas de una forma muy entretenida. Para pasar horas de diversi\u00f3n.<\/p>\n<p><p><strong>Material : <\/strong> Cart\u00f3n Grueso<\/p>\n<p><strong>C\u00f3digo Aukinko : <\/strong> 08-21005470<\/p>\n<p><strong>C\u00f3digo Convenio Marco : <\/strong> x<\/p>\n","protected":false},"excerpt":{"rendered":"<p>Divertido set de cartas con ilustraciones muy divertidas que a los ni\u00f1os y ni\u00f1as les encantar\u00e1n. Solo deben raspar las im\u00e1genes en negro con el palito de madera incluido en el set y as\u00ed descubrir\u00e1n hermosas ilustraciones. Un juego de manualidades que estimula el agarre del l\u00e1piz, la motricidad fina, la concentraci\u00f3n y otras habilidades [&hellip;]<\/p>\n","protected":false},"featured_media":622492,"comment_status":"open","ping_status":"closed","template":"","meta":{"_et_pb_use_builder":"","_et_pb_old_content":"","_et_gb_content_width":""},"product_brand":[],"product_cat":[21,20],"product_tag":[],"class_list":{"0":"post-629093","1":"product","2":"type-product","3":"status-publish","4":"has-post-thumbnail","6":"product_cat-arte-y-manipulacion","7":"product_cat-motricidad-fina","8":"pa_edad-6-a-8-anos","9":"pa_edad-8-a-10-anos","10":"pa_marca-galt","11":"pa_medidas-4501","12":"pa_medidas-5-cm","13":"pa_medidas-5-x-26","14":"pa_medidas-5-x-3","16":"first","17":"instock","18":"shipping-taxable","19":"purchasable","20":"product-type-simple"},"aioseo_notices":[],"_links":{"self":[{"href":"https:\/\/aukinkochile.com\/web\/wp-json\/wp\/v2\/product\/629093","targetHints":{"allow":["GET"]}}],"collection":[{"href":"https:\/\/aukinkochile.com\/web\/wp-json\/wp\/v2\/product"}],"about":[{"href":"https:\/\/aukinkochile.com\/web\/wp-json\/wp\/v2\/types\/product"}],"replies":[{"embeddable":true,"href":"https:\/\/aukinkochile.com\/web\/wp-json\/wp\/v2\/comments?post=629093"}],"wp:featuredmedia":[{"embeddable":true,"href":"https:\/\/aukinkochile.com\/web\/wp-json\/wp\/v2\/media\/622492"}],"wp:attachment":[{"href":"https:\/\/aukinkochile.com\/web\/wp-json\/wp\/v2\/media?parent=629093"}],"wp:term":[{"taxonomy":"product_brand","embeddable":true,"href":"https:\/\/aukinkochile.com\/web\/wp-json\/wp\/v2\/product_brand?post=629093"},{"taxonomy":"product_cat","embeddable":true,"href":"https:\/\/aukinkochile.com\/web\/wp-json\/wp\/v2\/product_cat?post=629093"},{"taxonomy":"product_tag","embeddable":true,"href":"https:\/\/aukinkochile.com\/web\/wp-json\/wp\/v2\/product_tag?post=629093"}],"curies":[{"name":"wp","href":"https:\/\/api.w.org\/{rel}","templated":true}]}}