{"id":629088,"date":"2024-08-09T21:07:00","date_gmt":"2024-08-09T21:07:00","guid":{"rendered":"https:\/\/aukinkochile.com\/web\/producto\/juego-de-mesa-overbooked\/"},"modified":"2024-11-11T21:10:55","modified_gmt":"2024-11-11T21:10:55","slug":"juego-de-mesa-overbooked","status":"publish","type":"product","link":"https:\/\/aukinkochile.com\/web\/producto\/juego-de-mesa-overbooked\/","title":{"rendered":"Juego de Mesa Overbooked"},"content":{"rendered":"<p>Divertido juego de mesa en el cual te inicias en el mundo de las reservas de aerol\u00edneas, y se te ha asignado la tarea de administrar aerol\u00edneas de la competencia. Tienes que satisfacer las necesidades de cada pasajero para lograr prestigio para tu aerol\u00ednea. Reserva muy pocos pasajeros, y es posible que no puedas llenar el vuelo, y si reserva demasiados, es evidente que algunos pasajeros se sentir\u00e1n muy descontentos. En un turno, eliges una tarjeta de pasajeros con la orientaci\u00f3n, cantidad y tipo (color) de los pasajeros que aparecen en la tarjeta. Entonces, sientas a los pasajeros en el avi\u00f3n de acuerdo con la tarjeta de pasajeros. Cuando cualquier tipo de pasajero se acaba, el juego final se desencadena y los puntos son contados y anotados. \u00bfPuedes ser el que transporte al mayor n\u00famero de pasajeros y ser la aerol\u00ednea m\u00e1s prestigiosa? Incluye 4 cartas de avi\u00f3n, 72 cartas de pasajero y 150 piezas de pasajeros.<\/p>\n<p><p><strong>Material : <\/strong> Cart\u00f3n Grueso<\/p>\n<p><strong>C\u00f3digo Aukinko : <\/strong> 05-762405<\/p>\n<p><strong>C\u00f3digo Convenio Marco : <\/strong> x<\/p>\n","protected":false},"excerpt":{"rendered":"<p>Divertido juego de mesa en el cual te inicias en el mundo de las reservas de aerol\u00edneas, y se te ha asignado la tarea de administrar aerol\u00edneas de la competencia. Tienes que satisfacer las necesidades de cada pasajero para lograr prestigio para tu aerol\u00ednea. Reserva muy pocos pasajeros, y es posible que no puedas llenar [&hellip;]<\/p>\n","protected":false},"featured_media":629087,"comment_status":"open","ping_status":"closed","template":"","meta":{"_et_pb_use_builder":"","_et_pb_old_content":"","_et_gb_content_width":""},"product_brand":[],"product_cat":[150,149],"product_tag":[],"class_list":{"0":"post-629088","1":"product","2":"type-product","3":"status-publish","4":"has-post-thumbnail","6":"product_cat-asociacion-y-logica","7":"product_cat-juegos-de-mesa","8":"pa_edad-10-anos","9":"pa_edad-8-a-10-anos","10":"pa_marca-diset","11":"pa_medidas-20-x-27-x-6-cm","13":"first","14":"instock","15":"shipping-taxable","16":"purchasable","17":"product-type-simple"},"aioseo_notices":[],"_links":{"self":[{"href":"https:\/\/aukinkochile.com\/web\/wp-json\/wp\/v2\/product\/629088","targetHints":{"allow":["GET"]}}],"collection":[{"href":"https:\/\/aukinkochile.com\/web\/wp-json\/wp\/v2\/product"}],"about":[{"href":"https:\/\/aukinkochile.com\/web\/wp-json\/wp\/v2\/types\/product"}],"replies":[{"embeddable":true,"href":"https:\/\/aukinkochile.com\/web\/wp-json\/wp\/v2\/comments?post=629088"}],"wp:featuredmedia":[{"embeddable":true,"href":"https:\/\/aukinkochile.com\/web\/wp-json\/wp\/v2\/media\/629087"}],"wp:attachment":[{"href":"https:\/\/aukinkochile.com\/web\/wp-json\/wp\/v2\/media?parent=629088"}],"wp:term":[{"taxonomy":"product_brand","embeddable":true,"href":"https:\/\/aukinkochile.com\/web\/wp-json\/wp\/v2\/product_brand?post=629088"},{"taxonomy":"product_cat","embeddable":true,"href":"https:\/\/aukinkochile.com\/web\/wp-json\/wp\/v2\/product_cat?post=629088"},{"taxonomy":"product_tag","embeddable":true,"href":"https:\/\/aukinkochile.com\/web\/wp-json\/wp\/v2\/product_tag?post=629088"}],"curies":[{"name":"wp","href":"https:\/\/api.w.org\/{rel}","templated":true}]}}