{"id":628996,"date":"2024-07-11T13:25:18","date_gmt":"2024-07-11T13:25:18","guid":{"rendered":"https:\/\/aukinkochile.com\/web\/producto\/pinza-clip-gigante-c-u\/"},"modified":"2024-12-05T16:17:01","modified_gmt":"2024-12-05T16:17:01","slug":"pinza-clip-gigante-c-u","status":"publish","type":"product","link":"https:\/\/aukinkochile.com\/web\/producto\/pinza-clip-gigante-c-u\/","title":{"rendered":"Pinza Clip Gigante c\/u"},"content":{"rendered":"<p>Pinza grande ideal para la fijaci\u00f3n de obras de arte, o la construcci\u00f3n de casas de genero, o u otras superficies adecuadas. En 4 colores diferentes surtidos. Precio por unidad.<\/p>\n<p><p><strong>Material : <\/strong> Pl\u00e1stico<\/p>\n<p><strong>C\u00f3digo Aukinko : <\/strong> 14-989422<\/p>\n<p><strong>C\u00f3digo Convenio Marco : <\/strong> x<\/p>\n","protected":false},"excerpt":{"rendered":"<p>Pinza grande ideal para la fijaci\u00f3n de obras de arte, o la construcci\u00f3n de casas de genero, o u otras superficies adecuadas. En 4 colores diferentes surtidos. Precio por unidad. Material : Pl\u00e1stico C\u00f3digo Aukinko : 14-989422 C\u00f3digo Convenio Marco : x<\/p>\n","protected":false},"featured_media":628995,"comment_status":"open","ping_status":"closed","template":"","meta":{"_et_pb_use_builder":"","_et_pb_old_content":"","_et_gb_content_width":""},"product_brand":[],"product_cat":[91,21],"product_tag":[],"class_list":{"0":"post-628996","1":"product","2":"type-product","3":"status-publish","4":"has-post-thumbnail","6":"product_cat-accesorios-sala","7":"product_cat-arte-y-manipulacion","8":"pa_edad-10-anos","9":"pa_edad-2-a-3-anos","10":"pa_edad-3-a-4-anos","11":"pa_edad-4-a-5-anos","12":"pa_edad-5-a-6-anos","13":"pa_edad-6-a-8-anos","14":"pa_edad-8-a-10-anos","15":"pa_marca-edx","16":"pa_medidas-11-x-5","17":"pa_medidas-5-cm-c-u","18":"pa_medidas-5-x-2","20":"first","21":"instock","22":"shipping-taxable","23":"purchasable","24":"product-type-simple"},"aioseo_notices":[],"_links":{"self":[{"href":"https:\/\/aukinkochile.com\/web\/wp-json\/wp\/v2\/product\/628996","targetHints":{"allow":["GET"]}}],"collection":[{"href":"https:\/\/aukinkochile.com\/web\/wp-json\/wp\/v2\/product"}],"about":[{"href":"https:\/\/aukinkochile.com\/web\/wp-json\/wp\/v2\/types\/product"}],"replies":[{"embeddable":true,"href":"https:\/\/aukinkochile.com\/web\/wp-json\/wp\/v2\/comments?post=628996"}],"wp:featuredmedia":[{"embeddable":true,"href":"https:\/\/aukinkochile.com\/web\/wp-json\/wp\/v2\/media\/628995"}],"wp:attachment":[{"href":"https:\/\/aukinkochile.com\/web\/wp-json\/wp\/v2\/media?parent=628996"}],"wp:term":[{"taxonomy":"product_brand","embeddable":true,"href":"https:\/\/aukinkochile.com\/web\/wp-json\/wp\/v2\/product_brand?post=628996"},{"taxonomy":"product_cat","embeddable":true,"href":"https:\/\/aukinkochile.com\/web\/wp-json\/wp\/v2\/product_cat?post=628996"},{"taxonomy":"product_tag","embeddable":true,"href":"https:\/\/aukinkochile.com\/web\/wp-json\/wp\/v2\/product_tag?post=628996"}],"curies":[{"name":"wp","href":"https:\/\/api.w.org\/{rel}","templated":true}]}}