{"id":628913,"date":"2024-07-11T13:24:23","date_gmt":"2024-07-11T13:24:23","guid":{"rendered":"https:\/\/aukinkochile.com\/web\/producto\/titere-genero-gato-con-sonido\/"},"modified":"2024-07-11T13:25:57","modified_gmt":"2024-07-11T13:25:57","slug":"titere-genero-gato-con-sonido","status":"publish","type":"product","link":"https:\/\/aukinkochile.com\/web\/producto\/titere-genero-gato-con-sonido\/","title":{"rendered":"T\u00edtere Genero Gato Con Sonido"},"content":{"rendered":"<p>Hermoso t\u00edtere de cabeza blanda fabricado en g\u00e9nero con gran detalle. Moravska es una marca de Rep\u00fablica Checa especializada en t\u00edteres y marionetas fabricados a mano con muchos a\u00f1os de experiencia, sus dise\u00f1os son ideales para el f\u00e1cil manejo de ni\u00f1os y adultos. Los t\u00edteres son juegos ideales para el desarrollo de las habilidades sociales de los m\u00e1s peque\u00f1os, una forma hermosa de contar historias invitando a los m\u00e1s peque\u00f1os a viajar a los mundos de fantas\u00eda m\u00e1s maravillosos. El personaje mide 25 cm. Lavable a m\u00e1quina a 40\u00baC.<\/p>\n<p><p><strong>Material : <\/strong> Peluche<\/p>\n<p><strong>C\u00f3digo Aukinko : <\/strong> 12-820399<\/p>\n<p><strong>C\u00f3digo Convenio Marco : <\/strong> X<\/p>\n","protected":false},"excerpt":{"rendered":"<p>Hermoso t\u00edtere de cabeza blanda fabricado en g\u00e9nero con gran detalle. Moravska es una marca de Rep\u00fablica Checa especializada en t\u00edteres y marionetas fabricados a mano con muchos a\u00f1os de experiencia, sus dise\u00f1os son ideales para el f\u00e1cil manejo de ni\u00f1os y adultos. Los t\u00edteres son juegos ideales para el desarrollo de las habilidades sociales [&hellip;]<\/p>\n","protected":false},"featured_media":628912,"comment_status":"open","ping_status":"closed","template":"","meta":{"_et_pb_use_builder":"","_et_pb_old_content":"","_et_gb_content_width":""},"product_brand":[],"product_cat":[91,17,212],"product_tag":[],"class_list":{"0":"post-628913","1":"product","2":"type-product","3":"status-publish","4":"has-post-thumbnail","6":"product_cat-accesorios-sala","7":"product_cat-juegos-de-rol","8":"product_cat-munecos-y-figuras","9":"pa_edad-1-a-2-anos","10":"pa_edad-2-a-3-anos","11":"pa_edad-3-a-4-anos","12":"pa_edad-4-a-5-anos","13":"pa_edad-5-a-6-anos","14":"pa_edad-6-a-8-anos","15":"pa_edad-8-a-10-anos","16":"pa_marca-moravska","17":"pa_medidas-20-x-25-x-8-cm","19":"first","20":"instock","21":"shipping-taxable","22":"purchasable","23":"product-type-simple"},"aioseo_notices":[],"_links":{"self":[{"href":"https:\/\/aukinkochile.com\/web\/wp-json\/wp\/v2\/product\/628913","targetHints":{"allow":["GET"]}}],"collection":[{"href":"https:\/\/aukinkochile.com\/web\/wp-json\/wp\/v2\/product"}],"about":[{"href":"https:\/\/aukinkochile.com\/web\/wp-json\/wp\/v2\/types\/product"}],"replies":[{"embeddable":true,"href":"https:\/\/aukinkochile.com\/web\/wp-json\/wp\/v2\/comments?post=628913"}],"wp:featuredmedia":[{"embeddable":true,"href":"https:\/\/aukinkochile.com\/web\/wp-json\/wp\/v2\/media\/628912"}],"wp:attachment":[{"href":"https:\/\/aukinkochile.com\/web\/wp-json\/wp\/v2\/media?parent=628913"}],"wp:term":[{"taxonomy":"product_brand","embeddable":true,"href":"https:\/\/aukinkochile.com\/web\/wp-json\/wp\/v2\/product_brand?post=628913"},{"taxonomy":"product_cat","embeddable":true,"href":"https:\/\/aukinkochile.com\/web\/wp-json\/wp\/v2\/product_cat?post=628913"},{"taxonomy":"product_tag","embeddable":true,"href":"https:\/\/aukinkochile.com\/web\/wp-json\/wp\/v2\/product_tag?post=628913"}],"curies":[{"name":"wp","href":"https:\/\/api.w.org\/{rel}","templated":true}]}}