{"id":628775,"date":"2024-07-01T20:04:44","date_gmt":"2024-07-01T20:04:44","guid":{"rendered":"https:\/\/aukinkochile.com\/web\/producto\/figura-serie-hp-dumbledore-fawkes\/"},"modified":"2025-06-25T18:05:39","modified_gmt":"2025-06-25T18:05:39","slug":"figura-serie-hp-dumbledore-fawkes","status":"publish","type":"product","link":"https:\/\/aukinkochile.com\/web\/producto\/figura-serie-hp-dumbledore-fawkes\/","title":{"rendered":"Figura serie HP Dumbledore &#038; Fawkes"},"content":{"rendered":"<p>Hermosa figura de la exitosa saga de Harry Potter pintada a mano con gran detalle. Con su varita m\u00e1gica en alto, su ave f\u00e9nix Fawkes\u2122 y sus grandes conocimientos, Albus Dumbledore\u2122 es conocido como el \u00fanico mago al que teme el malvado Lord Voldemort.<\/p>\n<p><p><strong>Material : <\/strong> Pl\u00e1stico Duro<\/p>\n<p><strong>C\u00f3digo Aukinko : <\/strong> 07-642637<\/p>\n<p><strong>C\u00f3digo Convenio Marco : <\/strong> x<\/p>\n","protected":false},"excerpt":{"rendered":"<p>Hermosa figura de la exitosa saga de Harry Potter pintada a mano con gran detalle. Con su varita m\u00e1gica en alto, su ave f\u00e9nix Fawkes\u2122 y sus grandes conocimientos, Albus Dumbledore\u2122 es conocido como el \u00fanico mago al que teme el malvado Lord Voldemort. Material : Pl\u00e1stico Duro C\u00f3digo Aukinko : 07-642637 C\u00f3digo Convenio Marco [&hellip;]<\/p>\n","protected":false},"featured_media":628774,"comment_status":"open","ping_status":"closed","template":"","meta":{"_et_pb_use_builder":"","_et_pb_old_content":"","_et_gb_content_width":""},"product_brand":[],"product_cat":[212],"product_tag":[],"class_list":{"0":"post-628775","1":"product","2":"type-product","3":"status-publish","4":"has-post-thumbnail","6":"product_cat-munecos-y-figuras","7":"pa_edad-10-anos","8":"pa_edad-3-a-4-anos","9":"pa_edad-4-a-5-anos","10":"pa_edad-5-a-6-anos","11":"pa_edad-6-a-8-anos","12":"pa_edad-8-a-10-anos","13":"pa_marca-schleich","14":"pa_medidas-4308","15":"pa_medidas-8-x-4-x-12-cm","17":"first","18":"instock","19":"shipping-taxable","20":"purchasable","21":"product-type-simple"},"aioseo_notices":[],"_links":{"self":[{"href":"https:\/\/aukinkochile.com\/web\/wp-json\/wp\/v2\/product\/628775","targetHints":{"allow":["GET"]}}],"collection":[{"href":"https:\/\/aukinkochile.com\/web\/wp-json\/wp\/v2\/product"}],"about":[{"href":"https:\/\/aukinkochile.com\/web\/wp-json\/wp\/v2\/types\/product"}],"replies":[{"embeddable":true,"href":"https:\/\/aukinkochile.com\/web\/wp-json\/wp\/v2\/comments?post=628775"}],"wp:featuredmedia":[{"embeddable":true,"href":"https:\/\/aukinkochile.com\/web\/wp-json\/wp\/v2\/media\/628774"}],"wp:attachment":[{"href":"https:\/\/aukinkochile.com\/web\/wp-json\/wp\/v2\/media?parent=628775"}],"wp:term":[{"taxonomy":"product_brand","embeddable":true,"href":"https:\/\/aukinkochile.com\/web\/wp-json\/wp\/v2\/product_brand?post=628775"},{"taxonomy":"product_cat","embeddable":true,"href":"https:\/\/aukinkochile.com\/web\/wp-json\/wp\/v2\/product_cat?post=628775"},{"taxonomy":"product_tag","embeddable":true,"href":"https:\/\/aukinkochile.com\/web\/wp-json\/wp\/v2\/product_tag?post=628775"}],"curies":[{"name":"wp","href":"https:\/\/api.w.org\/{rel}","templated":true}]}}