{"id":628773,"date":"2024-07-01T20:04:43","date_gmt":"2024-07-01T20:04:43","guid":{"rendered":"https:\/\/aukinkochile.com\/web\/producto\/figura-serie-hp-ron-scabbers\/"},"modified":"2025-06-25T18:05:36","modified_gmt":"2025-06-25T18:05:36","slug":"figura-serie-hp-ron-scabbers","status":"publish","type":"product","link":"https:\/\/aukinkochile.com\/web\/producto\/figura-serie-hp-ron-scabbers\/","title":{"rendered":"Figura serie HP Ron &#038; Scabbers"},"content":{"rendered":"<p>Hermosa figura de la exitosa saga de Harry Potter pintada a mano con gran detalle. Ron Weasley\u2122, aprendiz de mago, ayuda a su amigo Harry Potter\u2122 a destruir a Lord Voldemort. A la rata Scabbers\u2122 se la suele considerar bastante in\u00fatil.<\/p>\n<p><p><strong>Material : <\/strong> Pl\u00e1stico Duro<\/p>\n<p><strong>C\u00f3digo Aukinko : <\/strong> 07-642634<\/p>\n<p><strong>C\u00f3digo Convenio Marco : <\/strong> x<\/p>\n","protected":false},"excerpt":{"rendered":"<p>Hermosa figura de la exitosa saga de Harry Potter pintada a mano con gran detalle. Ron Weasley\u2122, aprendiz de mago, ayuda a su amigo Harry Potter\u2122 a destruir a Lord Voldemort. A la rata Scabbers\u2122 se la suele considerar bastante in\u00fatil. Material : Pl\u00e1stico Duro C\u00f3digo Aukinko : 07-642634 C\u00f3digo Convenio Marco : x<\/p>\n","protected":false},"featured_media":628772,"comment_status":"open","ping_status":"closed","template":"","meta":{"_et_pb_use_builder":"","_et_pb_old_content":"","_et_gb_content_width":""},"product_brand":[],"product_cat":[212],"product_tag":[],"class_list":{"0":"post-628773","1":"product","2":"type-product","3":"status-publish","4":"has-post-thumbnail","6":"product_cat-munecos-y-figuras","7":"pa_edad-10-anos","8":"pa_edad-3-a-4-anos","9":"pa_edad-4-a-5-anos","10":"pa_edad-5-a-6-anos","11":"pa_edad-6-a-8-anos","12":"pa_edad-8-a-10-anos","13":"pa_marca-schleich","14":"pa_medidas-2-cm","15":"pa_medidas-2-x-10","16":"pa_medidas-4359","17":"pa_medidas-7-x-2","19":"first","20":"instock","21":"shipping-taxable","22":"purchasable","23":"product-type-simple"},"aioseo_notices":[],"_links":{"self":[{"href":"https:\/\/aukinkochile.com\/web\/wp-json\/wp\/v2\/product\/628773","targetHints":{"allow":["GET"]}}],"collection":[{"href":"https:\/\/aukinkochile.com\/web\/wp-json\/wp\/v2\/product"}],"about":[{"href":"https:\/\/aukinkochile.com\/web\/wp-json\/wp\/v2\/types\/product"}],"replies":[{"embeddable":true,"href":"https:\/\/aukinkochile.com\/web\/wp-json\/wp\/v2\/comments?post=628773"}],"wp:featuredmedia":[{"embeddable":true,"href":"https:\/\/aukinkochile.com\/web\/wp-json\/wp\/v2\/media\/628772"}],"wp:attachment":[{"href":"https:\/\/aukinkochile.com\/web\/wp-json\/wp\/v2\/media?parent=628773"}],"wp:term":[{"taxonomy":"product_brand","embeddable":true,"href":"https:\/\/aukinkochile.com\/web\/wp-json\/wp\/v2\/product_brand?post=628773"},{"taxonomy":"product_cat","embeddable":true,"href":"https:\/\/aukinkochile.com\/web\/wp-json\/wp\/v2\/product_cat?post=628773"},{"taxonomy":"product_tag","embeddable":true,"href":"https:\/\/aukinkochile.com\/web\/wp-json\/wp\/v2\/product_tag?post=628773"}],"curies":[{"name":"wp","href":"https:\/\/api.w.org\/{rel}","templated":true}]}}