{"id":628384,"date":"2024-06-21T18:52:12","date_gmt":"2024-06-21T18:52:12","guid":{"rendered":"https:\/\/aukinkochile.com\/web\/producto\/juego-pared-laberinto\/"},"modified":"2025-11-06T20:07:45","modified_gmt":"2025-11-06T20:07:45","slug":"juego-pared-laberinto","status":"publish","type":"product","link":"https:\/\/aukinkochile.com\/web\/producto\/juego-pared-laberinto\/","title":{"rendered":"Juego Pared Madera Laberinto"},"content":{"rendered":"<p>Colorido juguete de pared que ayuda a los mas peque\u00f1os a desarrollar habilidades motrices y coordinaci\u00f3n mano ojo. Son 8 secuencias diferentes que motivaran a ni\u00f1os y ni\u00f1as a mover los bloques. Fabricado en material suave y resistente. <\/p>\n<p><p><strong>Material : <\/strong> Madera<\/p>\n<p><strong>C\u00f3digo Aukinko : <\/strong> 18-250435<\/p>\n<p><strong>C\u00f3digo Convenio Marco : <\/strong> x<\/p>\n","protected":false},"excerpt":{"rendered":"<p>Colorido juguete de pared que ayuda a los mas peque\u00f1os a desarrollar habilidades motrices y coordinaci\u00f3n mano ojo. Son 8 secuencias diferentes que motivaran a ni\u00f1os y ni\u00f1as a mover los bloques. Fabricado en material suave y resistente. Material : Madera C\u00f3digo Aukinko : 18-250435 C\u00f3digo Convenio Marco : x<\/p>\n","protected":false},"featured_media":628383,"comment_status":"open","ping_status":"closed","template":"","meta":{"_et_pb_use_builder":"","_et_pb_old_content":"","_et_gb_content_width":""},"product_brand":[],"product_cat":[91,7385,20],"product_tag":[],"class_list":{"0":"post-628384","1":"product","2":"type-product","3":"status-publish","4":"has-post-thumbnail","6":"product_cat-accesorios-sala","7":"product_cat-estimulacion-cognitiva-y-motora-para-adultos-mayores","8":"product_cat-motricidad-fina","9":"pa_edad-1-a-2-anos","10":"pa_edad-2-a-3-anos","11":"pa_edad-3-a-4-anos","12":"pa_marca-viga","13":"pa_medidas-47-x-47-x-5-cm","15":"first","16":"instock","17":"shipping-taxable","18":"purchasable","19":"product-type-simple"},"aioseo_notices":[],"_links":{"self":[{"href":"https:\/\/aukinkochile.com\/web\/wp-json\/wp\/v2\/product\/628384","targetHints":{"allow":["GET"]}}],"collection":[{"href":"https:\/\/aukinkochile.com\/web\/wp-json\/wp\/v2\/product"}],"about":[{"href":"https:\/\/aukinkochile.com\/web\/wp-json\/wp\/v2\/types\/product"}],"replies":[{"embeddable":true,"href":"https:\/\/aukinkochile.com\/web\/wp-json\/wp\/v2\/comments?post=628384"}],"wp:featuredmedia":[{"embeddable":true,"href":"https:\/\/aukinkochile.com\/web\/wp-json\/wp\/v2\/media\/628383"}],"wp:attachment":[{"href":"https:\/\/aukinkochile.com\/web\/wp-json\/wp\/v2\/media?parent=628384"}],"wp:term":[{"taxonomy":"product_brand","embeddable":true,"href":"https:\/\/aukinkochile.com\/web\/wp-json\/wp\/v2\/product_brand?post=628384"},{"taxonomy":"product_cat","embeddable":true,"href":"https:\/\/aukinkochile.com\/web\/wp-json\/wp\/v2\/product_cat?post=628384"},{"taxonomy":"product_tag","embeddable":true,"href":"https:\/\/aukinkochile.com\/web\/wp-json\/wp\/v2\/product_tag?post=628384"}],"curies":[{"name":"wp","href":"https:\/\/api.w.org\/{rel}","templated":true}]}}