{"id":628381,"date":"2024-06-21T18:52:10","date_gmt":"2024-06-21T18:52:10","guid":{"rendered":"https:\/\/aukinkochile.com\/web\/producto\/auto-madera-camion\/"},"modified":"2025-11-06T19:00:33","modified_gmt":"2025-11-06T19:00:33","slug":"auto-madera-camion","status":"publish","type":"product","link":"https:\/\/aukinkochile.com\/web\/producto\/auto-madera-camion\/","title":{"rendered":"Auto Madera Cami\u00f3n"},"content":{"rendered":"<p>Este hermoso auto de madera tiene un dise\u00f1o sencillo que seguro le gustar\u00e1 a los m\u00e1s peque\u00f1os. F\u00e1cil y c\u00f3modo de agarrar para las manos  peque\u00f1as. Tiene ruedas silenciosas y de movimiento suave . Al empujar el veh\u00edculo, los ni\u00f1os y ni\u00f1as desarrollar\u00e1n sus habilidades manuales de una forma entretenida. Veh\u00edculo grueso hecho de madera de lata calidad con colores brillantes. El tama\u00f1o de el veh\u00edculo mejora la flexibilidad de la mu\u00f1eca y las habilidades motoras. <\/p>\n<p><p><strong>Material : <\/strong> Madera<\/p>\n<p><strong>C\u00f3digo Aukinko : <\/strong> 18-244515<\/p>\n<p><strong>C\u00f3digo Convenio Marco : <\/strong> x<\/p>\n","protected":false},"excerpt":{"rendered":"<p>Este hermoso auto de madera tiene un dise\u00f1o sencillo que seguro le gustar\u00e1 a los m\u00e1s peque\u00f1os. F\u00e1cil y c\u00f3modo de agarrar para las manos peque\u00f1as. Tiene ruedas silenciosas y de movimiento suave . Al empujar el veh\u00edculo, los ni\u00f1os y ni\u00f1as desarrollar\u00e1n sus habilidades manuales de una forma entretenida. Veh\u00edculo grueso hecho de madera [&hellip;]<\/p>\n","protected":false},"featured_media":628380,"comment_status":"open","ping_status":"closed","template":"","meta":{"_et_pb_use_builder":"","_et_pb_old_content":"","_et_gb_content_width":""},"product_brand":[],"product_cat":[91,17],"product_tag":[],"class_list":{"0":"post-628381","1":"product","2":"type-product","3":"status-publish","4":"has-post-thumbnail","6":"product_cat-accesorios-sala","7":"product_cat-juegos-de-rol","8":"pa_edad-1-a-2-anos","9":"pa_edad-2-a-3-anos","10":"pa_edad-3-a-4-anos","11":"pa_marca-viga","12":"pa_medidas-13-x-6","13":"pa_medidas-4-cm","14":"pa_medidas-4-x-8","16":"first","17":"instock","18":"shipping-taxable","19":"purchasable","20":"product-type-simple"},"aioseo_notices":[],"_links":{"self":[{"href":"https:\/\/aukinkochile.com\/web\/wp-json\/wp\/v2\/product\/628381","targetHints":{"allow":["GET"]}}],"collection":[{"href":"https:\/\/aukinkochile.com\/web\/wp-json\/wp\/v2\/product"}],"about":[{"href":"https:\/\/aukinkochile.com\/web\/wp-json\/wp\/v2\/types\/product"}],"replies":[{"embeddable":true,"href":"https:\/\/aukinkochile.com\/web\/wp-json\/wp\/v2\/comments?post=628381"}],"wp:featuredmedia":[{"embeddable":true,"href":"https:\/\/aukinkochile.com\/web\/wp-json\/wp\/v2\/media\/628380"}],"wp:attachment":[{"href":"https:\/\/aukinkochile.com\/web\/wp-json\/wp\/v2\/media?parent=628381"}],"wp:term":[{"taxonomy":"product_brand","embeddable":true,"href":"https:\/\/aukinkochile.com\/web\/wp-json\/wp\/v2\/product_brand?post=628381"},{"taxonomy":"product_cat","embeddable":true,"href":"https:\/\/aukinkochile.com\/web\/wp-json\/wp\/v2\/product_cat?post=628381"},{"taxonomy":"product_tag","embeddable":true,"href":"https:\/\/aukinkochile.com\/web\/wp-json\/wp\/v2\/product_tag?post=628381"}],"curies":[{"name":"wp","href":"https:\/\/api.w.org\/{rel}","templated":true}]}}