{"id":628336,"date":"2024-06-07T19:43:43","date_gmt":"2024-06-07T19:43:43","guid":{"rendered":"https:\/\/aukinkochile.com\/web\/producto\/cubos-infinity\/"},"modified":"2026-03-27T17:06:51","modified_gmt":"2026-03-27T17:06:51","slug":"cubos-infinity","status":"publish","type":"product","link":"https:\/\/aukinkochile.com\/web\/producto\/cubos-infinity\/","title":{"rendered":"Cubos Infinity"},"content":{"rendered":"<p>Divertido juego de aprendizaje desarrollado para estimular la concentraci\u00f3n; fortalecer la coordinaci\u00f3n ojo-mano y la motricidad fina de una forma muy divertida. Con este juego los ni\u00f1os y ni\u00f1as desarrollan su inteligencia espacial, conceptos de color y discriminaci\u00f3n visual. \u00a1Apilar cubos puede mejorar la concentraci\u00f3n y mejorar las capacidades cognitivas! Las tarjetas con im\u00e1genes tienen tres niveles de dificultad o se pueden construir libremente, lo que permite a los ni\u00f1os dar rienda suelta a su creatividad ilimitada y mejorar sus habilidades. Durante el proceso de construcci\u00f3n tambi\u00e9n se desarrolla la creatividad a trav\u00e9s del juego. Fabricado en material suave y resistente en colores vivos. Los cubos son de goma suave y livianos.<\/p>\n<p><p><strong>Material : <\/strong> Goma, Madera y Cart\u00f3n<\/p>\n<p><strong>C\u00f3digo Aukinko : <\/strong> 14-121031<\/p>\n<p><strong>C\u00f3digo Convenio Marco : <\/strong> x<\/p>\n","protected":false},"excerpt":{"rendered":"<p>Divertido juego de aprendizaje desarrollado para estimular la concentraci\u00f3n; fortalecer la coordinaci\u00f3n ojo-mano y la motricidad fina de una forma muy divertida. Con este juego los ni\u00f1os y ni\u00f1as desarrollan su inteligencia espacial, conceptos de color y discriminaci\u00f3n visual. \u00a1Apilar cubos puede mejorar la concentraci\u00f3n y mejorar las capacidades cognitivas! Las tarjetas con im\u00e1genes tienen [&hellip;]<\/p>\n","protected":false},"featured_media":628335,"comment_status":"open","ping_status":"closed","template":"","meta":{"_et_pb_use_builder":"","_et_pb_old_content":"","_et_gb_content_width":""},"product_brand":[],"product_cat":[19,7385,20],"product_tag":[],"class_list":{"0":"post-628336","1":"product","2":"type-product","3":"status-publish","4":"has-post-thumbnail","6":"product_cat-construccion","7":"product_cat-estimulacion-cognitiva-y-motora-para-adultos-mayores","8":"product_cat-motricidad-fina","9":"pa_edad-2-a-3-anos","10":"pa_edad-3-a-4-anos","11":"pa_edad-4-a-5-anos","12":"pa_edad-5-a-6-anos","13":"pa_marca-kkids","14":"pa_medidas-4501","15":"pa_medidas-5-cm","16":"pa_medidas-5-x-15","18":"first","19":"instock","20":"shipping-taxable","21":"purchasable","22":"product-type-simple"},"aioseo_notices":[],"_links":{"self":[{"href":"https:\/\/aukinkochile.com\/web\/wp-json\/wp\/v2\/product\/628336","targetHints":{"allow":["GET"]}}],"collection":[{"href":"https:\/\/aukinkochile.com\/web\/wp-json\/wp\/v2\/product"}],"about":[{"href":"https:\/\/aukinkochile.com\/web\/wp-json\/wp\/v2\/types\/product"}],"replies":[{"embeddable":true,"href":"https:\/\/aukinkochile.com\/web\/wp-json\/wp\/v2\/comments?post=628336"}],"wp:featuredmedia":[{"embeddable":true,"href":"https:\/\/aukinkochile.com\/web\/wp-json\/wp\/v2\/media\/628335"}],"wp:attachment":[{"href":"https:\/\/aukinkochile.com\/web\/wp-json\/wp\/v2\/media?parent=628336"}],"wp:term":[{"taxonomy":"product_brand","embeddable":true,"href":"https:\/\/aukinkochile.com\/web\/wp-json\/wp\/v2\/product_brand?post=628336"},{"taxonomy":"product_cat","embeddable":true,"href":"https:\/\/aukinkochile.com\/web\/wp-json\/wp\/v2\/product_cat?post=628336"},{"taxonomy":"product_tag","embeddable":true,"href":"https:\/\/aukinkochile.com\/web\/wp-json\/wp\/v2\/product_tag?post=628336"}],"curies":[{"name":"wp","href":"https:\/\/api.w.org\/{rel}","templated":true}]}}