{"id":628334,"date":"2024-06-07T19:43:42","date_gmt":"2024-06-07T19:43:42","guid":{"rendered":"https:\/\/aukinkochile.com\/web\/producto\/laberinto-sensorial-3-pz\/"},"modified":"2025-11-26T21:59:27","modified_gmt":"2025-11-26T21:59:27","slug":"laberinto-sensorial-3-pz","status":"publish","type":"product","link":"https:\/\/aukinkochile.com\/web\/producto\/laberinto-sensorial-3-pz\/","title":{"rendered":"Laberinto Sensorial 3 pz"},"content":{"rendered":"<p>Divertido juego dise\u00f1ado para fortalecer los m\u00fasculos de los dedos y desarrollar la sensibilidad. Mejora la paciencia y la concentraci\u00f3n y desarrolla los sentidos. Este juego se basa en el tacto o sentido t\u00e1ctil para experimentar el mundo. El juego cuenta con 3 laberintos suaves, cada uno tiene 1 canica dentro. Los jugadores necesitan usar sus dedos para empujar la canica a lo largo del camino sinuoso hasta que lleguen al otro extremo, esta acci\u00f3n refuerza los m\u00fasculos de los dedos, la coordinaci\u00f3n mano-ojo y mejora su enfoque y concentraci\u00f3n. Este juguete tambi\u00e9n es \u00fatil para los ni\u00f1os con defectos t\u00e1ctiles, ya que la entrada t\u00e1ctil continua ayudar\u00e1 a desensibilizar sus sentidos t\u00e1ctiles. Medidas lagartija 33 x 16 cm, b\u00faho 22,3 x 22 cm, pez 18 x 20 cm.<\/p>\n<p><p><strong>Material : <\/strong> Genero<\/p>\n<p><strong>C\u00f3digo Aukinko : <\/strong> 14-121022<\/p>\n<p><strong>C\u00f3digo Convenio Marco : <\/strong> x<\/p>\n","protected":false},"excerpt":{"rendered":"<p>Divertido juego dise\u00f1ado para fortalecer los m\u00fasculos de los dedos y desarrollar la sensibilidad. Mejora la paciencia y la concentraci\u00f3n y desarrolla los sentidos. Este juego se basa en el tacto o sentido t\u00e1ctil para experimentar el mundo. El juego cuenta con 3 laberintos suaves, cada uno tiene 1 canica dentro. Los jugadores necesitan usar [&hellip;]<\/p>\n","protected":false},"featured_media":626044,"comment_status":"open","ping_status":"closed","template":"","meta":{"_et_pb_use_builder":"","_et_pb_old_content":"","_et_gb_content_width":""},"product_brand":[],"product_cat":[21,7385,20],"product_tag":[],"class_list":{"0":"post-628334","1":"product","2":"type-product","3":"status-publish","4":"has-post-thumbnail","6":"product_cat-arte-y-manipulacion","7":"product_cat-estimulacion-cognitiva-y-motora-para-adultos-mayores","8":"product_cat-motricidad-fina","9":"pa_edad-2-a-3-anos","10":"pa_edad-3-a-4-anos","11":"pa_edad-4-a-5-anos","12":"pa_edad-5-a-6-anos","13":"pa_marca-kkids","14":"pa_medidas-1-x-20-cm","15":"pa_medidas-25-x-5","17":"first","18":"instock","19":"shipping-taxable","20":"purchasable","21":"product-type-simple"},"aioseo_notices":[],"_links":{"self":[{"href":"https:\/\/aukinkochile.com\/web\/wp-json\/wp\/v2\/product\/628334","targetHints":{"allow":["GET"]}}],"collection":[{"href":"https:\/\/aukinkochile.com\/web\/wp-json\/wp\/v2\/product"}],"about":[{"href":"https:\/\/aukinkochile.com\/web\/wp-json\/wp\/v2\/types\/product"}],"replies":[{"embeddable":true,"href":"https:\/\/aukinkochile.com\/web\/wp-json\/wp\/v2\/comments?post=628334"}],"wp:featuredmedia":[{"embeddable":true,"href":"https:\/\/aukinkochile.com\/web\/wp-json\/wp\/v2\/media\/626044"}],"wp:attachment":[{"href":"https:\/\/aukinkochile.com\/web\/wp-json\/wp\/v2\/media?parent=628334"}],"wp:term":[{"taxonomy":"product_brand","embeddable":true,"href":"https:\/\/aukinkochile.com\/web\/wp-json\/wp\/v2\/product_brand?post=628334"},{"taxonomy":"product_cat","embeddable":true,"href":"https:\/\/aukinkochile.com\/web\/wp-json\/wp\/v2\/product_cat?post=628334"},{"taxonomy":"product_tag","embeddable":true,"href":"https:\/\/aukinkochile.com\/web\/wp-json\/wp\/v2\/product_tag?post=628334"}],"curies":[{"name":"wp","href":"https:\/\/api.w.org\/{rel}","templated":true}]}}