{"id":628326,"date":"2024-06-07T19:43:37","date_gmt":"2024-06-07T19:43:37","guid":{"rendered":"https:\/\/aukinkochile.com\/web\/producto\/encaje-casita-formas-11-pz\/"},"modified":"2025-11-26T21:59:24","modified_gmt":"2025-11-26T21:59:24","slug":"encaje-casita-formas-11-pz","status":"publish","type":"product","link":"https:\/\/aukinkochile.com\/web\/producto\/encaje-casita-formas-11-pz\/","title":{"rendered":"Encaje Casita Formas 11 pz"},"content":{"rendered":"<p>Divertida casa de encajes colorida para pasar horas de diversi\u00f3n. Incluye un total de 10 formas en diferentes materiales, texturas y colores. Los beb\u00e9s pueden comenzar a aprender tempranamente a clasificar formas y colores. El aprendizaje avanzado viene con las 4 formas de pl\u00e1stico que coinciden con las aberturas en el panel del techo de pl\u00e1stico. En las partes laterales de la casa los ni\u00f1os y ni\u00f1as podr\u00e1n experimentar a trav\u00e9s de los distintos sentidos: sonidos y texturas. De material suave y resistente.<\/p>\n<p><p><strong>Material : <\/strong> Pl\u00e1stico<\/p>\n<p><strong>C\u00f3digo Aukinko : <\/strong> 14-110834<\/p>\n<p><strong>C\u00f3digo Convenio Marco : <\/strong> x<\/p>\n","protected":false},"excerpt":{"rendered":"<p>Divertida casa de encajes colorida para pasar horas de diversi\u00f3n. Incluye un total de 10 formas en diferentes materiales, texturas y colores. Los beb\u00e9s pueden comenzar a aprender tempranamente a clasificar formas y colores. El aprendizaje avanzado viene con las 4 formas de pl\u00e1stico que coinciden con las aberturas en el panel del techo de [&hellip;]<\/p>\n","protected":false},"featured_media":626028,"comment_status":"open","ping_status":"closed","template":"","meta":{"_et_pb_use_builder":"","_et_pb_old_content":"","_et_gb_content_width":""},"product_brand":[],"product_cat":[91,20,23],"product_tag":[],"class_list":{"0":"post-628326","1":"product","2":"type-product","3":"status-publish","4":"has-post-thumbnail","6":"product_cat-accesorios-sala","7":"product_cat-motricidad-fina","8":"product_cat-primeros-anos","9":"pa_edad-1-a-2-anos","10":"pa_edad-2-a-3-anos","11":"pa_marca-kkids","12":"pa_medidas-4453","13":"pa_medidas-5-cm","14":"pa_medidas-5-x-21-x-20","16":"first","17":"instock","18":"shipping-taxable","19":"purchasable","20":"product-type-simple"},"aioseo_notices":[],"_links":{"self":[{"href":"https:\/\/aukinkochile.com\/web\/wp-json\/wp\/v2\/product\/628326","targetHints":{"allow":["GET"]}}],"collection":[{"href":"https:\/\/aukinkochile.com\/web\/wp-json\/wp\/v2\/product"}],"about":[{"href":"https:\/\/aukinkochile.com\/web\/wp-json\/wp\/v2\/types\/product"}],"replies":[{"embeddable":true,"href":"https:\/\/aukinkochile.com\/web\/wp-json\/wp\/v2\/comments?post=628326"}],"wp:featuredmedia":[{"embeddable":true,"href":"https:\/\/aukinkochile.com\/web\/wp-json\/wp\/v2\/media\/626028"}],"wp:attachment":[{"href":"https:\/\/aukinkochile.com\/web\/wp-json\/wp\/v2\/media?parent=628326"}],"wp:term":[{"taxonomy":"product_brand","embeddable":true,"href":"https:\/\/aukinkochile.com\/web\/wp-json\/wp\/v2\/product_brand?post=628326"},{"taxonomy":"product_cat","embeddable":true,"href":"https:\/\/aukinkochile.com\/web\/wp-json\/wp\/v2\/product_cat?post=628326"},{"taxonomy":"product_tag","embeddable":true,"href":"https:\/\/aukinkochile.com\/web\/wp-json\/wp\/v2\/product_tag?post=628326"}],"curies":[{"name":"wp","href":"https:\/\/api.w.org\/{rel}","templated":true}]}}