{"id":628317,"date":"2024-06-07T19:43:30","date_gmt":"2024-06-07T19:43:30","guid":{"rendered":"https:\/\/aukinkochile.com\/web\/producto\/caballo-engranaje\/"},"modified":"2025-11-26T21:59:22","modified_gmt":"2025-11-26T21:59:22","slug":"caballo-engranaje","status":"publish","type":"product","link":"https:\/\/aukinkochile.com\/web\/producto\/caballo-engranaje\/","title":{"rendered":"Caballo Engranaje"},"content":{"rendered":"<p>Divertido juego de engranaje para pasar horas de diversi\u00f3n. De f\u00e1cil agarre para manos peque\u00f1as, un juego estimulante ideal para la primera infancia. Juego desarrollado en base al Tri\u00e1ngulo de Aprendizaje, es decir, f\u00edsico, cognitivo y social. Fabricado en material suave y resistente. <\/p>\n<p><p><strong>Material : <\/strong> Pl\u00e1stico<\/p>\n<p><strong>C\u00f3digo Aukinko : <\/strong> 14-110768<\/p>\n<p><strong>C\u00f3digo Convenio Marco : <\/strong> x<\/p>\n","protected":false},"excerpt":{"rendered":"<p>Divertido juego de engranaje para pasar horas de diversi\u00f3n. De f\u00e1cil agarre para manos peque\u00f1as, un juego estimulante ideal para la primera infancia. Juego desarrollado en base al Tri\u00e1ngulo de Aprendizaje, es decir, f\u00edsico, cognitivo y social. Fabricado en material suave y resistente. Material : Pl\u00e1stico C\u00f3digo Aukinko : 14-110768 C\u00f3digo Convenio Marco : x<\/p>\n","protected":false},"featured_media":628316,"comment_status":"open","ping_status":"closed","template":"","meta":{"_et_pb_use_builder":"","_et_pb_old_content":"","_et_gb_content_width":""},"product_brand":[],"product_cat":[20],"product_tag":[],"class_list":{"0":"post-628317","1":"product","2":"type-product","3":"status-publish","4":"has-post-thumbnail","6":"product_cat-motricidad-fina","7":"pa_edad-1-a-2-anos","8":"pa_marca-kkids","9":"pa_medidas-1-x-16-x-14-cm","11":"first","12":"instock","13":"shipping-taxable","14":"purchasable","15":"product-type-simple"},"aioseo_notices":[],"_links":{"self":[{"href":"https:\/\/aukinkochile.com\/web\/wp-json\/wp\/v2\/product\/628317","targetHints":{"allow":["GET"]}}],"collection":[{"href":"https:\/\/aukinkochile.com\/web\/wp-json\/wp\/v2\/product"}],"about":[{"href":"https:\/\/aukinkochile.com\/web\/wp-json\/wp\/v2\/types\/product"}],"replies":[{"embeddable":true,"href":"https:\/\/aukinkochile.com\/web\/wp-json\/wp\/v2\/comments?post=628317"}],"wp:featuredmedia":[{"embeddable":true,"href":"https:\/\/aukinkochile.com\/web\/wp-json\/wp\/v2\/media\/628316"}],"wp:attachment":[{"href":"https:\/\/aukinkochile.com\/web\/wp-json\/wp\/v2\/media?parent=628317"}],"wp:term":[{"taxonomy":"product_brand","embeddable":true,"href":"https:\/\/aukinkochile.com\/web\/wp-json\/wp\/v2\/product_brand?post=628317"},{"taxonomy":"product_cat","embeddable":true,"href":"https:\/\/aukinkochile.com\/web\/wp-json\/wp\/v2\/product_cat?post=628317"},{"taxonomy":"product_tag","embeddable":true,"href":"https:\/\/aukinkochile.com\/web\/wp-json\/wp\/v2\/product_tag?post=628317"}],"curies":[{"name":"wp","href":"https:\/\/api.w.org\/{rel}","templated":true}]}}