{"id":628301,"date":"2024-06-07T19:43:20","date_gmt":"2024-06-07T19:43:20","guid":{"rendered":"https:\/\/aukinkochile.com\/web\/producto\/muneco-genero-michael\/"},"modified":"2025-11-26T21:59:19","modified_gmt":"2025-11-26T21:59:19","slug":"muneco-genero-michael","status":"publish","type":"product","link":"https:\/\/aukinkochile.com\/web\/producto\/muneco-genero-michael\/","title":{"rendered":"Mu\u00f1eco Genero Michael"},"content":{"rendered":"<p>Mu\u00f1eco de plush Michael. Suave, blando, liviano. Ideal para ser el acompa\u00f1ante de sue\u00f1os y juegos de tu bebe. De gran calidad y precioso dise\u00f1o.<\/p>\n<p><p><strong>Material : <\/strong> Genero Plush<\/p>\n<p><strong>C\u00f3digo Aukinko : <\/strong> 14-110255<\/p>\n<p><strong>C\u00f3digo Convenio Marco : <\/strong> x<\/p>\n","protected":false},"excerpt":{"rendered":"<p>Mu\u00f1eco de plush Michael. Suave, blando, liviano. Ideal para ser el acompa\u00f1ante de sue\u00f1os y juegos de tu bebe. De gran calidad y precioso dise\u00f1o. Material : Genero Plush C\u00f3digo Aukinko : 14-110255 C\u00f3digo Convenio Marco : x<\/p>\n","protected":false},"featured_media":628300,"comment_status":"open","ping_status":"closed","template":"","meta":{"_et_pb_use_builder":"","_et_pb_old_content":"","_et_gb_content_width":""},"product_brand":[],"product_cat":[17,212,23],"product_tag":[],"class_list":{"0":"post-628301","1":"product","2":"type-product","3":"status-publish","4":"has-post-thumbnail","6":"product_cat-juegos-de-rol","7":"product_cat-munecos-y-figuras","8":"product_cat-primeros-anos","9":"pa_edad-0-a-1-ano","10":"pa_edad-1-a-2-anos","11":"pa_edad-2-a-3-anos","12":"pa_edad-3-a-4-anos","13":"pa_marca-kkids","14":"pa_medidas-20-x-32-x-10-cm","16":"first","17":"instock","18":"shipping-taxable","19":"purchasable","20":"product-type-simple"},"aioseo_notices":[],"_links":{"self":[{"href":"https:\/\/aukinkochile.com\/web\/wp-json\/wp\/v2\/product\/628301","targetHints":{"allow":["GET"]}}],"collection":[{"href":"https:\/\/aukinkochile.com\/web\/wp-json\/wp\/v2\/product"}],"about":[{"href":"https:\/\/aukinkochile.com\/web\/wp-json\/wp\/v2\/types\/product"}],"replies":[{"embeddable":true,"href":"https:\/\/aukinkochile.com\/web\/wp-json\/wp\/v2\/comments?post=628301"}],"wp:featuredmedia":[{"embeddable":true,"href":"https:\/\/aukinkochile.com\/web\/wp-json\/wp\/v2\/media\/628300"}],"wp:attachment":[{"href":"https:\/\/aukinkochile.com\/web\/wp-json\/wp\/v2\/media?parent=628301"}],"wp:term":[{"taxonomy":"product_brand","embeddable":true,"href":"https:\/\/aukinkochile.com\/web\/wp-json\/wp\/v2\/product_brand?post=628301"},{"taxonomy":"product_cat","embeddable":true,"href":"https:\/\/aukinkochile.com\/web\/wp-json\/wp\/v2\/product_cat?post=628301"},{"taxonomy":"product_tag","embeddable":true,"href":"https:\/\/aukinkochile.com\/web\/wp-json\/wp\/v2\/product_tag?post=628301"}],"curies":[{"name":"wp","href":"https:\/\/api.w.org\/{rel}","templated":true}]}}