{"id":628229,"date":"2024-05-13T17:59:18","date_gmt":"2024-05-13T17:59:18","guid":{"rendered":"https:\/\/aukinkochile.com\/web\/producto\/cadenas-texturas-12-pz\/"},"modified":"2026-03-27T16:54:58","modified_gmt":"2026-03-27T16:54:58","slug":"cadenas-texturas-12-pz","status":"publish","type":"product","link":"https:\/\/aukinkochile.com\/web\/producto\/cadenas-texturas-12-pz\/","title":{"rendered":"Cadenas Texturas 12 pz"},"content":{"rendered":"<p>12 cadenas pl\u00e1sticas de encaje que f\u00e1cilmente forman enlaces. Anillos de uni\u00f3n coloreados, grumosos, irregulares y ondulados. Muchas texturas interesantes para tocar y sentir, que ayudan a desarrollar las habilidades motoras del bebe.<\/p>\n<p><strong>Material : <\/strong> Pl\u00e1stico<\/p>\n<p><strong>C\u00f3digo Aukinko : <\/strong> 18-5929001<\/p>\n<p><strong>C\u00f3digo Convenio Marco : <\/strong> x<\/p>\n","protected":false},"excerpt":{"rendered":"<p>12 cadenas pl\u00e1sticas de encaje que f\u00e1cilmente forman enlaces. Anillos de uni\u00f3n coloreados, grumosos, irregulares y ondulados. Muchas texturas interesantes para tocar y sentir, que ayudan a desarrollar las habilidades motoras del bebe. Material : Pl\u00e1stico C\u00f3digo Aukinko : 18-5929001 C\u00f3digo Convenio Marco : x<\/p>\n","protected":false},"featured_media":633952,"comment_status":"open","ping_status":"closed","template":"","meta":{"_et_pb_use_builder":"","_et_pb_old_content":"","_et_gb_content_width":""},"product_brand":[],"product_cat":[91,19,23],"product_tag":[],"class_list":{"0":"post-628229","1":"product","2":"type-product","3":"status-publish","4":"has-post-thumbnail","6":"product_cat-accesorios-sala","7":"product_cat-construccion","8":"product_cat-primeros-anos","9":"pa_edad-0-a-1-ano","10":"pa_edad-1-a-2-anos","11":"pa_marca-edushape","12":"pa_medidas-1-x-15","13":"pa_medidas-2-cm","14":"pa_medidas-4400","15":"pa_medidas-3-x-5","17":"first","18":"instock","19":"shipping-taxable","20":"purchasable","21":"product-type-simple"},"aioseo_notices":[],"_links":{"self":[{"href":"https:\/\/aukinkochile.com\/web\/wp-json\/wp\/v2\/product\/628229","targetHints":{"allow":["GET"]}}],"collection":[{"href":"https:\/\/aukinkochile.com\/web\/wp-json\/wp\/v2\/product"}],"about":[{"href":"https:\/\/aukinkochile.com\/web\/wp-json\/wp\/v2\/types\/product"}],"replies":[{"embeddable":true,"href":"https:\/\/aukinkochile.com\/web\/wp-json\/wp\/v2\/comments?post=628229"}],"wp:featuredmedia":[{"embeddable":true,"href":"https:\/\/aukinkochile.com\/web\/wp-json\/wp\/v2\/media\/633952"}],"wp:attachment":[{"href":"https:\/\/aukinkochile.com\/web\/wp-json\/wp\/v2\/media?parent=628229"}],"wp:term":[{"taxonomy":"product_brand","embeddable":true,"href":"https:\/\/aukinkochile.com\/web\/wp-json\/wp\/v2\/product_brand?post=628229"},{"taxonomy":"product_cat","embeddable":true,"href":"https:\/\/aukinkochile.com\/web\/wp-json\/wp\/v2\/product_cat?post=628229"},{"taxonomy":"product_tag","embeddable":true,"href":"https:\/\/aukinkochile.com\/web\/wp-json\/wp\/v2\/product_tag?post=628229"}],"curies":[{"name":"wp","href":"https:\/\/api.w.org\/{rel}","templated":true}]}}