{"id":628227,"date":"2024-05-13T17:59:17","date_gmt":"2024-05-13T17:59:17","guid":{"rendered":"https:\/\/aukinkochile.com\/web\/producto\/libro-genero-cuna-ver-y-sentir\/"},"modified":"2024-12-26T14:57:33","modified_gmt":"2024-12-26T14:57:33","slug":"libro-genero-cuna-ver-y-sentir","status":"publish","type":"product","link":"https:\/\/aukinkochile.com\/web\/producto\/libro-genero-cuna-ver-y-sentir\/","title":{"rendered":"Libro Genero Cuna Ver y Sentir"},"content":{"rendered":"<p>Hermoso libro de g\u00e9nero dise\u00f1ado para estimular los sentidos de los m\u00e1s peque\u00f1os de una forma muy entretenida. Con colores en contraste que lo hacen m\u00e1s atractivo para los m\u00e1s peque\u00f1os y estimulan el desarrollo de la visi\u00f3n. Fabricado en material suave.<\/p>\n<p><p><strong>Material : <\/strong> Genero<\/p>\n<p><strong>C\u00f3digo Aukinko : <\/strong> 18-5925140<\/p>\n<p><strong>C\u00f3digo Convenio Marco : <\/strong> x<\/p>\n","protected":false},"excerpt":{"rendered":"<p>Hermoso libro de g\u00e9nero dise\u00f1ado para estimular los sentidos de los m\u00e1s peque\u00f1os de una forma muy entretenida. Con colores en contraste que lo hacen m\u00e1s atractivo para los m\u00e1s peque\u00f1os y estimulan el desarrollo de la visi\u00f3n. Fabricado en material suave. Material : Genero C\u00f3digo Aukinko : 18-5925140 C\u00f3digo Convenio Marco : x<\/p>\n","protected":false},"featured_media":628230,"comment_status":"open","ping_status":"closed","template":"","meta":{"_et_pb_use_builder":"","_et_pb_old_content":"","_et_gb_content_width":""},"product_brand":[],"product_cat":[91,151,23],"product_tag":[],"class_list":{"0":"post-628227","1":"product","2":"type-product","3":"status-publish","4":"has-post-thumbnail","6":"product_cat-accesorios-sala","7":"product_cat-lenguaje","8":"product_cat-primeros-anos","9":"pa_edad-0-a-1-ano","10":"pa_edad-1-a-2-anos","11":"pa_edad-2-a-3-anos","12":"pa_marca-edushape","13":"pa_medidas-16-x-7-x-17-cm","15":"first","16":"instock","17":"shipping-taxable","18":"purchasable","19":"product-type-simple"},"aioseo_notices":[],"_links":{"self":[{"href":"https:\/\/aukinkochile.com\/web\/wp-json\/wp\/v2\/product\/628227","targetHints":{"allow":["GET"]}}],"collection":[{"href":"https:\/\/aukinkochile.com\/web\/wp-json\/wp\/v2\/product"}],"about":[{"href":"https:\/\/aukinkochile.com\/web\/wp-json\/wp\/v2\/types\/product"}],"replies":[{"embeddable":true,"href":"https:\/\/aukinkochile.com\/web\/wp-json\/wp\/v2\/comments?post=628227"}],"wp:featuredmedia":[{"embeddable":true,"href":"https:\/\/aukinkochile.com\/web\/wp-json\/wp\/v2\/media\/628230"}],"wp:attachment":[{"href":"https:\/\/aukinkochile.com\/web\/wp-json\/wp\/v2\/media?parent=628227"}],"wp:term":[{"taxonomy":"product_brand","embeddable":true,"href":"https:\/\/aukinkochile.com\/web\/wp-json\/wp\/v2\/product_brand?post=628227"},{"taxonomy":"product_cat","embeddable":true,"href":"https:\/\/aukinkochile.com\/web\/wp-json\/wp\/v2\/product_cat?post=628227"},{"taxonomy":"product_tag","embeddable":true,"href":"https:\/\/aukinkochile.com\/web\/wp-json\/wp\/v2\/product_tag?post=628227"}],"curies":[{"name":"wp","href":"https:\/\/api.w.org\/{rel}","templated":true}]}}