{"id":628223,"date":"2024-05-13T17:59:16","date_gmt":"2024-05-13T17:59:16","guid":{"rendered":"https:\/\/aukinkochile.com\/web\/producto\/peluche-caracol-musical\/"},"modified":"2024-12-26T14:57:32","modified_gmt":"2024-12-26T14:57:32","slug":"peluche-caracol-musical","status":"publish","type":"product","link":"https:\/\/aukinkochile.com\/web\/producto\/peluche-caracol-musical\/","title":{"rendered":"Peluche Caracol Musical"},"content":{"rendered":"<p>Divertido peluche de caracol con m\u00fasica para estimular los sentidos de los m\u00e1s peque\u00f1os de una forma muy entretenida. El juego es un divertido teclado musical que tambi\u00e9n puede reproducir canciones pregrabadas y melod\u00edas. Se fija de forma segura a asientos de autom\u00f3vil, cochecitos y cunas. \u00a1Adem\u00e1s incluye tarjetas de instrucciones con ideas musicales! Fabricado en material suave y resistente y colores vivos.<\/p>\n<p><p><strong>Material : <\/strong> Plush<\/p>\n<p><strong>C\u00f3digo Aukinko : <\/strong> 18-5925109<\/p>\n<p><strong>C\u00f3digo Convenio Marco : <\/strong> x<\/p>\n","protected":false},"excerpt":{"rendered":"<p>Divertido peluche de caracol con m\u00fasica para estimular los sentidos de los m\u00e1s peque\u00f1os de una forma muy entretenida. El juego es un divertido teclado musical que tambi\u00e9n puede reproducir canciones pregrabadas y melod\u00edas. Se fija de forma segura a asientos de autom\u00f3vil, cochecitos y cunas. \u00a1Adem\u00e1s incluye tarjetas de instrucciones con ideas musicales! Fabricado [&hellip;]<\/p>\n","protected":false},"featured_media":628224,"comment_status":"open","ping_status":"closed","template":"","meta":{"_et_pb_use_builder":"","_et_pb_old_content":"","_et_gb_content_width":""},"product_brand":[],"product_cat":[212,392,23],"product_tag":[],"class_list":{"0":"post-628223","1":"product","2":"type-product","3":"status-publish","4":"has-post-thumbnail","6":"product_cat-munecos-y-figuras","7":"product_cat-musica","8":"product_cat-primeros-anos","9":"pa_edad-0-a-1-ano","10":"pa_edad-1-a-2-anos","11":"pa_edad-2-a-3-anos","12":"pa_marca-edushape","13":"pa_medidas-4415","14":"pa_medidas-8-cm","15":"pa_medidas-8-x-19-x-22","17":"first","18":"instock","19":"shipping-taxable","20":"purchasable","21":"product-type-simple"},"aioseo_notices":[],"_links":{"self":[{"href":"https:\/\/aukinkochile.com\/web\/wp-json\/wp\/v2\/product\/628223","targetHints":{"allow":["GET"]}}],"collection":[{"href":"https:\/\/aukinkochile.com\/web\/wp-json\/wp\/v2\/product"}],"about":[{"href":"https:\/\/aukinkochile.com\/web\/wp-json\/wp\/v2\/types\/product"}],"replies":[{"embeddable":true,"href":"https:\/\/aukinkochile.com\/web\/wp-json\/wp\/v2\/comments?post=628223"}],"wp:featuredmedia":[{"embeddable":true,"href":"https:\/\/aukinkochile.com\/web\/wp-json\/wp\/v2\/media\/628224"}],"wp:attachment":[{"href":"https:\/\/aukinkochile.com\/web\/wp-json\/wp\/v2\/media?parent=628223"}],"wp:term":[{"taxonomy":"product_brand","embeddable":true,"href":"https:\/\/aukinkochile.com\/web\/wp-json\/wp\/v2\/product_brand?post=628223"},{"taxonomy":"product_cat","embeddable":true,"href":"https:\/\/aukinkochile.com\/web\/wp-json\/wp\/v2\/product_cat?post=628223"},{"taxonomy":"product_tag","embeddable":true,"href":"https:\/\/aukinkochile.com\/web\/wp-json\/wp\/v2\/product_tag?post=628223"}],"curies":[{"name":"wp","href":"https:\/\/api.w.org\/{rel}","templated":true}]}}