{"id":628219,"date":"2024-05-13T17:59:14","date_gmt":"2024-05-13T17:59:14","guid":{"rendered":"https:\/\/aukinkochile.com\/web\/producto\/bloques-goma-texturados-10-pz\/"},"modified":"2026-03-27T16:55:25","modified_gmt":"2026-03-27T16:55:25","slug":"bloques-goma-texturados-10-pz","status":"publish","type":"product","link":"https:\/\/aukinkochile.com\/web\/producto\/bloques-goma-texturados-10-pz\/","title":{"rendered":"Bloques Goma Texturados 10 pz"},"content":{"rendered":"<p>Divertido juego de bloques texturados para ense\u00f1ar a los m\u00e1s peque\u00f1os los n\u00fameros, colores y formas de una forma muy entretenida. Incluye 10 bloques con los que los ni\u00f1os y ni\u00f1as pueden construir y crear todo lo que imaginen. Un juego que desarrolla tanto las habilidades motoras como las habilidades cognitivas. Fabricado en material suave y resistente.<\/p>\n<p><p><strong>Material : <\/strong> Goma<\/p>\n<p><strong>C\u00f3digo Aukinko : <\/strong> 18-5717010<\/p>\n<p><strong>C\u00f3digo Convenio Marco : <\/strong> x<\/p>\n","protected":false},"excerpt":{"rendered":"<p>Divertido juego de bloques texturados para ense\u00f1ar a los m\u00e1s peque\u00f1os los n\u00fameros, colores y formas de una forma muy entretenida. Incluye 10 bloques con los que los ni\u00f1os y ni\u00f1as pueden construir y crear todo lo que imaginen. Un juego que desarrolla tanto las habilidades motoras como las habilidades cognitivas. Fabricado en material suave [&hellip;]<\/p>\n","protected":false},"featured_media":628222,"comment_status":"open","ping_status":"closed","template":"","meta":{"_et_pb_use_builder":"","_et_pb_old_content":"","_et_gb_content_width":""},"product_brand":[],"product_cat":[91,19,20],"product_tag":[],"class_list":{"0":"post-628219","1":"product","2":"type-product","3":"status-publish","4":"has-post-thumbnail","6":"product_cat-accesorios-sala","7":"product_cat-construccion","8":"product_cat-motricidad-fina","9":"pa_edad-1-a-2-anos","10":"pa_edad-2-a-3-anos","11":"pa_edad-3-a-4-anos","12":"pa_marca-edushape","13":"pa_medidas-22-x-6-x-16-cm","15":"first","16":"instock","17":"shipping-taxable","18":"purchasable","19":"product-type-simple"},"aioseo_notices":[],"_links":{"self":[{"href":"https:\/\/aukinkochile.com\/web\/wp-json\/wp\/v2\/product\/628219","targetHints":{"allow":["GET"]}}],"collection":[{"href":"https:\/\/aukinkochile.com\/web\/wp-json\/wp\/v2\/product"}],"about":[{"href":"https:\/\/aukinkochile.com\/web\/wp-json\/wp\/v2\/types\/product"}],"replies":[{"embeddable":true,"href":"https:\/\/aukinkochile.com\/web\/wp-json\/wp\/v2\/comments?post=628219"}],"wp:featuredmedia":[{"embeddable":true,"href":"https:\/\/aukinkochile.com\/web\/wp-json\/wp\/v2\/media\/628222"}],"wp:attachment":[{"href":"https:\/\/aukinkochile.com\/web\/wp-json\/wp\/v2\/media?parent=628219"}],"wp:term":[{"taxonomy":"product_brand","embeddable":true,"href":"https:\/\/aukinkochile.com\/web\/wp-json\/wp\/v2\/product_brand?post=628219"},{"taxonomy":"product_cat","embeddable":true,"href":"https:\/\/aukinkochile.com\/web\/wp-json\/wp\/v2\/product_cat?post=628219"},{"taxonomy":"product_tag","embeddable":true,"href":"https:\/\/aukinkochile.com\/web\/wp-json\/wp\/v2\/product_tag?post=628219"}],"curies":[{"name":"wp","href":"https:\/\/api.w.org\/{rel}","templated":true}]}}