{"id":628215,"date":"2024-05-13T17:59:13","date_gmt":"2024-05-13T17:59:13","guid":{"rendered":"https:\/\/aukinkochile.com\/web\/producto\/bloques-goma-eva-texturas-30-pz\/"},"modified":"2025-06-26T16:15:48","modified_gmt":"2025-06-26T16:15:48","slug":"bloques-goma-eva-texturas-30-pz","status":"publish","type":"product","link":"https:\/\/aukinkochile.com\/web\/producto\/bloques-goma-eva-texturas-30-pz\/","title":{"rendered":"Bloques Goma Eva Texturas 30 pz"},"content":{"rendered":"<p>30 bloques texturados de goma de colores. Para el desarrollo de habilidades motoras y muy recomendado para ni\u00f1os con necesidades especiales.<\/p>\n<p><p><strong>Material : <\/strong> Goma Eva<\/p>\n<p><strong>C\u00f3digo Aukinko : <\/strong> 18-5716030<\/p>\n<p><strong>C\u00f3digo Convenio Marco : <\/strong> x<\/p>\n","protected":false},"excerpt":{"rendered":"<p>30 bloques texturados de goma de colores. Para el desarrollo de habilidades motoras y muy recomendado para ni\u00f1os con necesidades especiales. Material : Goma Eva C\u00f3digo Aukinko : 18-5716030 C\u00f3digo Convenio Marco : x<\/p>\n","protected":false},"featured_media":624512,"comment_status":"open","ping_status":"closed","template":"","meta":{"_et_pb_use_builder":"","_et_pb_old_content":"","_et_gb_content_width":""},"product_brand":[],"product_cat":[91,19,7385,20],"product_tag":[],"class_list":{"0":"post-628215","1":"product","2":"type-product","3":"status-publish","4":"has-post-thumbnail","6":"product_cat-accesorios-sala","7":"product_cat-construccion","8":"product_cat-estimulacion-cognitiva-y-motora-para-adultos-mayores","9":"product_cat-motricidad-fina","10":"pa_edad-2-a-3-anos","11":"pa_edad-3-a-4-anos","12":"pa_edad-4-a-5-anos","13":"pa_edad-5-a-6-anos","14":"pa_edad-6-a-8-anos","15":"pa_marca-edushape","16":"pa_medidas-15-x-22-cm-diametro-bolsa-plastica-con-cierre","18":"first","19":"instock","20":"shipping-taxable","21":"purchasable","22":"product-type-simple"},"aioseo_notices":[],"_links":{"self":[{"href":"https:\/\/aukinkochile.com\/web\/wp-json\/wp\/v2\/product\/628215","targetHints":{"allow":["GET"]}}],"collection":[{"href":"https:\/\/aukinkochile.com\/web\/wp-json\/wp\/v2\/product"}],"about":[{"href":"https:\/\/aukinkochile.com\/web\/wp-json\/wp\/v2\/types\/product"}],"replies":[{"embeddable":true,"href":"https:\/\/aukinkochile.com\/web\/wp-json\/wp\/v2\/comments?post=628215"}],"wp:featuredmedia":[{"embeddable":true,"href":"https:\/\/aukinkochile.com\/web\/wp-json\/wp\/v2\/media\/624512"}],"wp:attachment":[{"href":"https:\/\/aukinkochile.com\/web\/wp-json\/wp\/v2\/media?parent=628215"}],"wp:term":[{"taxonomy":"product_brand","embeddable":true,"href":"https:\/\/aukinkochile.com\/web\/wp-json\/wp\/v2\/product_brand?post=628215"},{"taxonomy":"product_cat","embeddable":true,"href":"https:\/\/aukinkochile.com\/web\/wp-json\/wp\/v2\/product_cat?post=628215"},{"taxonomy":"product_tag","embeddable":true,"href":"https:\/\/aukinkochile.com\/web\/wp-json\/wp\/v2\/product_tag?post=628215"}],"curies":[{"name":"wp","href":"https:\/\/api.w.org\/{rel}","templated":true}]}}