{"id":628202,"date":"2024-05-13T17:59:09","date_gmt":"2024-05-13T17:59:09","guid":{"rendered":"https:\/\/aukinkochile.com\/web\/producto\/pelota-erizo-transparentes-set-4\/"},"modified":"2024-12-26T14:57:16","modified_gmt":"2024-12-26T14:57:16","slug":"pelota-erizo-transparentes-set-4","status":"publish","type":"product","link":"https:\/\/aukinkochile.com\/web\/producto\/pelota-erizo-transparentes-set-4\/","title":{"rendered":"Pelota Erizo Transparentes set 4 pz"},"content":{"rendered":"<p>Set de 4 pelotas sensoriales de goma (10 cm di\u00e1metro c\/u) transparentes. En cuatro colores diferentes. Pelotas dise\u00f1adas para la entretenci\u00f3n y terapias. De gran calidad y dise\u00f1o.<\/p>\n<p><p><strong>Material : <\/strong> Goma<\/p>\n<p><strong>C\u00f3digo Aukinko : <\/strong> 18-5705175<\/p>\n<p><strong>C\u00f3digo Convenio Marco : <\/strong> x<\/p>\n","protected":false},"excerpt":{"rendered":"<p>Set de 4 pelotas sensoriales de goma (10 cm di\u00e1metro c\/u) transparentes. En cuatro colores diferentes. Pelotas dise\u00f1adas para la entretenci\u00f3n y terapias. De gran calidad y dise\u00f1o. Material : Goma C\u00f3digo Aukinko : 18-5705175 C\u00f3digo Convenio Marco : x<\/p>\n","protected":false},"featured_media":628201,"comment_status":"open","ping_status":"closed","template":"","meta":{"_et_pb_use_builder":"","_et_pb_old_content":"","_et_gb_content_width":""},"product_brand":[],"product_cat":[91,18,23],"product_tag":[],"class_list":{"0":"post-628202","1":"product","2":"type-product","3":"status-publish","4":"has-post-thumbnail","6":"product_cat-accesorios-sala","7":"product_cat-motricidad-gruesa","8":"product_cat-primeros-anos","9":"pa_edad-0-a-1-ano","10":"pa_edad-1-a-2-anos","11":"pa_edad-2-a-3-anos","12":"pa_edad-3-a-4-anos","13":"pa_marca-edushape","14":"pa_medidas-22-x-22-x-7-cm-caja","16":"first","17":"instock","18":"shipping-taxable","19":"purchasable","20":"product-type-simple"},"aioseo_notices":[],"_links":{"self":[{"href":"https:\/\/aukinkochile.com\/web\/wp-json\/wp\/v2\/product\/628202","targetHints":{"allow":["GET"]}}],"collection":[{"href":"https:\/\/aukinkochile.com\/web\/wp-json\/wp\/v2\/product"}],"about":[{"href":"https:\/\/aukinkochile.com\/web\/wp-json\/wp\/v2\/types\/product"}],"replies":[{"embeddable":true,"href":"https:\/\/aukinkochile.com\/web\/wp-json\/wp\/v2\/comments?post=628202"}],"wp:featuredmedia":[{"embeddable":true,"href":"https:\/\/aukinkochile.com\/web\/wp-json\/wp\/v2\/media\/628201"}],"wp:attachment":[{"href":"https:\/\/aukinkochile.com\/web\/wp-json\/wp\/v2\/media?parent=628202"}],"wp:term":[{"taxonomy":"product_brand","embeddable":true,"href":"https:\/\/aukinkochile.com\/web\/wp-json\/wp\/v2\/product_brand?post=628202"},{"taxonomy":"product_cat","embeddable":true,"href":"https:\/\/aukinkochile.com\/web\/wp-json\/wp\/v2\/product_cat?post=628202"},{"taxonomy":"product_tag","embeddable":true,"href":"https:\/\/aukinkochile.com\/web\/wp-json\/wp\/v2\/product_tag?post=628202"}],"curies":[{"name":"wp","href":"https:\/\/api.w.org\/{rel}","templated":true}]}}