{"id":628198,"date":"2024-05-13T17:59:08","date_gmt":"2024-05-13T17:59:08","guid":{"rendered":"https:\/\/aukinkochile.com\/web\/producto\/pelota-erizo-puntos-colores-set-4\/"},"modified":"2024-12-26T14:57:13","modified_gmt":"2024-12-26T14:57:13","slug":"pelota-erizo-puntos-colores-set-4","status":"publish","type":"product","link":"https:\/\/aukinkochile.com\/web\/producto\/pelota-erizo-puntos-colores-set-4\/","title":{"rendered":"Pelota Erizo Puntos Colores set 4 pz"},"content":{"rendered":"<p>Hermoso set de pelotas sensoriales de colores originales y variados para estimular a los m\u00e1s peque\u00f1os de una forma muy divertida. Dise\u00f1adas para desarrollar habilidades sensoriales a trav\u00e9s de texturas y colores y habilidades motoras gruesas a trav\u00e9s de los rebotes y haciendo que los beb\u00e9s se muevan. Fabricadas en material suave y resistente.<\/p>\n<p><p><strong>Material : <\/strong> Goma<\/p>\n<p><strong>C\u00f3digo Aukinko : <\/strong> 18-5705173<\/p>\n<p><strong>C\u00f3digo Convenio Marco : <\/strong> x<\/p>\n","protected":false},"excerpt":{"rendered":"<p>Hermoso set de pelotas sensoriales de colores originales y variados para estimular a los m\u00e1s peque\u00f1os de una forma muy divertida. Dise\u00f1adas para desarrollar habilidades sensoriales a trav\u00e9s de texturas y colores y habilidades motoras gruesas a trav\u00e9s de los rebotes y haciendo que los beb\u00e9s se muevan. Fabricadas en material suave y resistente. Material [&hellip;]<\/p>\n","protected":false},"featured_media":628207,"comment_status":"open","ping_status":"closed","template":"","meta":{"_et_pb_use_builder":"","_et_pb_old_content":"","_et_gb_content_width":""},"product_brand":[],"product_cat":[91,18,23],"product_tag":[],"class_list":{"0":"post-628198","1":"product","2":"type-product","3":"status-publish","4":"has-post-thumbnail","6":"product_cat-accesorios-sala","7":"product_cat-motricidad-gruesa","8":"product_cat-primeros-anos","9":"pa_edad-0-a-1-ano","10":"pa_edad-1-a-2-anos","11":"pa_edad-2-a-3-anos","12":"pa_marca-edushape","13":"pa_medidas-22-x-10-x-25-cm","15":"first","16":"instock","17":"shipping-taxable","18":"purchasable","19":"product-type-simple"},"aioseo_notices":[],"_links":{"self":[{"href":"https:\/\/aukinkochile.com\/web\/wp-json\/wp\/v2\/product\/628198","targetHints":{"allow":["GET"]}}],"collection":[{"href":"https:\/\/aukinkochile.com\/web\/wp-json\/wp\/v2\/product"}],"about":[{"href":"https:\/\/aukinkochile.com\/web\/wp-json\/wp\/v2\/types\/product"}],"replies":[{"embeddable":true,"href":"https:\/\/aukinkochile.com\/web\/wp-json\/wp\/v2\/comments?post=628198"}],"wp:featuredmedia":[{"embeddable":true,"href":"https:\/\/aukinkochile.com\/web\/wp-json\/wp\/v2\/media\/628207"}],"wp:attachment":[{"href":"https:\/\/aukinkochile.com\/web\/wp-json\/wp\/v2\/media?parent=628198"}],"wp:term":[{"taxonomy":"product_brand","embeddable":true,"href":"https:\/\/aukinkochile.com\/web\/wp-json\/wp\/v2\/product_brand?post=628198"},{"taxonomy":"product_cat","embeddable":true,"href":"https:\/\/aukinkochile.com\/web\/wp-json\/wp\/v2\/product_cat?post=628198"},{"taxonomy":"product_tag","embeddable":true,"href":"https:\/\/aukinkochile.com\/web\/wp-json\/wp\/v2\/product_tag?post=628198"}],"curies":[{"name":"wp","href":"https:\/\/api.w.org\/{rel}","templated":true}]}}