{"id":628170,"date":"2024-05-02T18:24:56","date_gmt":"2024-05-02T18:24:56","guid":{"rendered":"https:\/\/aukinkochile.com\/web\/producto\/pelota-espacio-rebote-c-u\/"},"modified":"2024-05-02T18:25:44","modified_gmt":"2024-05-02T18:25:44","slug":"pelota-espacio-rebote-c-u","status":"publish","type":"product","link":"https:\/\/aukinkochile.com\/web\/producto\/pelota-espacio-rebote-c-u\/","title":{"rendered":"Pelota Espacio Rebote c\/u"},"content":{"rendered":"<p>Hermosa pelota fabricada en goma de excelente calidad y original dise\u00f1o para pasar horas de diversi\u00f3n. Tama\u00f1o 6,5 cm di\u00e1metro. Colores surtidos. Precio por unidad.<\/p>\n<p><p><strong>Material : <\/strong> Goma<\/p>\n<p><strong>C\u00f3digo Aukinko : <\/strong> 08-856656<\/p>\n<p><strong>C\u00f3digo Convenio Marco : <\/strong> x<\/p>\n","protected":false},"excerpt":{"rendered":"<p>Hermosa pelota fabricada en goma de excelente calidad y original dise\u00f1o para pasar horas de diversi\u00f3n. Tama\u00f1o 6,5 cm di\u00e1metro. Colores surtidos. Precio por unidad. Material : Goma C\u00f3digo Aukinko : 08-856656 C\u00f3digo Convenio Marco : x<\/p>\n","protected":false},"featured_media":628169,"comment_status":"open","ping_status":"closed","template":"","meta":{"_et_pb_use_builder":"","_et_pb_old_content":"","_et_gb_content_width":""},"product_brand":[],"product_cat":[18],"product_tag":[],"class_list":{"0":"post-628170","1":"product","2":"type-product","3":"status-publish","4":"has-post-thumbnail","6":"product_cat-motricidad-gruesa","7":"pa_edad-10-anos","8":"pa_edad-3-a-4-anos","9":"pa_edad-4-a-5-anos","10":"pa_edad-5-a-6-anos","11":"pa_edad-6-a-8-anos","12":"pa_edad-8-a-10-anos","13":"pa_marca-john","14":"pa_medidas-5-cm-diametro","15":"pa_medidas-4325","17":"first","18":"instock","19":"shipping-taxable","20":"purchasable","21":"product-type-simple"},"aioseo_notices":[],"_links":{"self":[{"href":"https:\/\/aukinkochile.com\/web\/wp-json\/wp\/v2\/product\/628170","targetHints":{"allow":["GET"]}}],"collection":[{"href":"https:\/\/aukinkochile.com\/web\/wp-json\/wp\/v2\/product"}],"about":[{"href":"https:\/\/aukinkochile.com\/web\/wp-json\/wp\/v2\/types\/product"}],"replies":[{"embeddable":true,"href":"https:\/\/aukinkochile.com\/web\/wp-json\/wp\/v2\/comments?post=628170"}],"wp:featuredmedia":[{"embeddable":true,"href":"https:\/\/aukinkochile.com\/web\/wp-json\/wp\/v2\/media\/628169"}],"wp:attachment":[{"href":"https:\/\/aukinkochile.com\/web\/wp-json\/wp\/v2\/media?parent=628170"}],"wp:term":[{"taxonomy":"product_brand","embeddable":true,"href":"https:\/\/aukinkochile.com\/web\/wp-json\/wp\/v2\/product_brand?post=628170"},{"taxonomy":"product_cat","embeddable":true,"href":"https:\/\/aukinkochile.com\/web\/wp-json\/wp\/v2\/product_cat?post=628170"},{"taxonomy":"product_tag","embeddable":true,"href":"https:\/\/aukinkochile.com\/web\/wp-json\/wp\/v2\/product_tag?post=628170"}],"curies":[{"name":"wp","href":"https:\/\/api.w.org\/{rel}","templated":true}]}}