{"id":628166,"date":"2024-05-02T18:24:55","date_gmt":"2024-05-02T18:24:55","guid":{"rendered":"https:\/\/aukinkochile.com\/web\/producto\/pelota-vinyl-mundo-23-cm\/"},"modified":"2024-05-02T18:25:44","modified_gmt":"2024-05-02T18:25:44","slug":"pelota-vinyl-mundo-23-cm","status":"publish","type":"product","link":"https:\/\/aukinkochile.com\/web\/producto\/pelota-vinyl-mundo-23-cm\/","title":{"rendered":"Pelota Vinyl Mundo 23 cm"},"content":{"rendered":"<p>Pelota suave fabricada en vinyl con un hermoso dise\u00f1o de Mapa Mundo para pasar horas de diversi\u00f3n. De material suave y resistente y colores vivos. Tama\u00f1o 23 cm di\u00e1metro.<\/p>\n<p><p><strong>Material : <\/strong> Vinyl<\/p>\n<p><strong>C\u00f3digo Aukinko : <\/strong> 08-854293<\/p>\n<p><strong>C\u00f3digo Convenio Marco : <\/strong> x<\/p>\n","protected":false},"excerpt":{"rendered":"<p>Pelota suave fabricada en vinyl con un hermoso dise\u00f1o de Mapa Mundo para pasar horas de diversi\u00f3n. De material suave y resistente y colores vivos. Tama\u00f1o 23 cm di\u00e1metro. Material : Vinyl C\u00f3digo Aukinko : 08-854293 C\u00f3digo Convenio Marco : x<\/p>\n","protected":false},"featured_media":628165,"comment_status":"open","ping_status":"closed","template":"","meta":{"_et_pb_use_builder":"","_et_pb_old_content":"","_et_gb_content_width":""},"product_brand":[],"product_cat":[1005,148,18],"product_tag":[],"class_list":{"0":"post-628166","1":"product","2":"type-product","3":"status-publish","4":"has-post-thumbnail","6":"product_cat-accesorios-patio","7":"product_cat-deportes","8":"product_cat-motricidad-gruesa","9":"pa_edad-2-a-3-anos","10":"pa_edad-3-a-4-anos","11":"pa_edad-4-a-5-anos","12":"pa_edad-5-a-6-anos","13":"pa_edad-6-a-8-anos","14":"pa_marca-john","15":"pa_medidas-23-cm-diametro","17":"first","18":"instock","19":"shipping-taxable","20":"purchasable","21":"product-type-simple"},"aioseo_notices":[],"_links":{"self":[{"href":"https:\/\/aukinkochile.com\/web\/wp-json\/wp\/v2\/product\/628166","targetHints":{"allow":["GET"]}}],"collection":[{"href":"https:\/\/aukinkochile.com\/web\/wp-json\/wp\/v2\/product"}],"about":[{"href":"https:\/\/aukinkochile.com\/web\/wp-json\/wp\/v2\/types\/product"}],"replies":[{"embeddable":true,"href":"https:\/\/aukinkochile.com\/web\/wp-json\/wp\/v2\/comments?post=628166"}],"wp:featuredmedia":[{"embeddable":true,"href":"https:\/\/aukinkochile.com\/web\/wp-json\/wp\/v2\/media\/628165"}],"wp:attachment":[{"href":"https:\/\/aukinkochile.com\/web\/wp-json\/wp\/v2\/media?parent=628166"}],"wp:term":[{"taxonomy":"product_brand","embeddable":true,"href":"https:\/\/aukinkochile.com\/web\/wp-json\/wp\/v2\/product_brand?post=628166"},{"taxonomy":"product_cat","embeddable":true,"href":"https:\/\/aukinkochile.com\/web\/wp-json\/wp\/v2\/product_cat?post=628166"},{"taxonomy":"product_tag","embeddable":true,"href":"https:\/\/aukinkochile.com\/web\/wp-json\/wp\/v2\/product_tag?post=628166"}],"curies":[{"name":"wp","href":"https:\/\/api.w.org\/{rel}","templated":true}]}}