{"id":628160,"date":"2024-05-02T18:24:53","date_gmt":"2024-05-02T18:24:53","guid":{"rendered":"https:\/\/aukinkochile.com\/web\/producto\/pelota-twist-voley-22-cm-c-u\/"},"modified":"2025-06-26T16:14:21","modified_gmt":"2025-06-26T16:14:21","slug":"pelota-twist-voley-22-cm-c-u","status":"publish","type":"product","link":"https:\/\/aukinkochile.com\/web\/producto\/pelota-twist-voley-22-cm-c-u\/","title":{"rendered":"Pelota Twist V\u00f3ley 22 cm c\/u"},"content":{"rendered":"<p>Pelota suave de v\u00f3ley para pasar horas de diversi\u00f3n. De material suave y resistente y colores vivos. Tama\u00f1o 5 (21 cm di\u00e1metro). 2 colores surtidos. Precio por unidad.<\/p>\n<p><p><strong>Material : <\/strong> Espuma<\/p>\n<p><strong>C\u00f3digo Aukinko : <\/strong> 08-852636<\/p>\n<p><strong>C\u00f3digo Convenio Marco : <\/strong> x<\/p>\n","protected":false},"excerpt":{"rendered":"<p>Pelota suave de v\u00f3ley para pasar horas de diversi\u00f3n. De material suave y resistente y colores vivos. Tama\u00f1o 5 (21 cm di\u00e1metro). 2 colores surtidos. Precio por unidad. Material : Espuma C\u00f3digo Aukinko : 08-852636 C\u00f3digo Convenio Marco : x<\/p>\n","protected":false},"featured_media":628159,"comment_status":"open","ping_status":"closed","template":"","meta":{"_et_pb_use_builder":"","_et_pb_old_content":"","_et_gb_content_width":""},"product_brand":[],"product_cat":[7385,18],"product_tag":[],"class_list":{"0":"post-628160","1":"product","2":"type-product","3":"status-publish","4":"has-post-thumbnail","6":"product_cat-estimulacion-cognitiva-y-motora-para-adultos-mayores","7":"product_cat-motricidad-gruesa","8":"pa_edad-10-anos","9":"pa_edad-3-a-4-anos","10":"pa_edad-4-a-5-anos","11":"pa_edad-5-a-6-anos","12":"pa_edad-6-a-8-anos","13":"pa_edad-8-a-10-anos","14":"pa_marca-john","15":"pa_medidas-22-cm-diametro","17":"first","18":"instock","19":"shipping-taxable","20":"purchasable","21":"product-type-simple"},"aioseo_notices":[],"_links":{"self":[{"href":"https:\/\/aukinkochile.com\/web\/wp-json\/wp\/v2\/product\/628160","targetHints":{"allow":["GET"]}}],"collection":[{"href":"https:\/\/aukinkochile.com\/web\/wp-json\/wp\/v2\/product"}],"about":[{"href":"https:\/\/aukinkochile.com\/web\/wp-json\/wp\/v2\/types\/product"}],"replies":[{"embeddable":true,"href":"https:\/\/aukinkochile.com\/web\/wp-json\/wp\/v2\/comments?post=628160"}],"wp:featuredmedia":[{"embeddable":true,"href":"https:\/\/aukinkochile.com\/web\/wp-json\/wp\/v2\/media\/628159"}],"wp:attachment":[{"href":"https:\/\/aukinkochile.com\/web\/wp-json\/wp\/v2\/media?parent=628160"}],"wp:term":[{"taxonomy":"product_brand","embeddable":true,"href":"https:\/\/aukinkochile.com\/web\/wp-json\/wp\/v2\/product_brand?post=628160"},{"taxonomy":"product_cat","embeddable":true,"href":"https:\/\/aukinkochile.com\/web\/wp-json\/wp\/v2\/product_cat?post=628160"},{"taxonomy":"product_tag","embeddable":true,"href":"https:\/\/aukinkochile.com\/web\/wp-json\/wp\/v2\/product_tag?post=628160"}],"curies":[{"name":"wp","href":"https:\/\/api.w.org\/{rel}","templated":true}]}}