{"id":628151,"date":"2024-05-02T18:24:49","date_gmt":"2024-05-02T18:24:49","guid":{"rendered":"https:\/\/aukinkochile.com\/web\/producto\/juego-encaje-y-circuito-madera\/"},"modified":"2024-05-02T18:25:35","modified_gmt":"2024-05-02T18:25:35","slug":"juego-encaje-y-circuito-madera","status":"publish","type":"product","link":"https:\/\/aukinkochile.com\/web\/producto\/juego-encaje-y-circuito-madera\/","title":{"rendered":"Juego Encaje y Circuito Madera"},"content":{"rendered":"<p>Divertido juego de estimulaci\u00f3n para los m\u00e1s peque\u00f1os, incluye variados elementos para que los ni\u00f1os y ni\u00f1as jueguen y aprendan a la vez. Incluye  un circuito para los autitos incluidos y las pelotas de madera, un panel de encaje de n\u00fameros y formas geom\u00e9tricas, ruedas de dos colores para ver caer en el panel con circuito. Un juego dise\u00f1ado para estimular la motricidad fina y los sentidos de los m\u00e1s peque\u00f1os.<\/p>\n<p><p><strong>Material : <\/strong> Madera<\/p>\n<p><strong>C\u00f3digo Aukinko : <\/strong> 08-840956<\/p>\n<p><strong>C\u00f3digo Convenio Marco : <\/strong> x<\/p>\n","protected":false},"excerpt":{"rendered":"<p>Divertido juego de estimulaci\u00f3n para los m\u00e1s peque\u00f1os, incluye variados elementos para que los ni\u00f1os y ni\u00f1as jueguen y aprendan a la vez. Incluye un circuito para los autitos incluidos y las pelotas de madera, un panel de encaje de n\u00fameros y formas geom\u00e9tricas, ruedas de dos colores para ver caer en el panel con [&hellip;]<\/p>\n","protected":false},"featured_media":628150,"comment_status":"open","ping_status":"closed","template":"","meta":{"_et_pb_use_builder":"","_et_pb_old_content":"","_et_gb_content_width":""},"product_brand":[],"product_cat":[20],"product_tag":[],"class_list":{"0":"post-628151","1":"product","2":"type-product","3":"status-publish","4":"has-post-thumbnail","6":"product_cat-motricidad-fina","7":"pa_edad-2-a-3-anos","8":"pa_edad-3-a-4-anos","9":"pa_edad-4-a-5-anos","10":"pa_edad-5-a-6-anos","11":"pa_marca-john","12":"pa_medidas-66-x-25-x-59-cm","14":"first","15":"instock","16":"shipping-taxable","17":"purchasable","18":"product-type-simple"},"aioseo_notices":[],"_links":{"self":[{"href":"https:\/\/aukinkochile.com\/web\/wp-json\/wp\/v2\/product\/628151","targetHints":{"allow":["GET"]}}],"collection":[{"href":"https:\/\/aukinkochile.com\/web\/wp-json\/wp\/v2\/product"}],"about":[{"href":"https:\/\/aukinkochile.com\/web\/wp-json\/wp\/v2\/types\/product"}],"replies":[{"embeddable":true,"href":"https:\/\/aukinkochile.com\/web\/wp-json\/wp\/v2\/comments?post=628151"}],"wp:featuredmedia":[{"embeddable":true,"href":"https:\/\/aukinkochile.com\/web\/wp-json\/wp\/v2\/media\/628150"}],"wp:attachment":[{"href":"https:\/\/aukinkochile.com\/web\/wp-json\/wp\/v2\/media?parent=628151"}],"wp:term":[{"taxonomy":"product_brand","embeddable":true,"href":"https:\/\/aukinkochile.com\/web\/wp-json\/wp\/v2\/product_brand?post=628151"},{"taxonomy":"product_cat","embeddable":true,"href":"https:\/\/aukinkochile.com\/web\/wp-json\/wp\/v2\/product_cat?post=628151"},{"taxonomy":"product_tag","embeddable":true,"href":"https:\/\/aukinkochile.com\/web\/wp-json\/wp\/v2\/product_tag?post=628151"}],"curies":[{"name":"wp","href":"https:\/\/api.w.org\/{rel}","templated":true}]}}