{"id":628149,"date":"2024-05-02T18:24:49","date_gmt":"2024-05-02T18:24:49","guid":{"rendered":"https:\/\/aukinkochile.com\/web\/producto\/juego-madera-circuito\/"},"modified":"2024-05-02T18:25:35","modified_gmt":"2024-05-02T18:25:35","slug":"juego-madera-circuito","status":"publish","type":"product","link":"https:\/\/aukinkochile.com\/web\/producto\/juego-madera-circuito\/","title":{"rendered":"Juego Madera Circuito"},"content":{"rendered":"<p>Divertido juego de circuitos y equilibrio de madera para que los m\u00e1s peque\u00f1os pasen horas de diversi\u00f3n. Las bolas con anillos hacen que los extremos de los paneles sean m\u00e1s atractivos visualmente. Un juego en el que los ni\u00f1os y ni\u00f1as podr\u00e1n reconocer los conceptos de acci\u00f3n y reacci\u00f3n. Fabricado en madera suave y colores vivos. Incluye 4 pelotas de madera de colores, 1 auto, 1 payaso, 1 planeta y 5 pistas en la estructura de madera. Dise\u00f1ado para estimular el desarrollo de las habilidades motoras y cognitivas de una forma muy entretenida.<\/p>\n<p><p><strong>Material : <\/strong> Madera<\/p>\n<p><strong>C\u00f3digo Aukinko : <\/strong> 08-840950<\/p>\n<p><strong>C\u00f3digo Convenio Marco : <\/strong> x<\/p>\n","protected":false},"excerpt":{"rendered":"<p>Divertido juego de circuitos y equilibrio de madera para que los m\u00e1s peque\u00f1os pasen horas de diversi\u00f3n. Las bolas con anillos hacen que los extremos de los paneles sean m\u00e1s atractivos visualmente. Un juego en el que los ni\u00f1os y ni\u00f1as podr\u00e1n reconocer los conceptos de acci\u00f3n y reacci\u00f3n. Fabricado en madera suave y colores [&hellip;]<\/p>\n","protected":false},"featured_media":628148,"comment_status":"open","ping_status":"closed","template":"","meta":{"_et_pb_use_builder":"","_et_pb_old_content":"","_et_gb_content_width":""},"product_brand":[],"product_cat":[20],"product_tag":[],"class_list":{"0":"post-628149","1":"product","2":"type-product","3":"status-publish","4":"has-post-thumbnail","6":"product_cat-motricidad-fina","7":"pa_edad-2-a-3-anos","8":"pa_edad-3-a-4-anos","9":"pa_edad-4-a-5-anos","10":"pa_edad-5-a-6-anos","11":"pa_marca-john","12":"pa_medidas-66-x-10-x-56-cm","14":"first","15":"instock","16":"shipping-taxable","17":"purchasable","18":"product-type-simple"},"aioseo_notices":[],"_links":{"self":[{"href":"https:\/\/aukinkochile.com\/web\/wp-json\/wp\/v2\/product\/628149","targetHints":{"allow":["GET"]}}],"collection":[{"href":"https:\/\/aukinkochile.com\/web\/wp-json\/wp\/v2\/product"}],"about":[{"href":"https:\/\/aukinkochile.com\/web\/wp-json\/wp\/v2\/types\/product"}],"replies":[{"embeddable":true,"href":"https:\/\/aukinkochile.com\/web\/wp-json\/wp\/v2\/comments?post=628149"}],"wp:featuredmedia":[{"embeddable":true,"href":"https:\/\/aukinkochile.com\/web\/wp-json\/wp\/v2\/media\/628148"}],"wp:attachment":[{"href":"https:\/\/aukinkochile.com\/web\/wp-json\/wp\/v2\/media?parent=628149"}],"wp:term":[{"taxonomy":"product_brand","embeddable":true,"href":"https:\/\/aukinkochile.com\/web\/wp-json\/wp\/v2\/product_brand?post=628149"},{"taxonomy":"product_cat","embeddable":true,"href":"https:\/\/aukinkochile.com\/web\/wp-json\/wp\/v2\/product_cat?post=628149"},{"taxonomy":"product_tag","embeddable":true,"href":"https:\/\/aukinkochile.com\/web\/wp-json\/wp\/v2\/product_tag?post=628149"}],"curies":[{"name":"wp","href":"https:\/\/api.w.org\/{rel}","templated":true}]}}