{"id":628147,"date":"2024-05-02T18:24:48","date_gmt":"2024-05-02T18:24:48","guid":{"rendered":"https:\/\/aukinkochile.com\/web\/producto\/juego-madera-bolitas-kalaha\/"},"modified":"2024-05-02T18:25:34","modified_gmt":"2024-05-02T18:25:34","slug":"juego-madera-bolitas-kalaha","status":"publish","type":"product","link":"https:\/\/aukinkochile.com\/web\/producto\/juego-madera-bolitas-kalaha\/","title":{"rendered":"Juego Madera Bolitas Kalaha"},"content":{"rendered":"<p>Divertido juego de estrategia para 2 jugadores con 48 fichas de cristal de colores, el tablero de juego es plegable, f\u00e1cil de llevar a todas partes. Este juego se juega entre dos personas sobre un tablero compuesto por 12 hoyos. El objetivo es tener en tu lado del tablero el m\u00e1ximo posible de fichas. El jugador que empieza elige cualquier hoyo de su campo y coge todas las fichas depositadas en \u00e9ste. Las reparte a continuaci\u00f3n en sentido anti-horario, sembr\u00e1ndolas una a una en cada hoyo que encuentra en el trayecto. El adversario juega despu\u00e9s de forma similar. Los jugadores contin\u00faan realizando estos movimientos alternativamente. Tama\u00f1o del tablero desplegado aproximadamente 47 x 14 x 1,7 cm, dimensiones cuando est\u00e1 plegado aproximadamente 23,5 x 14 x 3,5 cm. <\/p>\n<p><p><strong>Material : <\/strong> Madera y Pl\u00e1stico<\/p>\n<p><strong>C\u00f3digo Aukinko : <\/strong> 08-840339<\/p>\n<p><strong>C\u00f3digo Convenio Marco : <\/strong> x<\/p>\n","protected":false},"excerpt":{"rendered":"<p>Divertido juego de estrategia para 2 jugadores con 48 fichas de cristal de colores, el tablero de juego es plegable, f\u00e1cil de llevar a todas partes. Este juego se juega entre dos personas sobre un tablero compuesto por 12 hoyos. El objetivo es tener en tu lado del tablero el m\u00e1ximo posible de fichas. El [&hellip;]<\/p>\n","protected":false},"featured_media":628146,"comment_status":"open","ping_status":"closed","template":"","meta":{"_et_pb_use_builder":"","_et_pb_old_content":"","_et_gb_content_width":""},"product_brand":[],"product_cat":[149],"product_tag":[],"class_list":{"0":"post-628147","1":"product","2":"type-product","3":"status-publish","4":"has-post-thumbnail","6":"product_cat-juegos-de-mesa","7":"pa_edad-10-anos","8":"pa_edad-8-a-10-anos","9":"pa_marca-john","10":"pa_medidas-14-x-23","11":"pa_medidas-5-x-3","12":"pa_medidas-6-cm","14":"first","15":"instock","16":"shipping-taxable","17":"purchasable","18":"product-type-simple"},"aioseo_notices":[],"_links":{"self":[{"href":"https:\/\/aukinkochile.com\/web\/wp-json\/wp\/v2\/product\/628147","targetHints":{"allow":["GET"]}}],"collection":[{"href":"https:\/\/aukinkochile.com\/web\/wp-json\/wp\/v2\/product"}],"about":[{"href":"https:\/\/aukinkochile.com\/web\/wp-json\/wp\/v2\/types\/product"}],"replies":[{"embeddable":true,"href":"https:\/\/aukinkochile.com\/web\/wp-json\/wp\/v2\/comments?post=628147"}],"wp:featuredmedia":[{"embeddable":true,"href":"https:\/\/aukinkochile.com\/web\/wp-json\/wp\/v2\/media\/628146"}],"wp:attachment":[{"href":"https:\/\/aukinkochile.com\/web\/wp-json\/wp\/v2\/media?parent=628147"}],"wp:term":[{"taxonomy":"product_brand","embeddable":true,"href":"https:\/\/aukinkochile.com\/web\/wp-json\/wp\/v2\/product_brand?post=628147"},{"taxonomy":"product_cat","embeddable":true,"href":"https:\/\/aukinkochile.com\/web\/wp-json\/wp\/v2\/product_cat?post=628147"},{"taxonomy":"product_tag","embeddable":true,"href":"https:\/\/aukinkochile.com\/web\/wp-json\/wp\/v2\/product_tag?post=628147"}],"curies":[{"name":"wp","href":"https:\/\/api.w.org\/{rel}","templated":true}]}}