{"id":628113,"date":"2024-04-29T20:50:44","date_gmt":"2024-04-29T20:50:44","guid":{"rendered":"https:\/\/aukinkochile.com\/web\/producto\/alfombra-numeros-luche\/"},"modified":"2025-06-17T17:35:00","modified_gmt":"2025-06-17T17:35:00","slug":"alfombra-numeros-luche","status":"publish","type":"product","link":"https:\/\/aukinkochile.com\/web\/producto\/alfombra-numeros-luche\/","title":{"rendered":"Alfombra N\u00fameros Luche"},"content":{"rendered":"<p>Hermosa alfombra de excelente calidad y dise\u00f1o. Con un largo de 200 cm y un ancho de 100 cm es ideal para salas cuna y jardines. F\u00e1cil de limpiar y de material suave. Lavable con shampoo para alfombras. \u00bfY si jug\u00e1ramos en esta alfombra? \u00a1Cuenta del 1 al 10 y salta sin parar! De material sint\u00e9tico, ligero y f\u00e1cil de mantener. Esta alfombra es ideal para espacios de mucho tr\u00e1nsito, con pelo corto y material de poliamida de f\u00e1cil mantenimiento y alta resistencia. Divertida y colorida con una decoraci\u00f3n gr\u00e1fica que transforma la habitaci\u00f3n en una zona de juegos.<\/p>\n<p><p><strong>Material : <\/strong> Poliamida 1500g\/m\u00b2 remallada con soporte de fieltro.<\/p>\n<p><strong>C\u00f3digo Aukinko : <\/strong> 08-7163357<\/p>\n<p><strong>C\u00f3digo Convenio Marco : <\/strong> x<\/p>\n","protected":false},"excerpt":{"rendered":"<p>Hermosa alfombra de excelente calidad y dise\u00f1o. Con un largo de 200 cm y un ancho de 100 cm es ideal para salas cuna y jardines. F\u00e1cil de limpiar y de material suave. Lavable con shampoo para alfombras. \u00bfY si jug\u00e1ramos en esta alfombra? \u00a1Cuenta del 1 al 10 y salta sin parar! De material [&hellip;]<\/p>\n","protected":false},"featured_media":628112,"comment_status":"open","ping_status":"closed","template":"","meta":{"_et_pb_use_builder":"","_et_pb_old_content":"","_et_gb_content_width":""},"product_brand":[],"product_cat":[91,18],"product_tag":[],"class_list":{"0":"post-628113","1":"product","2":"type-product","3":"status-publish","4":"has-post-thumbnail","6":"product_cat-accesorios-sala","7":"product_cat-motricidad-gruesa","8":"pa_edad-1-a-2-anos","9":"pa_edad-2-a-3-anos","10":"pa_edad-3-a-4-anos","11":"pa_edad-4-a-5-anos","12":"pa_edad-5-a-6-anos","13":"pa_edad-6-a-8-anos","14":"pa_marca-wesco","15":"pa_medidas-200-x-100-x-0","16":"pa_medidas-4-cm","18":"first","19":"instock","20":"shipping-taxable","21":"purchasable","22":"product-type-simple"},"aioseo_notices":[],"_links":{"self":[{"href":"https:\/\/aukinkochile.com\/web\/wp-json\/wp\/v2\/product\/628113","targetHints":{"allow":["GET"]}}],"collection":[{"href":"https:\/\/aukinkochile.com\/web\/wp-json\/wp\/v2\/product"}],"about":[{"href":"https:\/\/aukinkochile.com\/web\/wp-json\/wp\/v2\/types\/product"}],"replies":[{"embeddable":true,"href":"https:\/\/aukinkochile.com\/web\/wp-json\/wp\/v2\/comments?post=628113"}],"wp:featuredmedia":[{"embeddable":true,"href":"https:\/\/aukinkochile.com\/web\/wp-json\/wp\/v2\/media\/628112"}],"wp:attachment":[{"href":"https:\/\/aukinkochile.com\/web\/wp-json\/wp\/v2\/media?parent=628113"}],"wp:term":[{"taxonomy":"product_brand","embeddable":true,"href":"https:\/\/aukinkochile.com\/web\/wp-json\/wp\/v2\/product_brand?post=628113"},{"taxonomy":"product_cat","embeddable":true,"href":"https:\/\/aukinkochile.com\/web\/wp-json\/wp\/v2\/product_cat?post=628113"},{"taxonomy":"product_tag","embeddable":true,"href":"https:\/\/aukinkochile.com\/web\/wp-json\/wp\/v2\/product_tag?post=628113"}],"curies":[{"name":"wp","href":"https:\/\/api.w.org\/{rel}","templated":true}]}}