{"id":628109,"date":"2024-04-29T20:49:09","date_gmt":"2024-04-29T20:49:09","guid":{"rendered":"https:\/\/aukinkochile.com\/web\/producto\/cojin-gigante-pulpo-texturas\/"},"modified":"2025-06-26T16:13:54","modified_gmt":"2025-06-26T16:13:54","slug":"cojin-gigante-pulpo-texturas","status":"publish","type":"product","link":"https:\/\/aukinkochile.com\/web\/producto\/cojin-gigante-pulpo-texturas\/","title":{"rendered":"Coj\u00edn Gigante Pulpo Texturas"},"content":{"rendered":"<p>Animal gigante de genero para el suelo. El  relleno de espuma es suave para la comodidad de los peque\u00f1os, tienen la caracter\u00edstica de poder ser un coj\u00edn, un  asiento, un pouff o un gigante animal de juego. De gran colorido y excelente calidad. (Stock limitado, preguntar por si necesita mas de una unidad)<\/p>\n<p><p><strong>Material : <\/strong> Genero<\/p>\n<p><strong>C\u00f3digo Aukinko : <\/strong> 08-7150619<\/p>\n<p><strong>C\u00f3digo Convenio Marco : <\/strong> x<\/p>\n","protected":false},"excerpt":{"rendered":"<p>Animal gigante de genero para el suelo. El relleno de espuma es suave para la comodidad de los peque\u00f1os, tienen la caracter\u00edstica de poder ser un coj\u00edn, un asiento, un pouff o un gigante animal de juego. De gran colorido y excelente calidad. (Stock limitado, preguntar por si necesita mas de una unidad) Material : [&hellip;]<\/p>\n","protected":false},"featured_media":580453,"comment_status":"open","ping_status":"closed","template":"","meta":{"_et_pb_use_builder":"","_et_pb_old_content":"","_et_gb_content_width":""},"product_brand":[],"product_cat":[91,7385,23],"product_tag":[],"class_list":{"0":"post-628109","1":"product","2":"type-product","3":"status-publish","4":"has-post-thumbnail","6":"product_cat-accesorios-sala","7":"product_cat-estimulacion-cognitiva-y-motora-para-adultos-mayores","8":"product_cat-primeros-anos","9":"pa_edad-0-a-1-ano","10":"pa_edad-1-a-2-anos","11":"pa_edad-2-a-3-anos","12":"pa_edad-3-a-4-anos","13":"pa_edad-4-a-5-anos","14":"pa_marca-wesco","15":"pa_medidas-70-cm-diametro-x-30-cm","17":"first","18":"instock","19":"shipping-taxable","20":"purchasable","21":"product-type-simple"},"aioseo_notices":[],"_links":{"self":[{"href":"https:\/\/aukinkochile.com\/web\/wp-json\/wp\/v2\/product\/628109","targetHints":{"allow":["GET"]}}],"collection":[{"href":"https:\/\/aukinkochile.com\/web\/wp-json\/wp\/v2\/product"}],"about":[{"href":"https:\/\/aukinkochile.com\/web\/wp-json\/wp\/v2\/types\/product"}],"replies":[{"embeddable":true,"href":"https:\/\/aukinkochile.com\/web\/wp-json\/wp\/v2\/comments?post=628109"}],"wp:featuredmedia":[{"embeddable":true,"href":"https:\/\/aukinkochile.com\/web\/wp-json\/wp\/v2\/media\/580453"}],"wp:attachment":[{"href":"https:\/\/aukinkochile.com\/web\/wp-json\/wp\/v2\/media?parent=628109"}],"wp:term":[{"taxonomy":"product_brand","embeddable":true,"href":"https:\/\/aukinkochile.com\/web\/wp-json\/wp\/v2\/product_brand?post=628109"},{"taxonomy":"product_cat","embeddable":true,"href":"https:\/\/aukinkochile.com\/web\/wp-json\/wp\/v2\/product_cat?post=628109"},{"taxonomy":"product_tag","embeddable":true,"href":"https:\/\/aukinkochile.com\/web\/wp-json\/wp\/v2\/product_tag?post=628109"}],"curies":[{"name":"wp","href":"https:\/\/api.w.org\/{rel}","templated":true}]}}