{"id":628108,"date":"2024-04-29T20:49:08","date_gmt":"2024-04-29T20:49:08","guid":{"rendered":"https:\/\/aukinkochile.com\/web\/producto\/paracaidas-8-tomadores\/"},"modified":"2026-03-27T16:54:45","modified_gmt":"2026-03-27T16:54:45","slug":"paracaidas-8-tomadores","status":"publish","type":"product","link":"https:\/\/aukinkochile.com\/web\/producto\/paracaidas-8-tomadores\/","title":{"rendered":"Paraca\u00eddas 8 Tomadores"},"content":{"rendered":"<p>Paraca\u00eddas con 8 agarraderas para desarrollar el trabajo en equipo, la comunicaci\u00f3n, la cooperaci\u00f3n y las habilidades motoras. Disponible en varios colores. Fabricado con material ultra resistente y duradero. Incluye una bolsa para guardar. Precio por unidad. (Stock limitado, preguntar por si necesita m\u00e1s de una unidad).<\/p>\n<p><p><strong>Material : <\/strong> Poliamida 1500g\/m\u00b2 remallada con soporte de fieltro.<\/p>\n<p><strong>C\u00f3digo Aukinko : <\/strong> 08-7146681<\/p>\n<p><strong>C\u00f3digo Convenio Marco : <\/strong> x<\/p>\n","protected":false},"excerpt":{"rendered":"<p>Paraca\u00eddas con 8 agarraderas para desarrollar el trabajo en equipo, la comunicaci\u00f3n, la cooperaci\u00f3n y las habilidades motoras. Disponible en varios colores. Fabricado con material ultra resistente y duradero. Incluye una bolsa para guardar. Precio por unidad. (Stock limitado, preguntar por si necesita m\u00e1s de una unidad). Material : Poliamida 1500g\/m\u00b2 remallada con soporte de [&hellip;]<\/p>\n","protected":false},"featured_media":625862,"comment_status":"open","ping_status":"closed","template":"","meta":{"_et_pb_use_builder":"","_et_pb_old_content":"","_et_gb_content_width":""},"product_brand":[],"product_cat":[1005,148,7385,18],"product_tag":[],"class_list":{"0":"post-628108","1":"product","2":"type-product","3":"status-publish","4":"has-post-thumbnail","6":"product_cat-accesorios-patio","7":"product_cat-deportes","8":"product_cat-estimulacion-cognitiva-y-motora-para-adultos-mayores","9":"product_cat-motricidad-gruesa","10":"pa_edad-3-a-4-anos","11":"pa_edad-4-a-5-anos","12":"pa_edad-5-a-6-anos","13":"pa_marca-wesco","14":"pa_medidas-4539","15":"pa_medidas-75-cm-diametro","17":"first","18":"instock","19":"shipping-taxable","20":"purchasable","21":"product-type-simple"},"aioseo_notices":[],"_links":{"self":[{"href":"https:\/\/aukinkochile.com\/web\/wp-json\/wp\/v2\/product\/628108","targetHints":{"allow":["GET"]}}],"collection":[{"href":"https:\/\/aukinkochile.com\/web\/wp-json\/wp\/v2\/product"}],"about":[{"href":"https:\/\/aukinkochile.com\/web\/wp-json\/wp\/v2\/types\/product"}],"replies":[{"embeddable":true,"href":"https:\/\/aukinkochile.com\/web\/wp-json\/wp\/v2\/comments?post=628108"}],"wp:featuredmedia":[{"embeddable":true,"href":"https:\/\/aukinkochile.com\/web\/wp-json\/wp\/v2\/media\/625862"}],"wp:attachment":[{"href":"https:\/\/aukinkochile.com\/web\/wp-json\/wp\/v2\/media?parent=628108"}],"wp:term":[{"taxonomy":"product_brand","embeddable":true,"href":"https:\/\/aukinkochile.com\/web\/wp-json\/wp\/v2\/product_brand?post=628108"},{"taxonomy":"product_cat","embeddable":true,"href":"https:\/\/aukinkochile.com\/web\/wp-json\/wp\/v2\/product_cat?post=628108"},{"taxonomy":"product_tag","embeddable":true,"href":"https:\/\/aukinkochile.com\/web\/wp-json\/wp\/v2\/product_tag?post=628108"}],"curies":[{"name":"wp","href":"https:\/\/api.w.org\/{rel}","templated":true}]}}