{"id":628105,"date":"2024-04-29T20:47:13","date_gmt":"2024-04-29T20:47:13","guid":{"rendered":"https:\/\/aukinkochile.com\/web\/producto\/triciclo-verde-chico\/"},"modified":"2024-04-29T20:48:25","modified_gmt":"2024-04-29T20:48:25","slug":"triciclo-verde-chico","status":"publish","type":"product","link":"https:\/\/aukinkochile.com\/web\/producto\/triciclo-verde-chico\/","title":{"rendered":"Triciclo Verde Chico"},"content":{"rendered":"<p>Divertido triciclo para salir de paseo y pasar horas de diversi\u00f3n. Desde los primeros a\u00f1os es importante que los ni\u00f1os y ni\u00f1as se muevan para tomar conciencia de su cuerpo. Adaptadas a la edad y capacidades de los ni\u00f1os, las ruedas de este triciclo han sido dise\u00f1adas exclusivamente por Wesco para permitir un aprendizaje progresivo, desde el dominio del equilibrio hasta las primeras pedaladas del futuro usuario responsable de la v\u00eda. Ruedas para ni\u00f1os de 14 a 30 meses (estatura: 75 a 100 cm). Se entrega plano, para montar usted mismo.<\/p>\n<p><p><strong>Material : <\/strong> Metal<\/p>\n<p><strong>C\u00f3digo Aukinko : <\/strong> 08-7129963<\/p>\n<p><strong>C\u00f3digo Convenio Marco : <\/strong> x<\/p>\n","protected":false},"excerpt":{"rendered":"<p>Divertido triciclo para salir de paseo y pasar horas de diversi\u00f3n. Desde los primeros a\u00f1os es importante que los ni\u00f1os y ni\u00f1as se muevan para tomar conciencia de su cuerpo. Adaptadas a la edad y capacidades de los ni\u00f1os, las ruedas de este triciclo han sido dise\u00f1adas exclusivamente por Wesco para permitir un aprendizaje progresivo, [&hellip;]<\/p>\n","protected":false},"featured_media":628104,"comment_status":"open","ping_status":"closed","template":"","meta":{"_et_pb_use_builder":"","_et_pb_old_content":"","_et_gb_content_width":""},"product_brand":[],"product_cat":[1005,18],"product_tag":[],"class_list":{"0":"post-628105","1":"product","2":"type-product","3":"status-publish","4":"has-post-thumbnail","6":"product_cat-accesorios-patio","7":"product_cat-motricidad-gruesa","8":"pa_edad-2-a-3-anos","9":"pa_marca-wesco","10":"pa_medidas-5-x-ancho-48-cm-alto-sillin-27-cm-alto-manillar-50-cm","11":"pa_medidas-largo-65","13":"first","14":"instock","15":"shipping-taxable","16":"purchasable","17":"product-type-simple"},"aioseo_notices":[],"_links":{"self":[{"href":"https:\/\/aukinkochile.com\/web\/wp-json\/wp\/v2\/product\/628105","targetHints":{"allow":["GET"]}}],"collection":[{"href":"https:\/\/aukinkochile.com\/web\/wp-json\/wp\/v2\/product"}],"about":[{"href":"https:\/\/aukinkochile.com\/web\/wp-json\/wp\/v2\/types\/product"}],"replies":[{"embeddable":true,"href":"https:\/\/aukinkochile.com\/web\/wp-json\/wp\/v2\/comments?post=628105"}],"wp:featuredmedia":[{"embeddable":true,"href":"https:\/\/aukinkochile.com\/web\/wp-json\/wp\/v2\/media\/628104"}],"wp:attachment":[{"href":"https:\/\/aukinkochile.com\/web\/wp-json\/wp\/v2\/media?parent=628105"}],"wp:term":[{"taxonomy":"product_brand","embeddable":true,"href":"https:\/\/aukinkochile.com\/web\/wp-json\/wp\/v2\/product_brand?post=628105"},{"taxonomy":"product_cat","embeddable":true,"href":"https:\/\/aukinkochile.com\/web\/wp-json\/wp\/v2\/product_cat?post=628105"},{"taxonomy":"product_tag","embeddable":true,"href":"https:\/\/aukinkochile.com\/web\/wp-json\/wp\/v2\/product_tag?post=628105"}],"curies":[{"name":"wp","href":"https:\/\/api.w.org\/{rel}","templated":true}]}}