{"id":628088,"date":"2024-04-26T17:54:00","date_gmt":"2024-04-26T17:54:00","guid":{"rendered":"https:\/\/aukinkochile.com\/web\/producto\/comida-set-24-pz\/"},"modified":"2024-04-26T17:54:48","modified_gmt":"2024-04-26T17:54:48","slug":"comida-set-24-pz","status":"publish","type":"product","link":"https:\/\/aukinkochile.com\/web\/producto\/comida-set-24-pz\/","title":{"rendered":"Comida set 24 pz"},"content":{"rendered":"<p>Hermoso set de comida de 24 piezas fabricado en pl\u00e1stico resistente y colores vivos. Incluye 4 platos llanos, 4 platos hondos, 4 vasos, 4 cuchillos, 4 cucharas y 4 tenedores. Un divertido accesorio para juegos de rol.<\/p>\n<p><p><strong>Material : <\/strong> Pl\u00e1stico  <\/p>\n<p><strong>C\u00f3digo Aukinko : <\/strong> 06-7913<\/p>\n<p><strong>C\u00f3digo Convenio Marco : <\/strong> x<\/p>\n","protected":false},"excerpt":{"rendered":"<p>Hermoso set de comida de 24 piezas fabricado en pl\u00e1stico resistente y colores vivos. Incluye 4 platos llanos, 4 platos hondos, 4 vasos, 4 cuchillos, 4 cucharas y 4 tenedores. Un divertido accesorio para juegos de rol. Material : Pl\u00e1stico C\u00f3digo Aukinko : 06-7913 C\u00f3digo Convenio Marco : x<\/p>\n","protected":false},"featured_media":628087,"comment_status":"open","ping_status":"closed","template":"","meta":{"_et_pb_use_builder":"","_et_pb_old_content":"","_et_gb_content_width":""},"product_brand":[],"product_cat":[17],"product_tag":[],"class_list":{"0":"post-628088","1":"product","2":"type-product","3":"status-publish","4":"has-post-thumbnail","6":"product_cat-juegos-de-rol","7":"pa_edad-2-a-3-anos","8":"pa_edad-3-a-4-anos","9":"pa_edad-4-a-5-anos","10":"pa_marca-nyby","12":"first","13":"instock","14":"shipping-taxable","15":"purchasable","16":"product-type-simple"},"aioseo_notices":[],"_links":{"self":[{"href":"https:\/\/aukinkochile.com\/web\/wp-json\/wp\/v2\/product\/628088","targetHints":{"allow":["GET"]}}],"collection":[{"href":"https:\/\/aukinkochile.com\/web\/wp-json\/wp\/v2\/product"}],"about":[{"href":"https:\/\/aukinkochile.com\/web\/wp-json\/wp\/v2\/types\/product"}],"replies":[{"embeddable":true,"href":"https:\/\/aukinkochile.com\/web\/wp-json\/wp\/v2\/comments?post=628088"}],"wp:featuredmedia":[{"embeddable":true,"href":"https:\/\/aukinkochile.com\/web\/wp-json\/wp\/v2\/media\/628087"}],"wp:attachment":[{"href":"https:\/\/aukinkochile.com\/web\/wp-json\/wp\/v2\/media?parent=628088"}],"wp:term":[{"taxonomy":"product_brand","embeddable":true,"href":"https:\/\/aukinkochile.com\/web\/wp-json\/wp\/v2\/product_brand?post=628088"},{"taxonomy":"product_cat","embeddable":true,"href":"https:\/\/aukinkochile.com\/web\/wp-json\/wp\/v2\/product_cat?post=628088"},{"taxonomy":"product_tag","embeddable":true,"href":"https:\/\/aukinkochile.com\/web\/wp-json\/wp\/v2\/product_tag?post=628088"}],"curies":[{"name":"wp","href":"https:\/\/api.w.org\/{rel}","templated":true}]}}