{"id":628066,"date":"2024-04-26T17:53:54","date_gmt":"2024-04-26T17:53:54","guid":{"rendered":"https:\/\/aukinkochile.com\/web\/producto\/triciclo-metalico-rojo\/"},"modified":"2024-04-26T17:54:41","modified_gmt":"2024-04-26T17:54:41","slug":"triciclo-metalico-rojo","status":"publish","type":"product","link":"https:\/\/aukinkochile.com\/web\/producto\/triciclo-metalico-rojo\/","title":{"rendered":"Triciclo Met\u00e1lico Rojo"},"content":{"rendered":"<p>Espectacular triciclo rojo met\u00e1lico resistente y de un dise\u00f1o vintage. De excelente calidad y perfecto dise\u00f1o. Material durable e inoxidable.<\/p>\n<p><p><strong>Material : <\/strong> Metal y Pl\u00e1stico<\/p>\n<p><strong>C\u00f3digo Aukinko : <\/strong> 06-7103<\/p>\n<p><strong>C\u00f3digo Convenio Marco : <\/strong> x<\/p>\n","protected":false},"excerpt":{"rendered":"<p>Espectacular triciclo rojo met\u00e1lico resistente y de un dise\u00f1o vintage. De excelente calidad y perfecto dise\u00f1o. Material durable e inoxidable. Material : Metal y Pl\u00e1stico C\u00f3digo Aukinko : 06-7103 C\u00f3digo Convenio Marco : x<\/p>\n","protected":false},"featured_media":623225,"comment_status":"open","ping_status":"closed","template":"","meta":{"_et_pb_use_builder":"","_et_pb_old_content":"","_et_gb_content_width":""},"product_brand":[],"product_cat":[1005,18],"product_tag":[],"class_list":{"0":"post-628066","1":"product","2":"type-product","3":"status-publish","4":"has-post-thumbnail","6":"product_cat-accesorios-patio","7":"product_cat-motricidad-gruesa","8":"pa_edad-3-a-4-anos","9":"pa_edad-4-a-5-anos","10":"pa_marca-nyby","11":"pa_medidas-73-x-48-x-60-cm","13":"first","14":"instock","15":"shipping-taxable","16":"purchasable","17":"product-type-simple"},"aioseo_notices":[],"_links":{"self":[{"href":"https:\/\/aukinkochile.com\/web\/wp-json\/wp\/v2\/product\/628066","targetHints":{"allow":["GET"]}}],"collection":[{"href":"https:\/\/aukinkochile.com\/web\/wp-json\/wp\/v2\/product"}],"about":[{"href":"https:\/\/aukinkochile.com\/web\/wp-json\/wp\/v2\/types\/product"}],"replies":[{"embeddable":true,"href":"https:\/\/aukinkochile.com\/web\/wp-json\/wp\/v2\/comments?post=628066"}],"wp:featuredmedia":[{"embeddable":true,"href":"https:\/\/aukinkochile.com\/web\/wp-json\/wp\/v2\/media\/623225"}],"wp:attachment":[{"href":"https:\/\/aukinkochile.com\/web\/wp-json\/wp\/v2\/media?parent=628066"}],"wp:term":[{"taxonomy":"product_brand","embeddable":true,"href":"https:\/\/aukinkochile.com\/web\/wp-json\/wp\/v2\/product_brand?post=628066"},{"taxonomy":"product_cat","embeddable":true,"href":"https:\/\/aukinkochile.com\/web\/wp-json\/wp\/v2\/product_cat?post=628066"},{"taxonomy":"product_tag","embeddable":true,"href":"https:\/\/aukinkochile.com\/web\/wp-json\/wp\/v2\/product_tag?post=628066"}],"curies":[{"name":"wp","href":"https:\/\/api.w.org\/{rel}","templated":true}]}}