{"id":628020,"date":"2024-04-09T21:36:07","date_gmt":"2024-04-09T21:36:07","guid":{"rendered":"https:\/\/aukinkochile.com\/web\/producto\/tangram-madera\/"},"modified":"2025-11-06T20:09:35","modified_gmt":"2025-11-06T20:09:35","slug":"tangram-madera","status":"publish","type":"product","link":"https:\/\/aukinkochile.com\/web\/producto\/tangram-madera\/","title":{"rendered":"Tangram Madera"},"content":{"rendered":"<p>Divertido juego de tangram para pasar horas de diversi\u00f3n. Fabricado en madera natural con tarjetas individuales de patrones, viene en una caja de madera para guardar f\u00e1cilmente. Un juego dise\u00f1ado para estimular el desarrollo del pensamiento l\u00f3gico, la concentraci\u00f3n y mucho m\u00e1s. De gran calidad y dise\u00f1o. Fabricado en material suave y resistente.<\/p>\n<p><p><strong>Material : <\/strong> Madera<\/p>\n<p><strong>C\u00f3digo Aukinko : <\/strong> 18-256301<\/p>\n<p><strong>C\u00f3digo Convenio Marco : <\/strong> x<\/p>\n","protected":false},"excerpt":{"rendered":"<p>Divertido juego de tangram para pasar horas de diversi\u00f3n. Fabricado en madera natural con tarjetas individuales de patrones, viene en una caja de madera para guardar f\u00e1cilmente. Un juego dise\u00f1ado para estimular el desarrollo del pensamiento l\u00f3gico, la concentraci\u00f3n y mucho m\u00e1s. De gran calidad y dise\u00f1o. Fabricado en material suave y resistente. Material : [&hellip;]<\/p>\n","protected":false},"featured_media":625112,"comment_status":"open","ping_status":"closed","template":"","meta":{"_et_pb_use_builder":"","_et_pb_old_content":"","_et_gb_content_width":""},"product_brand":[],"product_cat":[150,7385],"product_tag":[],"class_list":{"0":"post-628020","1":"product","2":"type-product","3":"status-publish","4":"has-post-thumbnail","6":"product_cat-asociacion-y-logica","7":"product_cat-estimulacion-cognitiva-y-motora-para-adultos-mayores","8":"pa_edad-10-anos","9":"pa_edad-4-a-5-anos","10":"pa_edad-5-a-6-anos","11":"pa_edad-6-a-8-anos","12":"pa_edad-8-a-10-anos","13":"pa_marca-viga","14":"pa_medidas-18-x-12-x-6","15":"pa_medidas-5-cm","17":"first","18":"instock","19":"shipping-taxable","20":"purchasable","21":"product-type-simple"},"aioseo_notices":[],"_links":{"self":[{"href":"https:\/\/aukinkochile.com\/web\/wp-json\/wp\/v2\/product\/628020","targetHints":{"allow":["GET"]}}],"collection":[{"href":"https:\/\/aukinkochile.com\/web\/wp-json\/wp\/v2\/product"}],"about":[{"href":"https:\/\/aukinkochile.com\/web\/wp-json\/wp\/v2\/types\/product"}],"replies":[{"embeddable":true,"href":"https:\/\/aukinkochile.com\/web\/wp-json\/wp\/v2\/comments?post=628020"}],"wp:featuredmedia":[{"embeddable":true,"href":"https:\/\/aukinkochile.com\/web\/wp-json\/wp\/v2\/media\/625112"}],"wp:attachment":[{"href":"https:\/\/aukinkochile.com\/web\/wp-json\/wp\/v2\/media?parent=628020"}],"wp:term":[{"taxonomy":"product_brand","embeddable":true,"href":"https:\/\/aukinkochile.com\/web\/wp-json\/wp\/v2\/product_brand?post=628020"},{"taxonomy":"product_cat","embeddable":true,"href":"https:\/\/aukinkochile.com\/web\/wp-json\/wp\/v2\/product_cat?post=628020"},{"taxonomy":"product_tag","embeddable":true,"href":"https:\/\/aukinkochile.com\/web\/wp-json\/wp\/v2\/product_tag?post=628020"}],"curies":[{"name":"wp","href":"https:\/\/api.w.org\/{rel}","templated":true}]}}