{"id":628009,"date":"2024-04-09T21:33:32","date_gmt":"2024-04-09T21:33:32","guid":{"rendered":"https:\/\/aukinkochile.com\/web\/producto\/golpear-y-saltar-animales-madera-5-pz\/"},"modified":"2025-11-06T20:08:09","modified_gmt":"2025-11-06T20:08:09","slug":"golpear-y-saltar-animales-madera-5-pz","status":"publish","type":"product","link":"https:\/\/aukinkochile.com\/web\/producto\/golpear-y-saltar-animales-madera-5-pz\/","title":{"rendered":"Golpear y Saltar Animales Madera 5 pz"},"content":{"rendered":"<p>Este divertido juego de causa y efecto estimula las reacciones r\u00e1pidas en los mas peque\u00f1os y ense\u00f1a el concepto de acci\u00f3n y reacci\u00f3n. Golpeando cualquiera de las tres piezas de madera natural que se encuentran debajo de los animales estos saltar\u00e1n hacia arriba sorpresivamente, puedes intentar agarrarlos en el aire. De material firme y colores vivos ser\u00e1 un juego para pasar horas de diversi\u00f3n. Fabricado en material suave y resistente. <\/p>\n<p><p><strong>Material : <\/strong> Madera<\/p>\n<p><strong>C\u00f3digo Aukinko : <\/strong> 18-250683<\/p>\n<p><strong>C\u00f3digo Convenio Marco : <\/strong> x<\/p>\n","protected":false},"excerpt":{"rendered":"<p>Este divertido juego de causa y efecto estimula las reacciones r\u00e1pidas en los mas peque\u00f1os y ense\u00f1a el concepto de acci\u00f3n y reacci\u00f3n. Golpeando cualquiera de las tres piezas de madera natural que se encuentran debajo de los animales estos saltar\u00e1n hacia arriba sorpresivamente, puedes intentar agarrarlos en el aire. De material firme y colores [&hellip;]<\/p>\n","protected":false},"featured_media":625009,"comment_status":"open","ping_status":"closed","template":"","meta":{"_et_pb_use_builder":"","_et_pb_old_content":"","_et_gb_content_width":""},"product_brand":[],"product_cat":[91,20,23],"product_tag":[],"class_list":{"0":"post-628009","1":"product","2":"type-product","3":"status-publish","4":"has-post-thumbnail","6":"product_cat-accesorios-sala","7":"product_cat-motricidad-fina","8":"product_cat-primeros-anos","9":"pa_edad-1-a-2-anos","10":"pa_edad-2-a-3-anos","11":"pa_marca-viga","12":"pa_medidas-28-x-21","13":"pa_medidas-5-cm","14":"pa_medidas-5-x-8","16":"first","17":"instock","18":"shipping-taxable","19":"purchasable","20":"product-type-simple"},"aioseo_notices":[],"_links":{"self":[{"href":"https:\/\/aukinkochile.com\/web\/wp-json\/wp\/v2\/product\/628009","targetHints":{"allow":["GET"]}}],"collection":[{"href":"https:\/\/aukinkochile.com\/web\/wp-json\/wp\/v2\/product"}],"about":[{"href":"https:\/\/aukinkochile.com\/web\/wp-json\/wp\/v2\/types\/product"}],"replies":[{"embeddable":true,"href":"https:\/\/aukinkochile.com\/web\/wp-json\/wp\/v2\/comments?post=628009"}],"wp:featuredmedia":[{"embeddable":true,"href":"https:\/\/aukinkochile.com\/web\/wp-json\/wp\/v2\/media\/625009"}],"wp:attachment":[{"href":"https:\/\/aukinkochile.com\/web\/wp-json\/wp\/v2\/media?parent=628009"}],"wp:term":[{"taxonomy":"product_brand","embeddable":true,"href":"https:\/\/aukinkochile.com\/web\/wp-json\/wp\/v2\/product_brand?post=628009"},{"taxonomy":"product_cat","embeddable":true,"href":"https:\/\/aukinkochile.com\/web\/wp-json\/wp\/v2\/product_cat?post=628009"},{"taxonomy":"product_tag","embeddable":true,"href":"https:\/\/aukinkochile.com\/web\/wp-json\/wp\/v2\/product_tag?post=628009"}],"curies":[{"name":"wp","href":"https:\/\/api.w.org\/{rel}","templated":true}]}}