{"id":627995,"date":"2024-04-09T21:31:51","date_gmt":"2024-04-09T21:31:51","guid":{"rendered":"https:\/\/aukinkochile.com\/web\/producto\/puzle-madera-relieve-4-pz-avion\/"},"modified":"2026-03-27T17:03:19","modified_gmt":"2026-03-27T17:03:19","slug":"puzle-madera-relieve-4-pz-avion","status":"publish","type":"product","link":"https:\/\/aukinkochile.com\/web\/producto\/puzle-madera-relieve-4-pz-avion\/","title":{"rendered":"Puzle Madera Relieve 4 pz Avi\u00f3n"},"content":{"rendered":"<p>Este hermoso puzle parece simple pero ser\u00e1 el mejor juego y desaf\u00edo para los m\u00e1s peque\u00f1os. Con colores brillantes y esquinas curvadas y suaves dar\u00e1 total seguridad para el juego en la primera infancia. Incluye 4 piezas f\u00e1ciles de manipular y coloridas que forman un precioso avi\u00f3n. Una excelente forma de introducir a los ni\u00f1os y ni\u00f1as a los colores y las formas desarrollando la motricidad fina. Fabricado en material suave y resistente.<\/p>\n<p><p><strong>Material : <\/strong> Madera<\/p>\n<p><strong>C\u00f3digo Aukinko : <\/strong> 18-250173<\/p>\n<p><strong>C\u00f3digo Convenio Marco : <\/strong> x<\/p>\n","protected":false},"excerpt":{"rendered":"<p>Este hermoso puzle parece simple pero ser\u00e1 el mejor juego y desaf\u00edo para los m\u00e1s peque\u00f1os. Con colores brillantes y esquinas curvadas y suaves dar\u00e1 total seguridad para el juego en la primera infancia. Incluye 4 piezas f\u00e1ciles de manipular y coloridas que forman un precioso avi\u00f3n. Una excelente forma de introducir a los ni\u00f1os [&hellip;]<\/p>\n","protected":false},"featured_media":627994,"comment_status":"open","ping_status":"closed","template":"","meta":{"_et_pb_use_builder":"","_et_pb_old_content":"","_et_gb_content_width":""},"product_brand":[],"product_cat":[91,20,22],"product_tag":[],"class_list":{"0":"post-627995","1":"product","2":"type-product","3":"status-publish","4":"has-post-thumbnail","6":"product_cat-accesorios-sala","7":"product_cat-motricidad-fina","8":"product_cat-puzzles","9":"pa_edad-1-a-2-anos","10":"pa_edad-2-a-3-anos","11":"pa_edad-3-a-4-anos","12":"pa_marca-viga","13":"pa_medidas-4314","14":"pa_medidas-5-x-1","15":"pa_medidas-5-x-14","16":"pa_medidas-8-cm","18":"first","19":"instock","20":"shipping-taxable","21":"purchasable","22":"product-type-simple"},"aioseo_notices":[],"_links":{"self":[{"href":"https:\/\/aukinkochile.com\/web\/wp-json\/wp\/v2\/product\/627995","targetHints":{"allow":["GET"]}}],"collection":[{"href":"https:\/\/aukinkochile.com\/web\/wp-json\/wp\/v2\/product"}],"about":[{"href":"https:\/\/aukinkochile.com\/web\/wp-json\/wp\/v2\/types\/product"}],"replies":[{"embeddable":true,"href":"https:\/\/aukinkochile.com\/web\/wp-json\/wp\/v2\/comments?post=627995"}],"wp:featuredmedia":[{"embeddable":true,"href":"https:\/\/aukinkochile.com\/web\/wp-json\/wp\/v2\/media\/627994"}],"wp:attachment":[{"href":"https:\/\/aukinkochile.com\/web\/wp-json\/wp\/v2\/media?parent=627995"}],"wp:term":[{"taxonomy":"product_brand","embeddable":true,"href":"https:\/\/aukinkochile.com\/web\/wp-json\/wp\/v2\/product_brand?post=627995"},{"taxonomy":"product_cat","embeddable":true,"href":"https:\/\/aukinkochile.com\/web\/wp-json\/wp\/v2\/product_cat?post=627995"},{"taxonomy":"product_tag","embeddable":true,"href":"https:\/\/aukinkochile.com\/web\/wp-json\/wp\/v2\/product_tag?post=627995"}],"curies":[{"name":"wp","href":"https:\/\/api.w.org\/{rel}","templated":true}]}}