{"id":627990,"date":"2024-04-09T21:31:49","date_gmt":"2024-04-09T21:31:49","guid":{"rendered":"https:\/\/aukinkochile.com\/web\/producto\/abaco-madera-55-cuentas-corridas-metal\/"},"modified":"2025-11-06T20:06:54","modified_gmt":"2025-11-06T20:06:54","slug":"abaco-madera-55-cuentas-corridas-metal","status":"publish","type":"product","link":"https:\/\/aukinkochile.com\/web\/producto\/abaco-madera-55-cuentas-corridas-metal\/","title":{"rendered":"Abaco Madera 55 Cuentas Corridas Metal"},"content":{"rendered":"<p>Divertido \u00e1baco de doble corrida para aprender matem\u00e1ticas de una forma muy entretenida. Un juego cl\u00e1sico para el aprendizaje de la numeraci\u00f3n en base 10 con el que ni\u00f1os y ni\u00f1as podr\u00e1n experimentar utiliz\u00e1ndolo a su tiempo. Un material educativo ideal para salas de clase. Fabricado en material suave y resistente.<\/p>\n<p><p><strong>Material : <\/strong> Madera y Metal<\/p>\n<p><strong>C\u00f3digo Aukinko : <\/strong> 18-250022<\/p>\n<p><strong>C\u00f3digo Convenio Marco : <\/strong> x<\/p>\n","protected":false},"excerpt":{"rendered":"<p>Divertido \u00e1baco de doble corrida para aprender matem\u00e1ticas de una forma muy entretenida. Un juego cl\u00e1sico para el aprendizaje de la numeraci\u00f3n en base 10 con el que ni\u00f1os y ni\u00f1as podr\u00e1n experimentar utiliz\u00e1ndolo a su tiempo. Un material educativo ideal para salas de clase. Fabricado en material suave y resistente. Material : Madera y [&hellip;]<\/p>\n","protected":false},"featured_media":624918,"comment_status":"open","ping_status":"closed","template":"","meta":{"_et_pb_use_builder":"","_et_pb_old_content":"","_et_gb_content_width":""},"product_brand":[],"product_cat":[91,90],"product_tag":[],"class_list":{"0":"post-627990","1":"product","2":"type-product","3":"status-publish","4":"has-post-thumbnail","6":"product_cat-accesorios-sala","7":"product_cat-matematicas","8":"pa_edad-3-a-4-anos","9":"pa_edad-4-a-5-anos","10":"pa_edad-5-a-6-anos","11":"pa_edad-6-a-8-anos","12":"pa_marca-viga","13":"pa_medidas-30-x-22","14":"pa_medidas-5-x-1-cm","16":"first","17":"instock","18":"shipping-taxable","19":"purchasable","20":"product-type-simple"},"aioseo_notices":[],"_links":{"self":[{"href":"https:\/\/aukinkochile.com\/web\/wp-json\/wp\/v2\/product\/627990","targetHints":{"allow":["GET"]}}],"collection":[{"href":"https:\/\/aukinkochile.com\/web\/wp-json\/wp\/v2\/product"}],"about":[{"href":"https:\/\/aukinkochile.com\/web\/wp-json\/wp\/v2\/types\/product"}],"replies":[{"embeddable":true,"href":"https:\/\/aukinkochile.com\/web\/wp-json\/wp\/v2\/comments?post=627990"}],"wp:featuredmedia":[{"embeddable":true,"href":"https:\/\/aukinkochile.com\/web\/wp-json\/wp\/v2\/media\/624918"}],"wp:attachment":[{"href":"https:\/\/aukinkochile.com\/web\/wp-json\/wp\/v2\/media?parent=627990"}],"wp:term":[{"taxonomy":"product_brand","embeddable":true,"href":"https:\/\/aukinkochile.com\/web\/wp-json\/wp\/v2\/product_brand?post=627990"},{"taxonomy":"product_cat","embeddable":true,"href":"https:\/\/aukinkochile.com\/web\/wp-json\/wp\/v2\/product_cat?post=627990"},{"taxonomy":"product_tag","embeddable":true,"href":"https:\/\/aukinkochile.com\/web\/wp-json\/wp\/v2\/product_tag?post=627990"}],"curies":[{"name":"wp","href":"https:\/\/api.w.org\/{rel}","templated":true}]}}