{"id":627988,"date":"2024-04-09T21:31:48","date_gmt":"2024-04-09T21:31:48","guid":{"rendered":"https:\/\/aukinkochile.com\/web\/producto\/ferry-y-accesorios-madera\/"},"modified":"2025-04-22T14:25:13","modified_gmt":"2025-04-22T14:25:13","slug":"ferry-y-accesorios-madera","status":"publish","type":"product","link":"https:\/\/aukinkochile.com\/web\/producto\/ferry-y-accesorios-madera\/","title":{"rendered":"Ferry y Accesorios Madera"},"content":{"rendered":"<p>Divertido ferry de madera con accesorios para pasar horas de diversi\u00f3n. Incluye al capit\u00e1n del barco y 4 autos para subir y bajar y jugar donde quieras. El ferry tiene ruedas para que los ni\u00f1os y ni\u00f1as lo puedan llevar a todas partes. Un divertido accesorio para juegos de rol en los cuales los ni\u00f1os y ni\u00f1as desarrollan habilidades sociales, ponen en juego su creatividad e imaginaci\u00f3n, estimulando a su vez el uso del lenguaje. De material suave, resistente y colores vivos.<\/p>\n<p><p><strong>Material : <\/strong> Madera<\/p>\n<p><strong>C\u00f3digo Aukinko : <\/strong> 18-244684<\/p>\n<p><strong>C\u00f3digo Convenio Marco : <\/strong> x<\/p>\n","protected":false},"excerpt":{"rendered":"<p>Divertido ferry de madera con accesorios para pasar horas de diversi\u00f3n. Incluye al capit\u00e1n del barco y 4 autos para subir y bajar y jugar donde quieras. El ferry tiene ruedas para que los ni\u00f1os y ni\u00f1as lo puedan llevar a todas partes. Un divertido accesorio para juegos de rol en los cuales los ni\u00f1os [&hellip;]<\/p>\n","protected":false},"featured_media":622646,"comment_status":"open","ping_status":"closed","template":"","meta":{"_et_pb_use_builder":"","_et_pb_old_content":"","_et_gb_content_width":""},"product_brand":[],"product_cat":[17],"product_tag":[],"class_list":{"0":"post-627988","1":"product","2":"type-product","3":"status-publish","4":"has-post-thumbnail","6":"product_cat-juegos-de-rol","7":"pa_edad-1-a-2-anos","8":"pa_edad-2-a-3-anos","9":"pa_edad-3-a-4-anos","10":"pa_marca-viga","11":"pa_medidas-25-x-20-x-19","12":"pa_medidas-5-cm","14":"first","15":"instock","16":"shipping-taxable","17":"purchasable","18":"product-type-simple"},"aioseo_notices":[],"_links":{"self":[{"href":"https:\/\/aukinkochile.com\/web\/wp-json\/wp\/v2\/product\/627988","targetHints":{"allow":["GET"]}}],"collection":[{"href":"https:\/\/aukinkochile.com\/web\/wp-json\/wp\/v2\/product"}],"about":[{"href":"https:\/\/aukinkochile.com\/web\/wp-json\/wp\/v2\/types\/product"}],"replies":[{"embeddable":true,"href":"https:\/\/aukinkochile.com\/web\/wp-json\/wp\/v2\/comments?post=627988"}],"wp:featuredmedia":[{"embeddable":true,"href":"https:\/\/aukinkochile.com\/web\/wp-json\/wp\/v2\/media\/622646"}],"wp:attachment":[{"href":"https:\/\/aukinkochile.com\/web\/wp-json\/wp\/v2\/media?parent=627988"}],"wp:term":[{"taxonomy":"product_brand","embeddable":true,"href":"https:\/\/aukinkochile.com\/web\/wp-json\/wp\/v2\/product_brand?post=627988"},{"taxonomy":"product_cat","embeddable":true,"href":"https:\/\/aukinkochile.com\/web\/wp-json\/wp\/v2\/product_cat?post=627988"},{"taxonomy":"product_tag","embeddable":true,"href":"https:\/\/aukinkochile.com\/web\/wp-json\/wp\/v2\/product_tag?post=627988"}],"curies":[{"name":"wp","href":"https:\/\/api.w.org\/{rel}","templated":true}]}}