{"id":627985,"date":"2024-04-09T21:31:46","date_gmt":"2024-04-09T21:31:46","guid":{"rendered":"https:\/\/aukinkochile.com\/web\/producto\/parrilla-con-accesorios-madera\/"},"modified":"2025-04-22T14:25:10","modified_gmt":"2025-04-22T14:25:10","slug":"parrilla-con-accesorios-madera","status":"publish","type":"product","link":"https:\/\/aukinkochile.com\/web\/producto\/parrilla-con-accesorios-madera\/","title":{"rendered":"Parrilla con Accesorios Madera"},"content":{"rendered":"<p>Hermosa parrilla de madera con accesorios y ruedas, f\u00e1cil de trasladar, para pasar horas de diversi\u00f3n. Incluye 47 accesorios variados como mayonesa, k\u00e9tchup, utensilios para la parrilla, carbones, platos, diferentes comidas y m\u00e1s. Los ni\u00f1os y ni\u00f1as podr\u00e1n cerrar la tapa corredera f\u00e1cilmente y jugar con los sonidos incluidos. Un divertido accesorio para juegos de rol en los cuales los ni\u00f1os y ni\u00f1as desarrollan habilidades sociales, ponen en juego su creatividad e imaginaci\u00f3n, estimulando a su vez el uso del lenguaje. De material suave, resistente y colores vivos.<\/p>\n<p><p><strong>Material : <\/strong> Madera<\/p>\n<p><strong>C\u00f3digo Aukinko : <\/strong> 18-244656<\/p>\n<p><strong>C\u00f3digo Convenio Marco : <\/strong> x<\/p>\n","protected":false},"excerpt":{"rendered":"<p>Hermosa parrilla de madera con accesorios y ruedas, f\u00e1cil de trasladar, para pasar horas de diversi\u00f3n. Incluye 47 accesorios variados como mayonesa, k\u00e9tchup, utensilios para la parrilla, carbones, platos, diferentes comidas y m\u00e1s. Los ni\u00f1os y ni\u00f1as podr\u00e1n cerrar la tapa corredera f\u00e1cilmente y jugar con los sonidos incluidos. Un divertido accesorio para juegos de [&hellip;]<\/p>\n","protected":false},"featured_media":622624,"comment_status":"open","ping_status":"closed","template":"","meta":{"_et_pb_use_builder":"","_et_pb_old_content":"","_et_gb_content_width":""},"product_brand":[],"product_cat":[17],"product_tag":[],"class_list":{"0":"post-627985","1":"product","2":"type-product","3":"status-publish","4":"has-post-thumbnail","6":"product_cat-juegos-de-rol","7":"pa_edad-3-a-4-anos","8":"pa_edad-4-a-5-anos","9":"pa_edad-5-a-6-anos","10":"pa_edad-6-a-8-anos","11":"pa_marca-viga","12":"pa_medidas-22-x-15-x-2","13":"pa_medidas-5-cm","15":"first","16":"instock","17":"shipping-taxable","18":"purchasable","19":"product-type-simple"},"aioseo_notices":[],"_links":{"self":[{"href":"https:\/\/aukinkochile.com\/web\/wp-json\/wp\/v2\/product\/627985","targetHints":{"allow":["GET"]}}],"collection":[{"href":"https:\/\/aukinkochile.com\/web\/wp-json\/wp\/v2\/product"}],"about":[{"href":"https:\/\/aukinkochile.com\/web\/wp-json\/wp\/v2\/types\/product"}],"replies":[{"embeddable":true,"href":"https:\/\/aukinkochile.com\/web\/wp-json\/wp\/v2\/comments?post=627985"}],"wp:featuredmedia":[{"embeddable":true,"href":"https:\/\/aukinkochile.com\/web\/wp-json\/wp\/v2\/media\/622624"}],"wp:attachment":[{"href":"https:\/\/aukinkochile.com\/web\/wp-json\/wp\/v2\/media?parent=627985"}],"wp:term":[{"taxonomy":"product_brand","embeddable":true,"href":"https:\/\/aukinkochile.com\/web\/wp-json\/wp\/v2\/product_brand?post=627985"},{"taxonomy":"product_cat","embeddable":true,"href":"https:\/\/aukinkochile.com\/web\/wp-json\/wp\/v2\/product_cat?post=627985"},{"taxonomy":"product_tag","embeddable":true,"href":"https:\/\/aukinkochile.com\/web\/wp-json\/wp\/v2\/product_tag?post=627985"}],"curies":[{"name":"wp","href":"https:\/\/api.w.org\/{rel}","templated":true}]}}