{"id":627984,"date":"2024-04-09T21:31:46","date_gmt":"2024-04-09T21:31:46","guid":{"rendered":"https:\/\/aukinkochile.com\/web\/producto\/comida-encaje-de-postres-madera\/"},"modified":"2025-04-22T14:25:08","modified_gmt":"2025-04-22T14:25:08","slug":"comida-encaje-de-postres-madera","status":"publish","type":"product","link":"https:\/\/aukinkochile.com\/web\/producto\/comida-encaje-de-postres-madera\/","title":{"rendered":"Comida Encaje de Postres Madera"},"content":{"rendered":"<p>Divertido Puzle de madera de material suave y resistente. Estos divertidos postres ser\u00e1n una forma muy entretenida para los m\u00e1s peque\u00f1os para desarrollar el reconocimiento de formas, colores y la coordinaci\u00f3n mano-ojo.<\/p>\n<p><p><strong>Material : <\/strong> Madera<\/p>\n<p><strong>C\u00f3digo Aukinko : <\/strong> 18-244639<\/p>\n<p><strong>C\u00f3digo Convenio Marco : <\/strong> x<\/p>\n","protected":false},"excerpt":{"rendered":"<p>Divertido Puzle de madera de material suave y resistente. Estos divertidos postres ser\u00e1n una forma muy entretenida para los m\u00e1s peque\u00f1os para desarrollar el reconocimiento de formas, colores y la coordinaci\u00f3n mano-ojo. Material : Madera C\u00f3digo Aukinko : 18-244639 C\u00f3digo Convenio Marco : x<\/p>\n","protected":false},"featured_media":622608,"comment_status":"open","ping_status":"closed","template":"","meta":{"_et_pb_use_builder":"","_et_pb_old_content":"","_et_gb_content_width":""},"product_brand":[],"product_cat":[17],"product_tag":[],"class_list":{"0":"post-627984","1":"product","2":"type-product","3":"status-publish","4":"has-post-thumbnail","6":"product_cat-juegos-de-rol","7":"pa_edad-1-a-2-anos","8":"pa_edad-2-a-3-anos","9":"pa_marca-viga","10":"pa_medidas-19-x-4","11":"pa_medidas-5-x-21-cm","13":"first","14":"instock","15":"shipping-taxable","16":"purchasable","17":"product-type-simple"},"aioseo_notices":[],"_links":{"self":[{"href":"https:\/\/aukinkochile.com\/web\/wp-json\/wp\/v2\/product\/627984","targetHints":{"allow":["GET"]}}],"collection":[{"href":"https:\/\/aukinkochile.com\/web\/wp-json\/wp\/v2\/product"}],"about":[{"href":"https:\/\/aukinkochile.com\/web\/wp-json\/wp\/v2\/types\/product"}],"replies":[{"embeddable":true,"href":"https:\/\/aukinkochile.com\/web\/wp-json\/wp\/v2\/comments?post=627984"}],"wp:featuredmedia":[{"embeddable":true,"href":"https:\/\/aukinkochile.com\/web\/wp-json\/wp\/v2\/media\/622608"}],"wp:attachment":[{"href":"https:\/\/aukinkochile.com\/web\/wp-json\/wp\/v2\/media?parent=627984"}],"wp:term":[{"taxonomy":"product_brand","embeddable":true,"href":"https:\/\/aukinkochile.com\/web\/wp-json\/wp\/v2\/product_brand?post=627984"},{"taxonomy":"product_cat","embeddable":true,"href":"https:\/\/aukinkochile.com\/web\/wp-json\/wp\/v2\/product_cat?post=627984"},{"taxonomy":"product_tag","embeddable":true,"href":"https:\/\/aukinkochile.com\/web\/wp-json\/wp\/v2\/product_tag?post=627984"}],"curies":[{"name":"wp","href":"https:\/\/api.w.org\/{rel}","templated":true}]}}