{"id":627982,"date":"2024-04-09T21:31:45","date_gmt":"2024-04-09T21:31:45","guid":{"rendered":"https:\/\/aukinkochile.com\/web\/producto\/abaco-2-corridas-madera\/"},"modified":"2025-11-06T19:04:58","modified_gmt":"2025-11-06T19:04:58","slug":"abaco-2-corridas-madera","status":"publish","type":"product","link":"https:\/\/aukinkochile.com\/web\/producto\/abaco-2-corridas-madera\/","title":{"rendered":"Abaco 2 Corridas Madera"},"content":{"rendered":"<p>Este hermoso \u00e1baco de madera est\u00e1 dise\u00f1ado para ayudar a los ni\u00f1os y ni\u00f1as en el aprendizaje de habilidades matem\u00e1ticas como el conteo, la suma y la sustracci\u00f3n. El contraste de las fichas de dos colores, 5 rojas y 5 blancas, estimula la habilidad de reconocer una peque\u00f1a cantidad sin la necesidad de contar. De material suave y resistente.<\/p>\n<p><p><strong>Material : <\/strong> Madera<\/p>\n<p><strong>C\u00f3digo Aukinko : <\/strong> 18-244634<\/p>\n<p><strong>C\u00f3digo Convenio Marco : <\/strong> x<\/p>\n","protected":false},"excerpt":{"rendered":"<p>Este hermoso \u00e1baco de madera est\u00e1 dise\u00f1ado para ayudar a los ni\u00f1os y ni\u00f1as en el aprendizaje de habilidades matem\u00e1ticas como el conteo, la suma y la sustracci\u00f3n. El contraste de las fichas de dos colores, 5 rojas y 5 blancas, estimula la habilidad de reconocer una peque\u00f1a cantidad sin la necesidad de contar. De [&hellip;]<\/p>\n","protected":false},"featured_media":622604,"comment_status":"open","ping_status":"closed","template":"","meta":{"_et_pb_use_builder":"","_et_pb_old_content":"","_et_gb_content_width":""},"product_brand":[],"product_cat":[91,90],"product_tag":[],"class_list":{"0":"post-627982","1":"product","2":"type-product","3":"status-publish","4":"has-post-thumbnail","6":"product_cat-accesorios-sala","7":"product_cat-matematicas","8":"pa_edad-3-a-4-anos","9":"pa_edad-4-a-5-anos","10":"pa_edad-5-a-6-anos","11":"pa_edad-6-a-8-anos","12":"pa_marca-viga","13":"pa_medidas-4460","14":"pa_medidas-5-x-20","15":"pa_medidas-5-x-7-cm","17":"first","18":"instock","19":"shipping-taxable","20":"purchasable","21":"product-type-simple"},"aioseo_notices":[],"_links":{"self":[{"href":"https:\/\/aukinkochile.com\/web\/wp-json\/wp\/v2\/product\/627982","targetHints":{"allow":["GET"]}}],"collection":[{"href":"https:\/\/aukinkochile.com\/web\/wp-json\/wp\/v2\/product"}],"about":[{"href":"https:\/\/aukinkochile.com\/web\/wp-json\/wp\/v2\/types\/product"}],"replies":[{"embeddable":true,"href":"https:\/\/aukinkochile.com\/web\/wp-json\/wp\/v2\/comments?post=627982"}],"wp:featuredmedia":[{"embeddable":true,"href":"https:\/\/aukinkochile.com\/web\/wp-json\/wp\/v2\/media\/622604"}],"wp:attachment":[{"href":"https:\/\/aukinkochile.com\/web\/wp-json\/wp\/v2\/media?parent=627982"}],"wp:term":[{"taxonomy":"product_brand","embeddable":true,"href":"https:\/\/aukinkochile.com\/web\/wp-json\/wp\/v2\/product_brand?post=627982"},{"taxonomy":"product_cat","embeddable":true,"href":"https:\/\/aukinkochile.com\/web\/wp-json\/wp\/v2\/product_cat?post=627982"},{"taxonomy":"product_tag","embeddable":true,"href":"https:\/\/aukinkochile.com\/web\/wp-json\/wp\/v2\/product_tag?post=627982"}],"curies":[{"name":"wp","href":"https:\/\/api.w.org\/{rel}","templated":true}]}}