{"id":627973,"date":"2024-04-09T21:30:04","date_gmt":"2024-04-09T21:30:04","guid":{"rendered":"https:\/\/aukinkochile.com\/web\/producto\/tostadora-pan-madera-polar\/"},"modified":"2025-11-06T18:59:32","modified_gmt":"2025-11-06T18:59:32","slug":"tostadora-pan-madera-polar","status":"publish","type":"product","link":"https:\/\/aukinkochile.com\/web\/producto\/tostadora-pan-madera-polar\/","title":{"rendered":"Tostadora Pan Madera"},"content":{"rendered":"<p>Hermosa tostadora de colores suaves para pasar horas de diversi\u00f3n, incluye accesorios: 2 rodajas de pan, 1huevo, 1 queso, 1 mantequilla, 1 plato. Fabricada en madera. De material suave y resistente. Un accesorio ideal para estimular los juegos de imitaci\u00f3n, estos juegos son muy importantes para el desarrollo de ni\u00f1os y ni\u00f1as peque\u00f1as.<\/p>\n<p><p><strong>Material : <\/strong> Madera<\/p>\n<p><strong>C\u00f3digo Aukinko : <\/strong> 18-244215<\/p>\n<p><strong>C\u00f3digo Convenio Marco : <\/strong> x<\/p>\n","protected":false},"excerpt":{"rendered":"<p>Hermosa tostadora de colores suaves para pasar horas de diversi\u00f3n, incluye accesorios: 2 rodajas de pan, 1huevo, 1 queso, 1 mantequilla, 1 plato. Fabricada en madera. De material suave y resistente. Un accesorio ideal para estimular los juegos de imitaci\u00f3n, estos juegos son muy importantes para el desarrollo de ni\u00f1os y ni\u00f1as peque\u00f1as. Material : [&hellip;]<\/p>\n","protected":false},"featured_media":624759,"comment_status":"open","ping_status":"closed","template":"","meta":{"_et_pb_use_builder":"","_et_pb_old_content":"","_et_gb_content_width":""},"product_brand":[],"product_cat":[91,17],"product_tag":[],"class_list":{"0":"post-627973","1":"product","2":"type-product","3":"status-publish","4":"has-post-thumbnail","6":"product_cat-accesorios-sala","7":"product_cat-juegos-de-rol","8":"pa_edad-3-a-4-anos","9":"pa_edad-4-a-5-anos","10":"pa_edad-5-a-6-anos","11":"pa_marca-polar","12":"pa_medidas-8-x-8-x-13-cm","14":"first","15":"instock","16":"shipping-taxable","17":"purchasable","18":"product-type-simple"},"aioseo_notices":[],"_links":{"self":[{"href":"https:\/\/aukinkochile.com\/web\/wp-json\/wp\/v2\/product\/627973","targetHints":{"allow":["GET"]}}],"collection":[{"href":"https:\/\/aukinkochile.com\/web\/wp-json\/wp\/v2\/product"}],"about":[{"href":"https:\/\/aukinkochile.com\/web\/wp-json\/wp\/v2\/types\/product"}],"replies":[{"embeddable":true,"href":"https:\/\/aukinkochile.com\/web\/wp-json\/wp\/v2\/comments?post=627973"}],"wp:featuredmedia":[{"embeddable":true,"href":"https:\/\/aukinkochile.com\/web\/wp-json\/wp\/v2\/media\/624759"}],"wp:attachment":[{"href":"https:\/\/aukinkochile.com\/web\/wp-json\/wp\/v2\/media?parent=627973"}],"wp:term":[{"taxonomy":"product_brand","embeddable":true,"href":"https:\/\/aukinkochile.com\/web\/wp-json\/wp\/v2\/product_brand?post=627973"},{"taxonomy":"product_cat","embeddable":true,"href":"https:\/\/aukinkochile.com\/web\/wp-json\/wp\/v2\/product_cat?post=627973"},{"taxonomy":"product_tag","embeddable":true,"href":"https:\/\/aukinkochile.com\/web\/wp-json\/wp\/v2\/product_tag?post=627973"}],"curies":[{"name":"wp","href":"https:\/\/api.w.org\/{rel}","templated":true}]}}