{"id":627968,"date":"2024-04-09T21:30:02","date_gmt":"2024-04-09T21:30:02","guid":{"rendered":"https:\/\/aukinkochile.com\/web\/producto\/cascabel-madera-c-u\/"},"modified":"2025-11-06T18:59:10","modified_gmt":"2025-11-06T18:59:10","slug":"cascabel-madera-c-u","status":"publish","type":"product","link":"https:\/\/aukinkochile.com\/web\/producto\/cascabel-madera-c-u\/","title":{"rendered":"Cascabel Madera c\/u"},"content":{"rendered":"<p>Este hermoso cascabel es un juego ideal para que los beb\u00e9s sacudan, hagan rodar y sostengan estimulando sus sentidos y activando su atenci\u00f3n. Con colores suaves y divertidos animales impresos que atraer\u00e1n la atenci\u00f3n de los m\u00e1s peque\u00f1os incit\u00e1ndolos a gatear en busca del cascabel. Disponible en 3 colores diferentes.<\/p>\n<p><p><strong>Material : <\/strong> Madera<\/p>\n<p><strong>C\u00f3digo Aukinko : <\/strong> 18-244021<\/p>\n<p><strong>C\u00f3digo Convenio Marco : <\/strong> x<\/p>\n","protected":false},"excerpt":{"rendered":"<p>Este hermoso cascabel es un juego ideal para que los beb\u00e9s sacudan, hagan rodar y sostengan estimulando sus sentidos y activando su atenci\u00f3n. Con colores suaves y divertidos animales impresos que atraer\u00e1n la atenci\u00f3n de los m\u00e1s peque\u00f1os incit\u00e1ndolos a gatear en busca del cascabel. Disponible en 3 colores diferentes. Material : Madera C\u00f3digo Aukinko [&hellip;]<\/p>\n","protected":false},"featured_media":627967,"comment_status":"open","ping_status":"closed","template":"","meta":{"_et_pb_use_builder":"","_et_pb_old_content":"","_et_gb_content_width":""},"product_brand":[],"product_cat":[91,23],"product_tag":[],"class_list":{"0":"post-627968","1":"product","2":"type-product","3":"status-publish","4":"has-post-thumbnail","6":"product_cat-accesorios-sala","7":"product_cat-primeros-anos","8":"pa_edad-0-a-1-ano","9":"pa_marca-polar","10":"pa_medidas-7-cm","12":"first","13":"instock","14":"shipping-taxable","15":"purchasable","16":"product-type-simple"},"aioseo_notices":[],"_links":{"self":[{"href":"https:\/\/aukinkochile.com\/web\/wp-json\/wp\/v2\/product\/627968","targetHints":{"allow":["GET"]}}],"collection":[{"href":"https:\/\/aukinkochile.com\/web\/wp-json\/wp\/v2\/product"}],"about":[{"href":"https:\/\/aukinkochile.com\/web\/wp-json\/wp\/v2\/types\/product"}],"replies":[{"embeddable":true,"href":"https:\/\/aukinkochile.com\/web\/wp-json\/wp\/v2\/comments?post=627968"}],"wp:featuredmedia":[{"embeddable":true,"href":"https:\/\/aukinkochile.com\/web\/wp-json\/wp\/v2\/media\/627967"}],"wp:attachment":[{"href":"https:\/\/aukinkochile.com\/web\/wp-json\/wp\/v2\/media?parent=627968"}],"wp:term":[{"taxonomy":"product_brand","embeddable":true,"href":"https:\/\/aukinkochile.com\/web\/wp-json\/wp\/v2\/product_brand?post=627968"},{"taxonomy":"product_cat","embeddable":true,"href":"https:\/\/aukinkochile.com\/web\/wp-json\/wp\/v2\/product_cat?post=627968"},{"taxonomy":"product_tag","embeddable":true,"href":"https:\/\/aukinkochile.com\/web\/wp-json\/wp\/v2\/product_tag?post=627968"}],"curies":[{"name":"wp","href":"https:\/\/api.w.org\/{rel}","templated":true}]}}